{"id":11915,"date":"2018-03-23T15:46:37","date_gmt":"2018-03-23T15:46:37","guid":{"rendered":"http:\/\/gator4082.temp.domains\/~aquatiss\/produit\/nettoyant-universel-a-diluer\/"},"modified":"2018-09-06T11:01:41","modified_gmt":"2018-09-06T11:01:41","slug":"nettoyant-degraissant-universel-a-diluer","status":"publish","type":"product","link":"https:\/\/aquatiss.com.tn\/fr\/produit\/nettoyant-degraissant-universel-a-diluer\/","title":{"rendered":"Nettoyant d\u00e9graissant Universel \u00e0 diluer"},"content":{"rendered":"<p>Nettoyant d\u00e9graissant Universel \u00e0 diluer ultra puissant<\/p>\n<h4>Sp\u00e9cifications:<\/h4>\n<p>Il permet le nettoyage au quotidien de toutes les salissures, m\u00eame tenaces<br \/>\nUtilisation obligatoire avec des gants.<br \/>\nLe bidon de 5L \u00e0 diluer de 10 \u00e0 15% d&rsquo;eau.<br \/>\nIl permet de nettoyer tous vos carrelages, fen\u00eatre, accessoire salle de bain, tout type de surface et tissu (sauf soie et faux bijoux).<br \/>\nIl est consid\u00e9r\u00e9 comme un d\u00e9tartrant des machines (\u00e0 caf\u00e9, \u00e0 laver\u2026etc.)<\/p>\n<p><a class=\"maxbutton-2 maxbutton maxbutton-pdf\" target=\"_blank\" title=\"PDF\" rel=\"noopener\" href=\"http:\/\/gator4082.temp.domains\/~aquatiss\/wp-content\/uploads\/2018\/03\/Fiche-technique-et-s\u00e9curit\u00e9-universel-\u00e0-dilu\u00e9-Copier.pdf\"><span class='mb-text'>FICHE TECHNIQUE<\/span><\/a> <\/p>\n","protected":false},"excerpt":{"rendered":"<p>Utilisation obligatoire avec des gants<br \/>\nLe bidon de 5L \u00e0 diluer de 10 \u00e0 15% d&#039;eau<\/p>\n","protected":false},"featured_media":11936,"comment_status":"open","ping_status":"closed","template":"","meta":[],"product_cat":[405,421,440,426,108,404,427,454,400,422,423,425],"product_tag":[825],"class_list":["post-11915","product","type-product","status-publish","has-post-thumbnail","hentry","product_cat-article-menager","product_cat-detachant","product_cat-detartrant","product_cat-four","product_cat-hygiene","product_cat-lessive-soin-du-linge","product_cat-nettoyant-inox","product_cat-produit-universel","product_cat-produits-de-nettoyage","product_cat-produits-sanitaires","product_cat-sols","product_cat-vitres","product_tag-produit-universel","pa_contenance-1l","pa_contenance-214","pa_domaine-collectivites","pa_domaine-entreprise","pa_domaine-food","pa_domaine-hotel","pa_domaine-industrie","pa_domaine-medical","pa_domaine-proprete","pa_promos-ventes-flash"],"_links":{"self":[{"href":"https:\/\/aquatiss.com.tn\/fr\/wp-json\/wp\/v2\/product\/11915","targetHints":{"allow":["GET"]}}],"collection":[{"href":"https:\/\/aquatiss.com.tn\/fr\/wp-json\/wp\/v2\/product"}],"about":[{"href":"https:\/\/aquatiss.com.tn\/fr\/wp-json\/wp\/v2\/types\/product"}],"replies":[{"embeddable":true,"href":"https:\/\/aquatiss.com.tn\/fr\/wp-json\/wp\/v2\/comments?post=11915"}],"wp:featuredmedia":[{"embeddable":true,"href":"https:\/\/aquatiss.com.tn\/fr\/wp-json\/wp\/v2\/media\/11936"}],"wp:attachment":[{"href":"https:\/\/aquatiss.com.tn\/fr\/wp-json\/wp\/v2\/media?parent=11915"}],"wp:term":[{"taxonomy":"product_cat","embeddable":true,"href":"https:\/\/aquatiss.com.tn\/fr\/wp-json\/wp\/v2\/product_cat?post=11915"},{"taxonomy":"product_tag","embeddable":true,"href":"https:\/\/aquatiss.com.tn\/fr\/wp-json\/wp\/v2\/product_tag?post=11915"}],"curies":[{"name":"wp","href":"https:\/\/api.w.org\/{rel}","templated":true}]}}