{"id":1217,"date":"2016-12-15T15:47:46","date_gmt":"2016-12-15T14:47:46","guid":{"rendered":"http:\/\/gator4082.temp.domains\/~aquatiss\/?post_type=product&#038;p=1217"},"modified":"2017-12-14T13:13:24","modified_gmt":"2017-12-14T13:13:24","slug":"coffre-fort-haute-secute","status":"publish","type":"product","link":"https:\/\/aquatiss.com.tn\/fr\/produit\/coffre-fort-haute-secute\/","title":{"rendered":"Coffre fort haute s\u00e9curit\u00e9"},"content":{"rendered":"<p>Coffre fort haute s\u00e9curit\u00e9 \u00e9lectronique par code 1 \u00e0 9 chiffres<br \/>\nMunis de 12 p\u00eanes \u00f830 mm<br \/>\n2 cl\u00e9s d&rsquo;urgence -Muni d&rsquo;un coffret \u00e0 l&rsquo;int\u00e9rieur<br \/>\nMuni de 3 \u00e9tages de s\u00e9paration<br \/>\nUn micro syst\u00e8me d&rsquo;alarme d&#8217;emp\u00eacher le vole<br \/>\nProgrammation de code Afficheur \u00e9cran tactile avec \u00e9conomie de consommation, affichage de la date et l&rsquo;heure sur l&rsquo;\u00e9cran<br \/>\nPorte int\u00e9rieur muni d&rsquo;un porte document et des portes \u00e0 cl\u00e9s<br \/>\n2 trous au bas du coffre pour scellement<br \/>\nEpaisseur de t\u00f4le: corps 6 mm -porte 10 mm \u2013 2 corps de cot\u00e9 de 4 mm<br \/>\nDes piles fournit<br \/>\nUn support des piles externe en cas de perte d&rsquo;\u00e9nergie des piles install\u00e9es<\/p>\n","protected":false},"excerpt":{"rendered":"<p>Coffre fort haute s\u00e9curit\u00e9 \u00e9lectronique par code 1 \u00e0 9 chiffres<\/p>\n","protected":false},"featured_media":1602,"comment_status":"open","ping_status":"closed","template":"","meta":[],"product_cat":[222,153],"product_tag":[250],"class_list":["post-1217","product","type-product","status-publish","has-post-thumbnail","hentry","product_cat-coffre-fort","product_cat-securite","product_tag-coffre-fort","pa_color-noir","pa_domaine-entreprise","pa_domaine-hotel","pa_domaine-medical"],"_links":{"self":[{"href":"https:\/\/aquatiss.com.tn\/fr\/wp-json\/wp\/v2\/product\/1217","targetHints":{"allow":["GET"]}}],"collection":[{"href":"https:\/\/aquatiss.com.tn\/fr\/wp-json\/wp\/v2\/product"}],"about":[{"href":"https:\/\/aquatiss.com.tn\/fr\/wp-json\/wp\/v2\/types\/product"}],"replies":[{"embeddable":true,"href":"https:\/\/aquatiss.com.tn\/fr\/wp-json\/wp\/v2\/comments?post=1217"}],"wp:featuredmedia":[{"embeddable":true,"href":"https:\/\/aquatiss.com.tn\/fr\/wp-json\/wp\/v2\/media\/1602"}],"wp:attachment":[{"href":"https:\/\/aquatiss.com.tn\/fr\/wp-json\/wp\/v2\/media?parent=1217"}],"wp:term":[{"taxonomy":"product_cat","embeddable":true,"href":"https:\/\/aquatiss.com.tn\/fr\/wp-json\/wp\/v2\/product_cat?post=1217"},{"taxonomy":"product_tag","embeddable":true,"href":"https:\/\/aquatiss.com.tn\/fr\/wp-json\/wp\/v2\/product_tag?post=1217"}],"curies":[{"name":"wp","href":"https:\/\/api.w.org\/{rel}","templated":true}]}}