{"id":12188,"date":"2018-04-10T08:47:27","date_gmt":"2018-04-10T08:47:27","guid":{"rendered":"http:\/\/gator4082.temp.domains\/~aquatiss\/?post_type=product&#038;p=12188"},"modified":"2019-05-16T09:36:53","modified_gmt":"2019-05-16T09:36:53","slug":"seche-mains-inox-a-bouton-poussoir","status":"publish","type":"product","link":"https:\/\/aquatiss.com.tn\/fr\/produit\/seche-mains-inox-a-bouton-poussoir\/","title":{"rendered":"S\u00e8che mains  inox \u00e0 bouton poussoir"},"content":{"rendered":"<p>S\u00e8che mains\u00a0 inox \u00e0 bouton poussoir<br \/>\nS\u00e8che-mains pour lieux publics avec usage intensif, alliant robustesse, r\u00e9sistance au vandalisme et longue dur\u00e9e de vie.<\/p>\n<h4>Faible impact environnemental :<\/h4>\n<p>Le s\u00e8che-mains r\u00e9pond aux exigences de r\u00e9duction du flux des d\u00e9chets, am\u00e9liore les co\u00fbts d&rsquo;exploitation en \u00e9liminant ou r\u00e9duisant l&rsquo;achat et l&rsquo;enl\u00e8vement de papier usag\u00e9. Pas de d\u00e9chets, pas besoin d\u2019une poubelle, tr\u00e8s peu d\u2019entretien.<\/p>\n<p>Les s\u00e8che-mains minimisent la consommation d&rsquo;\u00e9nergie avec un s\u00e9chage rapide et une faible consommation d&rsquo;\u00e9nergie, pouvant \u00eatre partis d&rsquo;un programme global visant \u00e0 optimiser la performance \u00e9nerg\u00e9tique.<\/p>\n<h4><strong>Caract\u00e9ristiques Techniques<\/strong><\/h4>\n<p>Structure en inox<br \/>\nEncombrement r\u00e9duit<br \/>\nTension d&rsquo;alimentation 220V-230V<br \/>\nPuissance 2300W<br \/>\nfr\u00e9quence 50Hz-IP1<br \/>\nclass II<\/p>\n","protected":false},"excerpt":{"rendered":"<p>Structure en inox<br \/>\nEncombrement r\u00e9duit<br \/>\nTension d&rsquo;alimentation 220V-230V<br \/>\nPuissance 2300W<\/p>\n","protected":false},"featured_media":12189,"comment_status":"open","ping_status":"closed","template":"","meta":[],"product_cat":[149],"product_tag":[200],"class_list":["post-12188","product","type-product","status-publish","has-post-thumbnail","hentry","product_cat-seche-mains","product_tag-seche-main","pa_material-inox","pa_puissance-2300w"],"_links":{"self":[{"href":"https:\/\/aquatiss.com.tn\/fr\/wp-json\/wp\/v2\/product\/12188","targetHints":{"allow":["GET"]}}],"collection":[{"href":"https:\/\/aquatiss.com.tn\/fr\/wp-json\/wp\/v2\/product"}],"about":[{"href":"https:\/\/aquatiss.com.tn\/fr\/wp-json\/wp\/v2\/types\/product"}],"replies":[{"embeddable":true,"href":"https:\/\/aquatiss.com.tn\/fr\/wp-json\/wp\/v2\/comments?post=12188"}],"wp:featuredmedia":[{"embeddable":true,"href":"https:\/\/aquatiss.com.tn\/fr\/wp-json\/wp\/v2\/media\/12189"}],"wp:attachment":[{"href":"https:\/\/aquatiss.com.tn\/fr\/wp-json\/wp\/v2\/media?parent=12188"}],"wp:term":[{"taxonomy":"product_cat","embeddable":true,"href":"https:\/\/aquatiss.com.tn\/fr\/wp-json\/wp\/v2\/product_cat?post=12188"},{"taxonomy":"product_tag","embeddable":true,"href":"https:\/\/aquatiss.com.tn\/fr\/wp-json\/wp\/v2\/product_tag?post=12188"}],"curies":[{"name":"wp","href":"https:\/\/api.w.org\/{rel}","templated":true}]}}