{"id":1219,"date":"2016-12-15T15:56:26","date_gmt":"2016-12-15T14:56:26","guid":{"rendered":"http:\/\/gator4082.temp.domains\/~aquatiss\/?post_type=product&#038;p=1219"},"modified":"2017-12-14T13:22:23","modified_gmt":"2017-12-14T13:22:23","slug":"coffre-fort-haute-securite","status":"publish","type":"product","link":"https:\/\/aquatiss.com.tn\/fr\/produit\/coffre-fort-haute-securite\/","title":{"rendered":"Coffre fort haute s\u00e9curit\u00e9"},"content":{"rendered":"<p>Coffre fort haute s\u00e9curit\u00e9<br \/>\nSyst\u00e8me d&rsquo;ouverture par un code \u00e9lectronique de 1 \u00e0 9 chiffres<br \/>\n10 p\u00eanes ronds \u00f8 30 mm<br \/>\n2 cl\u00e9s pour ouverture d&rsquo;urgence en cas de perte de code<br \/>\nMuni d&rsquo;un coffret \u00e0 l&rsquo;int\u00e9rieur<br \/>\nMuni de 2 \u00e9tages de s\u00e9paration<br \/>\nUn micro syst\u00e8me d&rsquo;alarme d&#8217;emp\u00eacher le vole<br \/>\nDispose d&rsquo;un bouton de programmation int\u00e9rieur<br \/>\nEcran tactile avec \u00e9conomie de consommation<br \/>\nAffichage de la date et l&rsquo;heure sur l&rsquo;\u00e9cran<br \/>\nPorte int\u00e9rieur muni d&rsquo;un porte document et des portes \u00e0 cl\u00e9s<br \/>\n2 trous au bas du coffre pour scellement<br \/>\nEpaisseur t\u00f4le :corps 6mm\u2013 porte 10 mm &#8211; 2 corps de cot\u00e9 de 4mm<br \/>\nDes piles fournit<br \/>\nUn support des piles externe en cas de perte d&rsquo;\u00e9nergie des piles install\u00e9es<\/p>\n","protected":false},"excerpt":{"rendered":"<p>Coffre fort haute s\u00e9curit\u00e9<br \/>\nSyst\u00e8me d&#039;ouverture par un code \u00e9lectronique de 1 \u00e0 9 chiffres<br \/>\n10 p\u00eanes ronds \u00f8 30 mm<\/p>\n","protected":false},"featured_media":1603,"comment_status":"open","ping_status":"closed","template":"","meta":[],"product_cat":[222,153],"product_tag":[250],"class_list":["post-1219","product","type-product","status-publish","has-post-thumbnail","hentry","product_cat-coffre-fort","product_cat-securite","product_tag-coffre-fort","pa_color-noir","pa_domaine-entreprise","pa_domaine-hotel","pa_domaine-industrie"],"_links":{"self":[{"href":"https:\/\/aquatiss.com.tn\/fr\/wp-json\/wp\/v2\/product\/1219","targetHints":{"allow":["GET"]}}],"collection":[{"href":"https:\/\/aquatiss.com.tn\/fr\/wp-json\/wp\/v2\/product"}],"about":[{"href":"https:\/\/aquatiss.com.tn\/fr\/wp-json\/wp\/v2\/types\/product"}],"replies":[{"embeddable":true,"href":"https:\/\/aquatiss.com.tn\/fr\/wp-json\/wp\/v2\/comments?post=1219"}],"wp:featuredmedia":[{"embeddable":true,"href":"https:\/\/aquatiss.com.tn\/fr\/wp-json\/wp\/v2\/media\/1603"}],"wp:attachment":[{"href":"https:\/\/aquatiss.com.tn\/fr\/wp-json\/wp\/v2\/media?parent=1219"}],"wp:term":[{"taxonomy":"product_cat","embeddable":true,"href":"https:\/\/aquatiss.com.tn\/fr\/wp-json\/wp\/v2\/product_cat?post=1219"},{"taxonomy":"product_tag","embeddable":true,"href":"https:\/\/aquatiss.com.tn\/fr\/wp-json\/wp\/v2\/product_tag?post=1219"}],"curies":[{"name":"wp","href":"https:\/\/api.w.org\/{rel}","templated":true}]}}