{"id":1226,"date":"2016-12-15T16:54:49","date_gmt":"2016-12-15T16:54:49","guid":{"rendered":"http:\/\/gator4082.temp.domains\/~aquatiss\/?post_type=product&#038;p=1226"},"modified":"2017-09-16T11:07:39","modified_gmt":"2017-09-16T11:07:39","slug":"coffre-fort-6","status":"publish","type":"product","link":"https:\/\/aquatiss.com.tn\/fr\/produit\/coffre-fort-6\/","title":{"rendered":"Coffre fort"},"content":{"rendered":"<p>Syst\u00e8me d&rsquo;ouverture par un code \u00e9lectronique allant de 1 \u00e0 9 chiffres<br \/>\n4 p\u00eanes ronds \u00f830 mm<br \/>\nEquip\u00e9 d&rsquo;une serrure de bonne qualit\u00e9<br \/>\nFournit avec 2 cl\u00e9s pour ouverture d&rsquo;urgence en cas de perte de code<br \/>\nUn micro syst\u00e8me d&rsquo;alarme d&#8217;emp\u00eacher le vole<br \/>\nProgrammation de code : dispose d&rsquo;un bouton de programmation int\u00e9rieur<br \/>\nAfficheur : \u00e9cran tactile avec \u00e9conomie de consommation, affichage de la date et l&rsquo;heure sur l&rsquo;\u00e9cran<br \/>\nPorte int\u00e9rieur muni d&rsquo;un porte document et des portes \u00e0 cl\u00e9s<br \/>\n2 trous au bas du coffre pour scellement<br \/>\nEpaisseur de t\u00f4le corps 6 mm\u2013porte 10 mm\u20132corps de cot\u00e9 de 4 mm<br \/>\nDes piles fournit<br \/>\nUn support des piles externe en cas de perte d&rsquo;\u00e9nergie des piles install\u00e9es<\/p>\n","protected":false},"excerpt":{"rendered":"<p>Syst\u00e8me d&#039;ouverture par un code \u00e9lectronique allant de 1 \u00e0 9 chiffres<br \/>\n4 p\u00eanes \u00f830 mm<br \/>\nFournit avec 2 cl\u00e9s pour ouverture d&#039;urgence<\/p>\n","protected":false},"featured_media":1608,"comment_status":"open","ping_status":"closed","template":"","meta":[],"product_cat":[222,153],"product_tag":[250],"class_list":["post-1226","product","type-product","status-publish","has-post-thumbnail","hentry","product_cat-coffre-fort","product_cat-securite","product_tag-coffre-fort","pa_color-noir","pa_domaine-entreprise","pa_domaine-hotel","pa_domaine-industrie"],"_links":{"self":[{"href":"https:\/\/aquatiss.com.tn\/fr\/wp-json\/wp\/v2\/product\/1226","targetHints":{"allow":["GET"]}}],"collection":[{"href":"https:\/\/aquatiss.com.tn\/fr\/wp-json\/wp\/v2\/product"}],"about":[{"href":"https:\/\/aquatiss.com.tn\/fr\/wp-json\/wp\/v2\/types\/product"}],"replies":[{"embeddable":true,"href":"https:\/\/aquatiss.com.tn\/fr\/wp-json\/wp\/v2\/comments?post=1226"}],"wp:featuredmedia":[{"embeddable":true,"href":"https:\/\/aquatiss.com.tn\/fr\/wp-json\/wp\/v2\/media\/1608"}],"wp:attachment":[{"href":"https:\/\/aquatiss.com.tn\/fr\/wp-json\/wp\/v2\/media?parent=1226"}],"wp:term":[{"taxonomy":"product_cat","embeddable":true,"href":"https:\/\/aquatiss.com.tn\/fr\/wp-json\/wp\/v2\/product_cat?post=1226"},{"taxonomy":"product_tag","embeddable":true,"href":"https:\/\/aquatiss.com.tn\/fr\/wp-json\/wp\/v2\/product_tag?post=1226"}],"curies":[{"name":"wp","href":"https:\/\/api.w.org\/{rel}","templated":true}]}}