{"id":1228,"date":"2016-12-15T17:04:01","date_gmt":"2016-12-15T17:04:01","guid":{"rendered":"http:\/\/gator4082.temp.domains\/~aquatiss\/?post_type=product&#038;p=1228"},"modified":"2017-09-16T11:06:34","modified_gmt":"2017-09-16T11:06:34","slug":"coffre-fort-electronique-4","status":"publish","type":"product","link":"https:\/\/aquatiss.com.tn\/fr\/produit\/coffre-fort-electronique-4\/","title":{"rendered":"Coffre fort \u00e9lectronique"},"content":{"rendered":"<p>Syst\u00e8me d&rsquo;ouverture par un code \u00e9lectronique de 1 \u00e0 9 chiffres<br \/>\n2 p\u00eanes ronds mobiles \u00f830 mm<br \/>\nFournit avec 2 cl\u00e9s d&rsquo;urgence<br \/>\nEquip\u00e9 d&rsquo;une serrure de bonne qualit\u00e9.<br \/>\nUn micro syst\u00e8me d&rsquo;alarme d&#8217;emp\u00eacher le vole<br \/>\nDispose d&rsquo;un bouton de programmation int\u00e9rieur de code<br \/>\nEcran tactile avec \u00e9conomie de consommation<br \/>\nAffichage de la date et l&rsquo;heure sur l&rsquo;\u00e9cran<br \/>\nPorte int\u00e9rieur muni d&rsquo;un porte document et des portes \u00e0 cl\u00e9s<br \/>\n2 trous au bas du coffre pour scellement<br \/>\nEpaisseur t\u00f4le: corps 6 mm \u2013porte 10mm\u20132 corps de cot\u00e9 de 4 mm<br \/>\nPiles fournit<br \/>\nUn support des piles externe en cas de perte d&rsquo;\u00e9nergie des piles install\u00e9es.<\/p>\n","protected":false},"excerpt":{"rendered":"<p>Syst\u00e8me d&#039;ouverture par un code \u00e9lectronique de 1 \u00e0 9 chiffres<br \/>\n2 p\u00eanes ronds mobiles \u00f830 mm<br \/>\nFournit avec 2 cl\u00e9s d&#039;urgence<\/p>\n","protected":false},"featured_media":1616,"comment_status":"open","ping_status":"closed","template":"","meta":[],"product_cat":[222,153],"product_tag":[250],"class_list":["post-1228","product","type-product","status-publish","has-post-thumbnail","hentry","product_cat-coffre-fort","product_cat-securite","product_tag-coffre-fort","pa_color-noir","pa_domaine-entreprise","pa_domaine-hotel","pa_domaine-industrie"],"_links":{"self":[{"href":"https:\/\/aquatiss.com.tn\/fr\/wp-json\/wp\/v2\/product\/1228","targetHints":{"allow":["GET"]}}],"collection":[{"href":"https:\/\/aquatiss.com.tn\/fr\/wp-json\/wp\/v2\/product"}],"about":[{"href":"https:\/\/aquatiss.com.tn\/fr\/wp-json\/wp\/v2\/types\/product"}],"replies":[{"embeddable":true,"href":"https:\/\/aquatiss.com.tn\/fr\/wp-json\/wp\/v2\/comments?post=1228"}],"wp:featuredmedia":[{"embeddable":true,"href":"https:\/\/aquatiss.com.tn\/fr\/wp-json\/wp\/v2\/media\/1616"}],"wp:attachment":[{"href":"https:\/\/aquatiss.com.tn\/fr\/wp-json\/wp\/v2\/media?parent=1228"}],"wp:term":[{"taxonomy":"product_cat","embeddable":true,"href":"https:\/\/aquatiss.com.tn\/fr\/wp-json\/wp\/v2\/product_cat?post=1228"},{"taxonomy":"product_tag","embeddable":true,"href":"https:\/\/aquatiss.com.tn\/fr\/wp-json\/wp\/v2\/product_tag?post=1228"}],"curies":[{"name":"wp","href":"https:\/\/api.w.org\/{rel}","templated":true}]}}