{"id":12314,"date":"2018-04-17T16:40:32","date_gmt":"2018-04-17T16:40:32","guid":{"rendered":"http:\/\/gator4082.temp.domains\/~aquatiss\/?post_type=product&#038;p=12314"},"modified":"2019-09-30T13:22:34","modified_gmt":"2019-09-30T13:22:34","slug":"distributeur-de-papiers-hygienique","status":"publish","type":"product","link":"https:\/\/aquatiss.com.tn\/fr\/produit\/distributeur-de-papiers-hygienique\/","title":{"rendered":"Distributeur de papiers hygi\u00e9nique"},"content":{"rendered":"<p>Porte Rouleau pratique,\u00e9conomique et Hygi\u00e9nique<\/p>\n<p>Distributeur de papiers hygi\u00e9nique<\/p>\n<h4>Sp\u00e9cifications:<\/h4>\n<p>Mati\u00e8re: en ABS transparent<br \/>\nR\u00e9sistante au choc et \u00e0 l&rsquo;humidit\u00e9 (anti vandalisme)<br \/>\nRep\u00e8re de consommation<br \/>\nVerrouillage par serrure \u00e0 clef<br \/>\nCapacit\u00e9 01 rouleau de \u00d8 max 19cm<\/p>\n","protected":false},"excerpt":{"rendered":"<p>Porte Rouleau hygi\u00e9nique <a href=\"http:\/\/gator4082.temp.domains\/~aquatiss\/nos-produits\/papiers-hygienique-a-02-plis-2\/\">papier\u00a0toilette domestique en rouleau<\/a><\/p>\n<p>&nbsp;<\/p>\n","protected":false},"featured_media":12315,"comment_status":"open","ping_status":"closed","template":"","meta":[],"product_cat":[401,120],"product_tag":[237],"class_list":["post-12314","product","type-product","status-publish","has-post-thumbnail","hentry","product_cat-distributeur","product_cat-distributeur-papier","product_tag-distributeur-de-papier","pa_domaine-collectivites","pa_domaine-entreprise","pa_domaine-food","pa_domaine-hotel","pa_domaine-industrie","pa_domaine-medical","pa_domaine-proprete"],"_links":{"self":[{"href":"https:\/\/aquatiss.com.tn\/fr\/wp-json\/wp\/v2\/product\/12314","targetHints":{"allow":["GET"]}}],"collection":[{"href":"https:\/\/aquatiss.com.tn\/fr\/wp-json\/wp\/v2\/product"}],"about":[{"href":"https:\/\/aquatiss.com.tn\/fr\/wp-json\/wp\/v2\/types\/product"}],"replies":[{"embeddable":true,"href":"https:\/\/aquatiss.com.tn\/fr\/wp-json\/wp\/v2\/comments?post=12314"}],"wp:featuredmedia":[{"embeddable":true,"href":"https:\/\/aquatiss.com.tn\/fr\/wp-json\/wp\/v2\/media\/12315"}],"wp:attachment":[{"href":"https:\/\/aquatiss.com.tn\/fr\/wp-json\/wp\/v2\/media?parent=12314"}],"wp:term":[{"taxonomy":"product_cat","embeddable":true,"href":"https:\/\/aquatiss.com.tn\/fr\/wp-json\/wp\/v2\/product_cat?post=12314"},{"taxonomy":"product_tag","embeddable":true,"href":"https:\/\/aquatiss.com.tn\/fr\/wp-json\/wp\/v2\/product_tag?post=12314"}],"curies":[{"name":"wp","href":"https:\/\/api.w.org\/{rel}","templated":true}]}}