{"id":12390,"date":"2018-04-25T10:16:25","date_gmt":"2018-04-25T10:16:25","guid":{"rendered":"http:\/\/gator4082.temp.domains\/~aquatiss\/?post_type=product&#038;p=12390"},"modified":"2021-10-02T09:19:13","modified_gmt":"2021-10-02T09:19:13","slug":"nettoyeur-haute-pression-eau-froid-chaud-lavor-pro","status":"publish","type":"product","link":"https:\/\/aquatiss.com.tn\/fr\/produit\/nettoyeur-haute-pression-eau-froid-chaud-lavor-pro\/","title":{"rendered":"Nettoyeur haute pression eau froid\/chaud LAVOR PRO"},"content":{"rendered":"<p>Nettoyeur haute pression eau froid\/chaud LAVOR PRO4 p\u00f4les (1450 tr\/min) avec protection thermique et refroidissement par eau<br \/>\nPompe lin\u00e9aire 3 pistons rev\u00eatus c\u00e9ramiques (1Ph), c\u00e9ramique (3Ph), t\u00eate de pompe en laiton avec vanne by-pass incorpor\u00e9e<br \/>\nJoint \u00e9lastique incorpor\u00e9e pour un meilleur accouplement de la pompe<br \/>\nTS : basse tension et arr\u00eat total temporis\u00e9<br \/>\nClapets aspiration \/refoulement acier inox<br \/>\nBr\u00fbleur vertical avec serpentin en acier \u00e0 rendement thermique \u00e9lev\u00e9<br \/>\nThermostat pour la r\u00e9gulation avec sonde an acier hautement sensible<br \/>\nR\u00e9servoir du d\u00e9tergent pour aspiration indirecte<br \/>\nMoteur auxiliaire br\u00fbleur pour refroidissement par air et pompe de gazole \u00e0 double tuyaux<\/p>\n<h4>Sp\u00e9cification techniques:<\/h4>\n<p>Tension 230 V ~ 50 Hz<br \/>\nMax. flux 660 L \/ h<br \/>\nNombre de tours 1.450 min-1<br \/>\nMoteur Moteur \u00e9lectrique \u00e0 4 p\u00f4les avec protection thermique<br \/>\nTemp\u00e9rature de l&rsquo;eau Entr\u00e9e 40 \u00b0 C | Sortie 140 \u00b0 C<br \/>\nLongueur de l&rsquo;intestin 10 m<br \/>\nPression service\/max. 110\/150 bar-1595\/2175 psi<br \/>\nPuissance absorb\u00e9e\/tension 3000W-230V~50Hz 1ph<\/p>\n","protected":false},"excerpt":{"rendered":"<p>Nettoyeur haute pression eau froid\/chaud LAVOR PRO\u00a04 p\u00f4les (1450 tr\/min) avec protection thermique et refroidissement par eau<br \/>\nPompe lin\u00e9aire 3 pistons<br \/>\nTS : basse tension et arr\u00eat total temporis\u00e9<br \/>\nClapets aspiration \/refoulement acier inox<\/p>\n","protected":false},"featured_media":12391,"comment_status":"open","ping_status":"closed","template":"","meta":[],"product_cat":[134],"product_tag":[386],"class_list":["post-12390","product","type-product","status-publish","has-post-thumbnail","hentry","product_cat-nettoyeurs-haute-pression","product_tag-nettoyeur"],"_links":{"self":[{"href":"https:\/\/aquatiss.com.tn\/fr\/wp-json\/wp\/v2\/product\/12390","targetHints":{"allow":["GET"]}}],"collection":[{"href":"https:\/\/aquatiss.com.tn\/fr\/wp-json\/wp\/v2\/product"}],"about":[{"href":"https:\/\/aquatiss.com.tn\/fr\/wp-json\/wp\/v2\/types\/product"}],"replies":[{"embeddable":true,"href":"https:\/\/aquatiss.com.tn\/fr\/wp-json\/wp\/v2\/comments?post=12390"}],"wp:featuredmedia":[{"embeddable":true,"href":"https:\/\/aquatiss.com.tn\/fr\/wp-json\/wp\/v2\/media\/12391"}],"wp:attachment":[{"href":"https:\/\/aquatiss.com.tn\/fr\/wp-json\/wp\/v2\/media?parent=12390"}],"wp:term":[{"taxonomy":"product_cat","embeddable":true,"href":"https:\/\/aquatiss.com.tn\/fr\/wp-json\/wp\/v2\/product_cat?post=12390"},{"taxonomy":"product_tag","embeddable":true,"href":"https:\/\/aquatiss.com.tn\/fr\/wp-json\/wp\/v2\/product_tag?post=12390"}],"curies":[{"name":"wp","href":"https:\/\/api.w.org\/{rel}","templated":true}]}}