{"id":12393,"date":"2018-04-25T10:25:27","date_gmt":"2018-04-25T10:25:27","guid":{"rendered":"http:\/\/gator4082.temp.domains\/~aquatiss\/?post_type=product&#038;p=12393"},"modified":"2021-10-01T16:31:38","modified_gmt":"2021-10-01T16:31:38","slug":"nettoyeur-haute-pression-eau-lavor-pro","status":"publish","type":"product","link":"https:\/\/aquatiss.com.tn\/fr\/produit\/nettoyeur-haute-pression-eau-lavor-pro\/","title":{"rendered":"Nettoyeur haute pression eau  LAVOR PRO"},"content":{"rendered":"<p>Nettoyeur haute pression eau froid LAVOR PRO \u00e9quip\u00e9 d&rsquo;un moteur de\u00a07000 W\u00a0permettant d&rsquo;obtenir une pression maximale de\u00a0200 bars\u00a0avec un d\u00e9bit d&rsquo;eau maximum de\u00a0900 L\/h.<\/p>\n<p>Moteur \u00e9lectrique 4 p\u00f4les (1450 tr\/min) avec protection thermique et refroidissement par eau<br \/>\nPompe lin\u00e9aire 3 pistons rev\u00eatus c\u00e9ramiques, t\u00eate de pompe en laiton avec vanne by-pass incorpor\u00e9e<br \/>\nT.S.: basse tension et Arr\u00eat Total temporis\u00e9<br \/>\nClapets aspiration \/ refoulement acier inox<br \/>\nR\u00e9servoir du d\u00e9tergent avec tube externe<br \/>\nR\u00e9gulateur de pression<br \/>\nManom\u00e8tre \u00e0 bain de glyc\u00e9rine<br \/>\nCh\u00e2ssis acier<br \/>\nCouvercle acier<br \/>\n<strong><u>Livr\u00e9 avec :<\/u><\/strong><br \/>\nPistolet M22 &#8211; 3\/8 avec accouplement rapide rotatif<br \/>\nLance M22 haute\/basse pression<br \/>\nBuse h.p. 045<br \/>\nFlexible haute pression 10 m<br \/>\nC\u00e2ble d&rsquo;alimentation 6 m<\/p>\n<h5>Sp\u00e9cification techniques:<\/h5>\n<p>Pression service \/max 200bar-2900psi<\/p>\n<p>D\u00e9bit 900l\/h-3.96Gpm<\/p>\n<p>Puissance absorb\u00e9e\/tension 7000w-400V-50HZ 3ph<\/p>\n<p>Type de motopompe\/RPM\u00a0 MPW5\/1450 RPM<\/p>\n<p>Temp\u00e9rature entr\u00e9e max 40\u00b0c<\/p>\n","protected":false},"excerpt":{"rendered":"<p>Nettoyeur haute pression eau froid LAVOR PRO \u00e9quip\u00e9 d&rsquo;un moteur de\u00a07000 W<\/p>\n<p>Une pression maximale de\u00a0200 bars<\/p>\n<p>D\u00e9bit d&rsquo;eau maximum de\u00a0900 L\/h.<\/p>\n[maxbutton id=\u00a0\u00bb2&Prime; url=\u00a0\u00bb[maxbutton id=\"2\" url=\"https:\/\/aquatiss.com.tn\/wp-content\/uploads\/2018\/04\/Notice-PDF-nettoyeur-haute-hyper-c-2015.jpg\" ]\n","protected":false},"featured_media":12394,"comment_status":"open","ping_status":"closed","template":"","meta":[],"product_cat":[134],"product_tag":[386],"class_list":["post-12393","product","type-product","status-publish","has-post-thumbnail","hentry","product_cat-nettoyeurs-haute-pression","product_tag-nettoyeur"],"_links":{"self":[{"href":"https:\/\/aquatiss.com.tn\/fr\/wp-json\/wp\/v2\/product\/12393","targetHints":{"allow":["GET"]}}],"collection":[{"href":"https:\/\/aquatiss.com.tn\/fr\/wp-json\/wp\/v2\/product"}],"about":[{"href":"https:\/\/aquatiss.com.tn\/fr\/wp-json\/wp\/v2\/types\/product"}],"replies":[{"embeddable":true,"href":"https:\/\/aquatiss.com.tn\/fr\/wp-json\/wp\/v2\/comments?post=12393"}],"wp:featuredmedia":[{"embeddable":true,"href":"https:\/\/aquatiss.com.tn\/fr\/wp-json\/wp\/v2\/media\/12394"}],"wp:attachment":[{"href":"https:\/\/aquatiss.com.tn\/fr\/wp-json\/wp\/v2\/media?parent=12393"}],"wp:term":[{"taxonomy":"product_cat","embeddable":true,"href":"https:\/\/aquatiss.com.tn\/fr\/wp-json\/wp\/v2\/product_cat?post=12393"},{"taxonomy":"product_tag","embeddable":true,"href":"https:\/\/aquatiss.com.tn\/fr\/wp-json\/wp\/v2\/product_tag?post=12393"}],"curies":[{"name":"wp","href":"https:\/\/api.w.org\/{rel}","templated":true}]}}