{"id":12590,"date":"2018-05-11T15:33:37","date_gmt":"2018-05-11T15:33:37","guid":{"rendered":"http:\/\/gator4082.temp.domains\/~aquatiss\/produit\/poubelle-collecte-dechets-avec-couvercle-noir-90l\/"},"modified":"2021-08-30T08:51:27","modified_gmt":"2021-08-30T08:51:27","slug":"poubelle-collecte-dechets-avec-couvercle-noir-90l","status":"publish","type":"product","link":"https:\/\/aquatiss.com.tn\/fr\/produit\/poubelle-collecte-dechets-avec-couvercle-noir-90l\/","title":{"rendered":"Poubelle collecte d\u00e9chets avec couvercle NOIR 90L"},"content":{"rendered":"<p>Poubelle collecte d\u00e9chets avec couvercle NOIR 90L<\/p>\n<h3>Sp\u00e9cifications:<\/h3>\n<p>Vous permettra de collecter simplement les d\u00e9chets en milieu alimentaire (conforme \u00e0 la nome <strong>HACCP).<\/strong><br \/>\nElle est <strong>facilement lavable<\/strong> et s\u00e8che rapidement.<br \/>\nIl vous permet de\u00a0 jeter rapidement et proprement vos d\u00e9chets.<br \/>\nAvec sa contenance de 90l, la poubelle poss\u00e8de une grande capacit\u00e9 de stockage des d\u00e9chets.<br \/>\nElle est extr\u00eamement <strong>fonctionnelle<\/strong> avec ses poign\u00e9es de transport .<br \/>\nAdapt\u00e9 au milieu m\u00e9dicale ou cuisine<br \/>\nPlastique poly\u00e9thyl\u00e8ne<br \/>\nEntretien facile<\/p>\n","protected":false},"excerpt":{"rendered":"<p>Adapt\u00e9 milieu m\u00e9dicale ou cuisine.<br \/>\nPlastique poly\u00e9thyl\u00e8ne.<br \/>\nEntretien facile.<\/p>\n","protected":false},"featured_media":12595,"comment_status":"open","ping_status":"closed","template":"","meta":[],"product_cat":[290,289,113,108,293,300,295],"product_tag":[331,278],"class_list":["post-12590","product","type-product","status-publish","has-post-thumbnail","hentry","product_cat-collecteur-de-dechet-exterieur","product_cat-collecteur-de-dechet-interieur","product_cat-collecteur-de-dechets","product_cat-hygiene","product_cat-poubelles","product_cat-poubelles-a-pedale","product_cat-poubelles-interieure","product_tag-collecte-des-dechets","product_tag-poubelle","pa_color-noir","pa_contenance-80l","pa_domaine-collectivites","pa_domaine-entreprise","pa_domaine-food","pa_domaine-hotel","pa_domaine-industrie","pa_domaine-medical","pa_domaine-proprete","pa_promos-ventes-flash"],"_links":{"self":[{"href":"https:\/\/aquatiss.com.tn\/fr\/wp-json\/wp\/v2\/product\/12590","targetHints":{"allow":["GET"]}}],"collection":[{"href":"https:\/\/aquatiss.com.tn\/fr\/wp-json\/wp\/v2\/product"}],"about":[{"href":"https:\/\/aquatiss.com.tn\/fr\/wp-json\/wp\/v2\/types\/product"}],"replies":[{"embeddable":true,"href":"https:\/\/aquatiss.com.tn\/fr\/wp-json\/wp\/v2\/comments?post=12590"}],"wp:featuredmedia":[{"embeddable":true,"href":"https:\/\/aquatiss.com.tn\/fr\/wp-json\/wp\/v2\/media\/12595"}],"wp:attachment":[{"href":"https:\/\/aquatiss.com.tn\/fr\/wp-json\/wp\/v2\/media?parent=12590"}],"wp:term":[{"taxonomy":"product_cat","embeddable":true,"href":"https:\/\/aquatiss.com.tn\/fr\/wp-json\/wp\/v2\/product_cat?post=12590"},{"taxonomy":"product_tag","embeddable":true,"href":"https:\/\/aquatiss.com.tn\/fr\/wp-json\/wp\/v2\/product_tag?post=12590"}],"curies":[{"name":"wp","href":"https:\/\/api.w.org\/{rel}","templated":true}]}}