{"id":12623,"date":"2018-05-15T10:27:32","date_gmt":"2018-05-15T10:27:32","guid":{"rendered":"http:\/\/gator4082.temp.domains\/~aquatiss\/?post_type=product&#038;p=12623"},"modified":"2019-01-10T11:49:04","modified_gmt":"2019-01-10T11:49:04","slug":"compteuse-et-trieuse-de-billets-multi-devises-detection-faux-billet","status":"publish","type":"product","link":"https:\/\/aquatiss.com.tn\/fr\/produit\/compteuse-et-trieuse-de-billets-multi-devises-detection-faux-billet\/","title":{"rendered":"Compteuse et trieuse de billets Multi-Devises et D\u00e9tecteur des faux billets"},"content":{"rendered":"<p>Compteuse et trieuse de billets Multi-Devises- D\u00e9tection faux billet<br \/>\nUne compteuse valorisatrice de billets de banque de la derni\u00e8re g\u00e9n\u00e9ration.<\/p>\n<h4>Compteuse de Billets double poches<\/h4>\n<p>Pour un comptage continu et sans arr\u00eat, cette machine est \u00e9quip\u00e9e par une <strong>poche de rejet<\/strong> pour rediriger les billets suspects.<\/p>\n<h4>D\u00e9tecteur de faux billets:<\/h4>\n<p>La machine dispose des derniers capteurs de d\u00e9tection des faux billets et offre une fiabilit\u00e9 in\u00e9gal\u00e9e.<\/p>\n<h4>Compteuse professionnel:<\/h4>\n<p>Sa construction et ses pi\u00e8ces font d\u2018elle une compteuse \u00e0 usage professionnel et intensif recommand\u00e9e pour les banques.<br \/>\nCompteuse performante:<br \/>\nUn logiciel \u00e0 la pointe et \u00e9volutif est install\u00e9 sur la machine permettant la mise \u00e0 jour des nouveaux coupons ou le retrait des anciens billets.<br \/>\nUne fonction de tri, permet de trier les billets selon la valeur faciale, l\u2019orientation du billet et la face du billet afin de faciliter l\u2019alimentation des distributeurs automatiques.<br \/>\nReconnaissance des num\u00e9ros de S\u00e9rie des billets<br \/>\nImpression du rapport de comptage<\/p>\n<p><a class=\"maxbutton-2 maxbutton maxbutton-pdf\" target=\"_blank\" title=\"PDF\" rel=\"noopener\" href=\"http:\/\/gator4082.temp.domains\/~aquatiss\/wp-content\/uploads\/2018\/05\/compteuse-de-billet-pro.pdf\"><span class='mb-text'>FICHE TECHNIQUE<\/span><\/a><\/p>\n<p>&nbsp;<\/p>\n","protected":false},"excerpt":{"rendered":"<p>Compteuse de billets Multi-Devise<br \/>\n<strong>D\u00e9tection automatique de la monnaies compt\u00e9e<\/strong><br \/>\n<strong>Un comptage continu et sans arr\u00eat<\/strong><br \/>\n<strong>D\u00e9tection des faux billets<\/strong><br \/>\n<strong>Permet de trier les billets<\/strong><\/p>\n<p><span style=\"color: #ff0000;\">\u00a0Garantie 12 Mois<\/span><\/p>\n","protected":false},"featured_media":12624,"comment_status":"open","ping_status":"closed","template":"","meta":[],"product_cat":[219,220,223],"product_tag":[246],"class_list":["post-12623","product","type-product","status-publish","has-post-thumbnail","hentry","product_cat-compteuse","product_cat-compteuse-de-billets","product_cat-detecteur-de-faux-billets","product_tag-compteuse-de-billets"],"_links":{"self":[{"href":"https:\/\/aquatiss.com.tn\/fr\/wp-json\/wp\/v2\/product\/12623","targetHints":{"allow":["GET"]}}],"collection":[{"href":"https:\/\/aquatiss.com.tn\/fr\/wp-json\/wp\/v2\/product"}],"about":[{"href":"https:\/\/aquatiss.com.tn\/fr\/wp-json\/wp\/v2\/types\/product"}],"replies":[{"embeddable":true,"href":"https:\/\/aquatiss.com.tn\/fr\/wp-json\/wp\/v2\/comments?post=12623"}],"wp:featuredmedia":[{"embeddable":true,"href":"https:\/\/aquatiss.com.tn\/fr\/wp-json\/wp\/v2\/media\/12624"}],"wp:attachment":[{"href":"https:\/\/aquatiss.com.tn\/fr\/wp-json\/wp\/v2\/media?parent=12623"}],"wp:term":[{"taxonomy":"product_cat","embeddable":true,"href":"https:\/\/aquatiss.com.tn\/fr\/wp-json\/wp\/v2\/product_cat?post=12623"},{"taxonomy":"product_tag","embeddable":true,"href":"https:\/\/aquatiss.com.tn\/fr\/wp-json\/wp\/v2\/product_tag?post=12623"}],"curies":[{"name":"wp","href":"https:\/\/api.w.org\/{rel}","templated":true}]}}