{"id":1272,"date":"2016-12-16T15:55:05","date_gmt":"2016-12-16T15:55:05","guid":{"rendered":"http:\/\/gator4082.temp.domains\/~aquatiss\/?post_type=product&#038;p=1272"},"modified":"2025-12-22T11:43:24","modified_gmt":"2025-12-22T11:43:24","slug":"diffuseur-vapo-pro-rolls-darome-150-m3","status":"publish","type":"product","link":"https:\/\/aquatiss.com.tn\/fr\/produit\/diffuseur-vapo-pro-rolls-darome-150-m3\/","title":{"rendered":"Diffuseur Vapo pro roll&rsquo;s d&rsquo;ar\u00f4me 150 m\u00b3"},"content":{"rendered":"<p>Un ar\u00f4me discret,mais perceptible et un design sobre : tel est le diffuseur Roll&rsquo;s.<br \/>\nIl diffuse votre ar\u00f4me pr\u00e9f\u00e9r\u00e9 en silence, il transforme l&rsquo;eau additionn\u00e9e d&rsquo;huile essentielle en brouillard extra fin.<br \/>\nLe vaporisation Roll&rsquo;s diffuse un parfum et cr\u00e9e un espaces de bien-\u00eatre.<\/p>\n<p>-Diffuseur de parfum par vaporisation<br \/>\n-Produit une brume micro fine qui se dissout instantan\u00e9ment<br \/>\n-Gr\u00e2ce \u00e0 une humidification chaude pouvant \u00eatre mise en marche<br \/>\n-Puissance vaporisation r\u00e9glable en trois niveaux<br \/>\n-Hygrostat pour une humidit\u00e9 constante de l&rsquo;air (40%-80%)<br \/>\n-Fonction de minuteur (1-12h)<br \/>\n-Tableau de commande avec touche<br \/>\n-Champ d&rsquo;affichage LED bien lisible<br \/>\n-Buse de sortie en deux parties et pivot-able \u00e0 360\u00b0<br \/>\n-Arr\u00eat automatique lorsque le r\u00e9servoir d&rsquo;eau est vide<br \/>\n-Capacit\u00e9 du r\u00e9servoir d&rsquo;eau:6,0 l<br \/>\n-Cartouche d\u00e9tartrant contre les d\u00e9p\u00f4ts calcaires<br \/>\n-Couleur noir<br \/>\n-Puissance 30 watt \u00e0 280 watt (selon la programmation)<br \/>\n-Voltage \/ fr\u00e9quence 220-240V~ \/150 m3<br \/>\n-D\u00e9bit max.600 ml\/h<br \/>\n-Niveau environ 26 dB(A)<br \/>\n-Pi\u00e8ces de rechanges: Buse de sortie, R\u00e9servoir d&rsquo;eau sans couvercle, Canal r\u00e9servoir, Tapis en feutre, Ar\u00f4me box<\/p>\n","protected":false},"excerpt":{"rendered":"<p>Un ar\u00f4me discret,mais perceptible et un design sobre : tel est le diffuseur Roll&rsquo;s.<br \/>\nIl diffuse votre ar\u00f4me pr\u00e9f\u00e9r\u00e9 en silence, il transforme l&rsquo;eau additionn\u00e9e d&rsquo;huile essentielle en brouillard extra fin.<\/p>\n","protected":false},"featured_media":1625,"comment_status":"open","ping_status":"closed","template":"","meta":[],"product_cat":[164,117,2056,108],"product_tag":[277],"class_list":["post-1272","product","type-product","status-publish","has-post-thumbnail","hentry","product_cat-bureautique","product_cat-diffuseur-de-parfum","product_cat-gamme-rolls","product_cat-hygiene","product_tag-diffuseur-de-parfum","pa_domaine-collectivites","pa_domaine-entreprise","pa_domaine-food","pa_domaine-hotel","pa_domaine-industrie","pa_domaine-medical"],"_links":{"self":[{"href":"https:\/\/aquatiss.com.tn\/fr\/wp-json\/wp\/v2\/product\/1272","targetHints":{"allow":["GET"]}}],"collection":[{"href":"https:\/\/aquatiss.com.tn\/fr\/wp-json\/wp\/v2\/product"}],"about":[{"href":"https:\/\/aquatiss.com.tn\/fr\/wp-json\/wp\/v2\/types\/product"}],"replies":[{"embeddable":true,"href":"https:\/\/aquatiss.com.tn\/fr\/wp-json\/wp\/v2\/comments?post=1272"}],"wp:featuredmedia":[{"embeddable":true,"href":"https:\/\/aquatiss.com.tn\/fr\/wp-json\/wp\/v2\/media\/1625"}],"wp:attachment":[{"href":"https:\/\/aquatiss.com.tn\/fr\/wp-json\/wp\/v2\/media?parent=1272"}],"wp:term":[{"taxonomy":"product_cat","embeddable":true,"href":"https:\/\/aquatiss.com.tn\/fr\/wp-json\/wp\/v2\/product_cat?post=1272"},{"taxonomy":"product_tag","embeddable":true,"href":"https:\/\/aquatiss.com.tn\/fr\/wp-json\/wp\/v2\/product_tag?post=1272"}],"curies":[{"name":"wp","href":"https:\/\/api.w.org\/{rel}","templated":true}]}}