{"id":12772,"date":"2018-05-29T11:03:24","date_gmt":"2018-05-29T11:03:24","guid":{"rendered":"http:\/\/gator4082.temp.domains\/~aquatiss\/produit\/destructeurs-dinsectes-professionel-2x15w\/"},"modified":"2022-12-27T14:35:54","modified_gmt":"2022-12-27T14:35:54","slug":"destructeurs-dinsectes-professionnel-2x15w-moel","status":"publish","type":"product","link":"https:\/\/aquatiss.com.tn\/fr\/produit\/destructeurs-dinsectes-professionnel-2x15w-moel\/","title":{"rendered":"Destructeurs d&rsquo;insectes professionnel 2x15W MOEL"},"content":{"rendered":"<p>Destructeurs d&rsquo;insectes professionnel 2x15W MOEL<\/p>\n<p>Id\u00e9al pour les pi\u00e8ces de taille moyenne, ce mod\u00e8le combine les caract\u00e9ristiques de compacit\u00e9 et de r\u00e9sistance extr\u00eames, une extr\u00eame facilit\u00e9 de nettoyage.<\/p>\n<p>\u00c9l\u00e9gant, discret, efficace, le produit garantit des performances et une qualit\u00e9 inchang\u00e9es dans le temps.<\/p>\n<p>cet\u00a0tue mouche Electrique, Anti Moustiques, est couvert par une garantie\u00a0 \u00e0 l&rsquo;exception des lampes qui doivent \u00eatre remplac\u00e9es chaque ann\u00e9e.<br \/>\n\u00c9quip\u00e9 d&rsquo;une lampe UV-A de 15 W et d&rsquo;une port\u00e9e d&rsquo;environ 8-10 mt.<br \/>\nProtection IPX3 contre la pluie.<br \/>\nLes grilles et les pi\u00e8ces en plastique sont test\u00e9es contre l&rsquo;oxydation (test de vapeur de sel), le corps entier est test\u00e9 pour durer \u00e0 la fois dans des conditions extr\u00eames de chaleur et de s\u00e9cheresse et pour r\u00e9sister au froid.<br \/>\nLes grilles maintiennent leur efficacit\u00e9 dans le temps car la d\u00e9charge haute tension et les lames \u00e9lectrifi\u00e9es assurent qu&rsquo;elles ne se salissent pas.<\/p>\n<p>&nbsp;<\/p>\n<h4>Sp\u00e9cifications techniques:<\/h4>\n<p>-Tension d&rsquo;alimentation: 230V ~ 50Hz<br \/>\n-Tension de d\u00e9charge: 5000V<br \/>\n-Consommation totale: 35W<br \/>\n-Lampes UV-A: 1x15W-Lampe UV anti-insectes anti moustique tue mouche &#8230;<br \/>\n-Dur\u00e9e de vie de la lampe: 1500 h<br \/>\n-\u00c9quipement standard: Cha\u00eene<br \/>\n-Degr\u00e9 de protection contre l&rsquo;eau: IPX3<br \/>\n-Classe d&rsquo;isolation: II<\/p>\n","protected":false},"excerpt":{"rendered":"<p>-Tension d&rsquo;alimentation: 230V ~ 50Hz<br \/>\n-Tension de d\u00e9charge: 5000V<br \/>\n-Consommation totale: 35W<br \/>\n-Lampes UV-A: 1x15W<br \/>\n-Dur\u00e9e de vie de la lampe: 1500 h<br \/>\n-\u00c9quipement standard: Cha\u00eene<br \/>\n-Degr\u00e9 de protection contre l&rsquo;eau: IPX3<br \/>\n-Classe d&rsquo;isolation: II<\/p>\n","protected":false},"featured_media":12775,"comment_status":"open","ping_status":"closed","template":"","meta":[],"product_cat":[116,108],"product_tag":[700],"class_list":["post-12772","product","type-product","status-publish","has-post-thumbnail","hentry","product_cat-destructeur-dinsectes","product_cat-hygiene","product_tag-destructeurs-dinsecte","pa_domaine-collectivites","pa_domaine-entreprise","pa_domaine-food","pa_domaine-hotel","pa_domaine-industrie","pa_domaine-medical","pa_puissance-2x15w"],"_links":{"self":[{"href":"https:\/\/aquatiss.com.tn\/fr\/wp-json\/wp\/v2\/product\/12772","targetHints":{"allow":["GET"]}}],"collection":[{"href":"https:\/\/aquatiss.com.tn\/fr\/wp-json\/wp\/v2\/product"}],"about":[{"href":"https:\/\/aquatiss.com.tn\/fr\/wp-json\/wp\/v2\/types\/product"}],"replies":[{"embeddable":true,"href":"https:\/\/aquatiss.com.tn\/fr\/wp-json\/wp\/v2\/comments?post=12772"}],"wp:featuredmedia":[{"embeddable":true,"href":"https:\/\/aquatiss.com.tn\/fr\/wp-json\/wp\/v2\/media\/12775"}],"wp:attachment":[{"href":"https:\/\/aquatiss.com.tn\/fr\/wp-json\/wp\/v2\/media?parent=12772"}],"wp:term":[{"taxonomy":"product_cat","embeddable":true,"href":"https:\/\/aquatiss.com.tn\/fr\/wp-json\/wp\/v2\/product_cat?post=12772"},{"taxonomy":"product_tag","embeddable":true,"href":"https:\/\/aquatiss.com.tn\/fr\/wp-json\/wp\/v2\/product_tag?post=12772"}],"curies":[{"name":"wp","href":"https:\/\/api.w.org\/{rel}","templated":true}]}}