{"id":12949,"date":"2018-06-18T12:21:20","date_gmt":"2018-06-18T12:21:20","guid":{"rendered":"http:\/\/gator4082.temp.domains\/~aquatiss\/produit\/bouilloire-duchesse-0-6-0-8-1l\/"},"modified":"2018-06-18T14:59:44","modified_gmt":"2018-06-18T14:59:44","slug":"bouilloire-duchesse-0-6-0-8-1l","status":"publish","type":"product","link":"https:\/\/aquatiss.com.tn\/fr\/produit\/bouilloire-duchesse-0-6-0-8-1l\/","title":{"rendered":"Bouilloire DUCHESSE 0.6-0.8-1L"},"content":{"rendered":"<p>Bouilloire DUCHESSE 0.6-0.8-1L<br \/>\nLarge choix de capacit\u00e9<br \/>\n<a href=\"http:\/\/gator4082.temp.domains\/~aquatiss\"><img decoding=\"async\"  src=\"http:\/\/gator4082.temp.domains\/~aquatiss\/wp-content\/uploads\/2018\/06\/347-bouilloire.jpg\" alt=\"347-bouilloire\" width=\"117\" height=\"132\" srcset=\"https:\/\/aquatiss.com.tn\/wp-content\/uploads\/2018\/06\/347-bouilloire.jpg 288w, https:\/\/aquatiss.com.tn\/wp-content\/uploads\/2018\/06\/347-bouilloire-265x300.jpg 265w\" sizes=\"(max-width: 117px) 100vw, 117px\" class=\"wp-image-12969 alignleft no-lazyload\" \/><\/a><\/p>\n<p>Mise hors tension facilit\u00e9e par la simple prise en main de la poign\u00e9e<\/p>\n<p>&nbsp;<\/p>\n<p>&nbsp;<\/p>\n<p><a href=\"http:\/\/gator4082.temp.domains\/~aquatiss\"><img decoding=\"async\"  src=\"http:\/\/gator4082.temp.domains\/~aquatiss\/wp-content\/uploads\/2018\/06\/347-bouilloire2.jpg\" alt=\"347-bouilloire2\" width=\"118\" height=\"133\" srcset=\"https:\/\/aquatiss.com.tn\/wp-content\/uploads\/2018\/06\/347-bouilloire2.jpg 288w, https:\/\/aquatiss.com.tn\/wp-content\/uploads\/2018\/06\/347-bouilloire2-265x300.jpg 265w\" sizes=\"(max-width: 118px) 100vw, 118px\" class=\"wp-image-12970 alignleft no-lazyload\" \/><\/a>Nettoyage facilit\u00e9 par un large diam\u00e8tre d\u2019ouverture<br \/>\nVisualisation du niveau d\u2019eau<\/p>\n<p>&nbsp;<\/p>\n<p>&nbsp;<\/p>\n<p>&nbsp;<\/p>\n<p>S\u00e9curis\u00e9e : Poign\u00e9e SwitchSafe<br \/>\nArr\u00eat automatique \u00e0 l\u2019\u00e9bullition et \u00e0 vide<\/p>\n<h4>Sp\u00e9cifications techniques:<\/h4>\n<p>Puissance nominale :-0,6 L : 800 W<br \/>\n-0,8 et 1 L : 1250 W<br \/>\nTension d\u2019alimentation : 230 V<br \/>\nClasse I<br \/>\nRotation \u00e0 360\u00b0 sur le socle<br \/>\nT\u00e9moin de fonctionnement<br \/>\nLongueur cordon : 60 cm<br \/>\nSoumis \u00e0 l\u2019Eco recyclage<\/p>\n","protected":false},"excerpt":{"rendered":"<p>Large choix de capacit\u00e9<br \/>\nNettoyage facilit\u00e9 par un large diam\u00e8tre d\u2019ouverture<br \/>\nVisualisation du niveau d\u2019eau<br \/>\nS\u00e9curis\u00e9e : Poign\u00e9e SwitchSafe<br \/>\nArr\u00eat automatique \u00e0 l\u2019\u00e9bullition et \u00e0 vide<\/p>\n<p><strong>Garantie 1 an<\/strong><\/p>\n","protected":false},"featured_media":12957,"comment_status":"open","ping_status":"closed","template":"","meta":[],"product_cat":[507],"product_tag":[1304],"class_list":["post-12949","product","type-product","status-publish","has-post-thumbnail","hentry","product_cat-bouilloire-individuelle","product_tag-bouilloire","pa_alimentation-electrique-ac-230v-50-hz","pa_color-noir","pa_color-blanc","pa_color-ivoire","pa_contenance-0-6l","pa_contenance-0-8l","pa_contenance-1l","pa_domaine-hotel","pa_puissance-1250w"],"_links":{"self":[{"href":"https:\/\/aquatiss.com.tn\/fr\/wp-json\/wp\/v2\/product\/12949","targetHints":{"allow":["GET"]}}],"collection":[{"href":"https:\/\/aquatiss.com.tn\/fr\/wp-json\/wp\/v2\/product"}],"about":[{"href":"https:\/\/aquatiss.com.tn\/fr\/wp-json\/wp\/v2\/types\/product"}],"replies":[{"embeddable":true,"href":"https:\/\/aquatiss.com.tn\/fr\/wp-json\/wp\/v2\/comments?post=12949"}],"wp:featuredmedia":[{"embeddable":true,"href":"https:\/\/aquatiss.com.tn\/fr\/wp-json\/wp\/v2\/media\/12957"}],"wp:attachment":[{"href":"https:\/\/aquatiss.com.tn\/fr\/wp-json\/wp\/v2\/media?parent=12949"}],"wp:term":[{"taxonomy":"product_cat","embeddable":true,"href":"https:\/\/aquatiss.com.tn\/fr\/wp-json\/wp\/v2\/product_cat?post=12949"},{"taxonomy":"product_tag","embeddable":true,"href":"https:\/\/aquatiss.com.tn\/fr\/wp-json\/wp\/v2\/product_tag?post=12949"}],"curies":[{"name":"wp","href":"https:\/\/api.w.org\/{rel}","templated":true}]}}