{"id":12971,"date":"2018-06-18T13:09:37","date_gmt":"2018-06-18T13:09:37","guid":{"rendered":"http:\/\/gator4082.temp.domains\/~aquatiss\/produit\/bouilloire-diva-1l\/"},"modified":"2018-06-18T14:49:25","modified_gmt":"2018-06-18T14:49:25","slug":"bouilloire-diva-1l","status":"publish","type":"product","link":"https:\/\/aquatiss.com.tn\/fr\/produit\/bouilloire-diva-1l\/","title":{"rendered":"Bouilloire DIVA 1L"},"content":{"rendered":"<p>Bouilloire DIVA 1L<br \/>\nS\u00e9curis\u00e9e : poign\u00e9e SwitchSafe<br \/>\nDouble paroi : plus silencieuse, maintien au chaud, pas de risque de br\u00fblures<br \/>\nHygi\u00e9nique : paroi &amp; couvercle int\u00e9rieur tout inox<\/p>\n<h4>Sp\u00e9cifications techniques:<\/h4>\n<p>Puissance nominale : 1500W<br \/>\nTension d\u2019alimentation : 220V-240V<br \/>\nClasse I<br \/>\nInt\u00e9rieur 100% Inox 304<br \/>\nArr\u00eat automatique \u00e0 l\u2019\u00e9bullition et \u00e0 vide<br \/>\nRotation \u00e0 360\u00b0 sur le socle<br \/>\nT\u00e9moin de fonctionnement<br \/>\nLongueur cordon : 60 cm<br \/>\n<strong>Garantie 2 ans<\/strong><\/p>\n","protected":false},"excerpt":{"rendered":"<p>S\u00e9curis\u00e9e : poign\u00e9e SwitchSafe<br \/>\nDouble paroi : plus silencieuse, maintien au chaud, pas de risque de br\u00fblures<br \/>\nHygi\u00e9nique : paroi &amp; couvercle int\u00e9rieur tout inox<br \/>\nGarantie 2 ans<\/p>\n","protected":false},"featured_media":12987,"comment_status":"open","ping_status":"closed","template":"","meta":[],"product_cat":[507],"product_tag":[1304],"class_list":["post-12971","product","type-product","status-publish","has-post-thumbnail","hentry","product_cat-bouilloire-individuelle","product_tag-bouilloire","pa_color-noir","pa_color-blanc","pa_color-inox","pa_contenance-1l","pa_domaine-hotel","pa_puissance-1500w"],"_links":{"self":[{"href":"https:\/\/aquatiss.com.tn\/fr\/wp-json\/wp\/v2\/product\/12971","targetHints":{"allow":["GET"]}}],"collection":[{"href":"https:\/\/aquatiss.com.tn\/fr\/wp-json\/wp\/v2\/product"}],"about":[{"href":"https:\/\/aquatiss.com.tn\/fr\/wp-json\/wp\/v2\/types\/product"}],"replies":[{"embeddable":true,"href":"https:\/\/aquatiss.com.tn\/fr\/wp-json\/wp\/v2\/comments?post=12971"}],"wp:featuredmedia":[{"embeddable":true,"href":"https:\/\/aquatiss.com.tn\/fr\/wp-json\/wp\/v2\/media\/12987"}],"wp:attachment":[{"href":"https:\/\/aquatiss.com.tn\/fr\/wp-json\/wp\/v2\/media?parent=12971"}],"wp:term":[{"taxonomy":"product_cat","embeddable":true,"href":"https:\/\/aquatiss.com.tn\/fr\/wp-json\/wp\/v2\/product_cat?post=12971"},{"taxonomy":"product_tag","embeddable":true,"href":"https:\/\/aquatiss.com.tn\/fr\/wp-json\/wp\/v2\/product_tag?post=12971"}],"curies":[{"name":"wp","href":"https:\/\/api.w.org\/{rel}","templated":true}]}}