{"id":13090,"date":"2018-06-21T15:52:55","date_gmt":"2018-06-21T15:52:55","guid":{"rendered":"http:\/\/gator4082.temp.domains\/~aquatiss\/?post_type=product&#038;p=13090"},"modified":"2025-05-06T13:47:53","modified_gmt":"2025-05-06T13:47:53","slug":"corbeille-cendrier-murale-57-litres","status":"publish","type":"product","link":"https:\/\/aquatiss.com.tn\/fr\/produit\/corbeille-cendrier-murale-57-litres\/","title":{"rendered":"Corbeille cendrier murale 57 litres ONDEO"},"content":{"rendered":"<p>Corbeille cendrier murale 57 litres ONDEO<\/p>\n<h4>Sp\u00e9cifications techniques:<\/h4>\n<p>Corbeille murale<br \/>\nEn Acier galvanis\u00e9 poudr\u00e9 (int\u00e9rieur et ext\u00e9rieur de la corbeille)<br \/>\nEnveloppe perfor\u00e9 pour l&rsquo;\u00e9vacuation des eaux des pluies<br \/>\nPeinture sp\u00e9ciale pour l\u2019ext\u00e9rieure<br \/>\nVidage facile par le bas<br \/>\nFixation murale<br \/>\nPossibilit\u00e9 de mise en place d&rsquo;un sac \u00e0 l&rsquo;int\u00e9rieur de la corbeille<br \/>\nContenance: 57L<br \/>\nFixation: Visseries fournis<br \/>\nColoris: gris, vert, noir, bleu, rouge<br \/>\nLogo poubelle sur fa\u00e7ade<br \/>\nMontage non inclus<\/p>\n","protected":false},"excerpt":{"rendered":"<p>Corbeille murale<br \/>\nEn Acier galvanis\u00e9 poudr\u00e9 (int\u00e9rieur et ext\u00e9rieur de la corbeille)<br \/>\nVidage facile par le bas<br \/>\nFixation murale<br \/>\nPossibilit\u00e9 de mise en place d&rsquo;un sac \u00e0 l&rsquo;int\u00e9rieur de la corbeille<br \/>\nContenance: 57L<br \/>\nFixation: Visseries fournis<br \/>\nColoris: gris, vert, noir, bleu, rouge<\/p>\n","protected":false},"featured_media":13127,"comment_status":"open","ping_status":"closed","template":"","meta":[],"product_cat":[298,294,299],"product_tag":[283],"class_list":["post-13090","product","type-product","status-publish","has-post-thumbnail","hentry","product_cat-poubelles-cendriers","product_cat-poubelles-dexterieur","product_cat-poubelles-murale","product_tag-cendrier-poubelle","pa_color-noir","pa_color-rouge","pa_color-bleu","pa_color-gris","pa_color-vert","pa_contenance-57l"],"_links":{"self":[{"href":"https:\/\/aquatiss.com.tn\/fr\/wp-json\/wp\/v2\/product\/13090","targetHints":{"allow":["GET"]}}],"collection":[{"href":"https:\/\/aquatiss.com.tn\/fr\/wp-json\/wp\/v2\/product"}],"about":[{"href":"https:\/\/aquatiss.com.tn\/fr\/wp-json\/wp\/v2\/types\/product"}],"replies":[{"embeddable":true,"href":"https:\/\/aquatiss.com.tn\/fr\/wp-json\/wp\/v2\/comments?post=13090"}],"wp:featuredmedia":[{"embeddable":true,"href":"https:\/\/aquatiss.com.tn\/fr\/wp-json\/wp\/v2\/media\/13127"}],"wp:attachment":[{"href":"https:\/\/aquatiss.com.tn\/fr\/wp-json\/wp\/v2\/media?parent=13090"}],"wp:term":[{"taxonomy":"product_cat","embeddable":true,"href":"https:\/\/aquatiss.com.tn\/fr\/wp-json\/wp\/v2\/product_cat?post=13090"},{"taxonomy":"product_tag","embeddable":true,"href":"https:\/\/aquatiss.com.tn\/fr\/wp-json\/wp\/v2\/product_tag?post=13090"}],"curies":[{"name":"wp","href":"https:\/\/api.w.org\/{rel}","templated":true}]}}