{"id":13164,"date":"2018-06-25T15:21:37","date_gmt":"2018-06-25T15:21:37","guid":{"rendered":"http:\/\/gator4082.temp.domains\/~aquatiss\/produit\/aspirateur-poussiere-silencieux-silent-lavor-pro-800w\/"},"modified":"2022-12-13T16:22:24","modified_gmt":"2022-12-13T16:22:24","slug":"aspirateur-poussiere-silencieux-silent-lavor-pro-800w","status":"publish","type":"product","link":"https:\/\/aquatiss.com.tn\/fr\/produit\/aspirateur-poussiere-silencieux-silent-lavor-pro-800w\/","title":{"rendered":"Aspirateur poussi\u00e8re Silencieux   SILENT LAVOR PRO 800W"},"content":{"rendered":"<p>Aspirateur poussi\u00e8re Silencieux SILENT LAVOR PRO 800W<br \/>\n\u2013 L&rsquo;aspirateur poussi\u00e8res Lavor Pro SILENT a une puissance de 800 W max. avec un d\u00e9bit d&rsquo;air de 44 l\/s<br \/>\n&#8211; Moteur silencieux un \u00e9tage (rendement \u00e9lev\u00e9)<br \/>\n&#8211; Interrupteur marche-arr\u00eat rotatif.Molette ON\/OFF<br \/>\n&#8211; Filtre HEPA<br \/>\n-Filtre collecteur microfibre d\u00e9bit HEPA<br \/>\n&#8211; Sac collecteur \u00ab papier \u00bb<br \/>\n&#8211; Support d&rsquo;accessoires intgr\u00e9<br \/>\n&#8211; Design anti choc et anti renversement gr\u00e2ce \u00e0 ses roues arri\u00e8res surdimensionn\u00e9es<br \/>\n&#8211; R\u00e9servoir de 12 litres (pp)<\/p>\n<h4>Silent Lavor est Livr\u00e9e avec :<\/h4>\n<p>&#8211; Flexible 2 m<br \/>\n&#8211; Kit tuyau en acier chrom\u00e9 \u00d8 35-491 mm<br \/>\n&#8211; Suceur biseaut\u00e9 200 mm \u00d8 35<br \/>\n&#8211; Brosse ronde noire<br \/>\n&#8211; Plancher \/ tapis brosse avec roues<br \/>\n&#8211; Suceur D 35 &#8211; 140 mm<br \/>\n&#8211; Reliure en papier filtre<br \/>\n&#8211; Filtre textile<br \/>\n&#8211; C\u00e2ble d\u2019alimentation 7,5 m<\/p>\n","protected":false},"excerpt":{"rendered":"<p>L&rsquo;aspirateur poussi\u00e8res Lavor Pro SILENT a une puissance de 800 W max. avec un d\u00e9bit d&rsquo;air de 44 l\/s<br \/>\n&#8211; Moteur silencieux un \u00e9tage (rendement \u00e9lev\u00e9)<br \/>\n&#8211; Interrupteur marche-arr\u00eat rotatif.Molette ON\/OFF<br \/>\n&#8211; Filtre HEPA<br \/>\n-Filtre collecteur microfibre d\u00e9bit HEPA<br \/>\n&#8211; Sac collecteur \u00ab papier \u00bb<br \/>\n&#8211; Support d&rsquo;accessoires intgr\u00e9<br \/>\n&#8211; Design anti choc et anti renversement gr\u00e2ce \u00e0 ses roues arri\u00e8res surdimensionn\u00e9es<br \/>\n&#8211; R\u00e9servoir de 12 litres (pp)<\/p>\n","protected":false},"featured_media":13165,"comment_status":"open","ping_status":"closed","template":"","meta":[],"product_cat":[106,363,367,105],"product_tag":[371],"class_list":["post-13164","product","type-product","status-publish","has-post-thumbnail","hentry","product_cat-aspirateurs","product_cat-aspirateurs-avec-sac","product_cat-aspirateurs-poussiere","product_cat-service","product_tag-aspirateurs","pa_domaine-entreprise","pa_domaine-hotel","pa_domaine-industrie","pa_domaine-medical","pa_domaine-proprete","pa_fonctionnalite-a-poussiere","pa_puissance-800w"],"_links":{"self":[{"href":"https:\/\/aquatiss.com.tn\/fr\/wp-json\/wp\/v2\/product\/13164","targetHints":{"allow":["GET"]}}],"collection":[{"href":"https:\/\/aquatiss.com.tn\/fr\/wp-json\/wp\/v2\/product"}],"about":[{"href":"https:\/\/aquatiss.com.tn\/fr\/wp-json\/wp\/v2\/types\/product"}],"replies":[{"embeddable":true,"href":"https:\/\/aquatiss.com.tn\/fr\/wp-json\/wp\/v2\/comments?post=13164"}],"wp:featuredmedia":[{"embeddable":true,"href":"https:\/\/aquatiss.com.tn\/fr\/wp-json\/wp\/v2\/media\/13165"}],"wp:attachment":[{"href":"https:\/\/aquatiss.com.tn\/fr\/wp-json\/wp\/v2\/media?parent=13164"}],"wp:term":[{"taxonomy":"product_cat","embeddable":true,"href":"https:\/\/aquatiss.com.tn\/fr\/wp-json\/wp\/v2\/product_cat?post=13164"},{"taxonomy":"product_tag","embeddable":true,"href":"https:\/\/aquatiss.com.tn\/fr\/wp-json\/wp\/v2\/product_tag?post=13164"}],"curies":[{"name":"wp","href":"https:\/\/api.w.org\/{rel}","templated":true}]}}