{"id":13365,"date":"2018-07-09T10:49:00","date_gmt":"2018-07-09T10:49:00","guid":{"rendered":"http:\/\/gator4082.temp.domains\/~aquatiss\/?post_type=product&#038;p=13365"},"modified":"2022-02-24T13:52:27","modified_gmt":"2022-02-24T13:52:27","slug":"aspirateur-eau-poussiere-windy-120-if","status":"publish","type":"product","link":"https:\/\/aquatiss.com.tn\/fr\/produit\/aspirateur-eau-poussiere-windy-120-if\/","title":{"rendered":"Aspirateur eau et poussi\u00e8re WINDY 120 IF"},"content":{"rendered":"<p>Aspirateur eau et poussi\u00e8re WINDY 120 IF<br \/>\n1 moteur en by-pass \u00e0 rendement \u00e9lev\u00e9.<\/p>\n<h4>Sp\u00e9cifications techniques:<\/h4>\n<p>Syst\u00e8me d&rsquo;aspiration avec refroidissement en by-pass.<br \/>\nCuve inox.<br \/>\nChariot antichoc.<br \/>\nSac papier<br \/>\nFiltre textile<br \/>\nClapet flottant pour liquide<br \/>\nPorte accessoires inclus<br \/>\nPuissance nominale: 1200 W (max 1400W)<br \/>\nD\u00e9bit d&rsquo;air: 65 L\/S<br \/>\nLongueur du c\u00e2ble d\u2019alimentation: 7,5 m<br \/>\nDiam\u00e8tre accessoires : 35 mm<br \/>\nTension : 220\/240V &#8211; 50\/60 Hz<br \/>\nD\u00e9pression: 24 kPa \/ 2400 mm H2O<br \/>\nD\u00e9bit air: 65 l\/s<br \/>\nVolume total: 20L<br \/>\nVolume poussi\u00e8re: 14L<br \/>\nvolume liquide: 16L<\/p>\n","protected":false},"excerpt":{"rendered":"<p>Syst\u00e8me d&rsquo;aspiration avec refroidissement en by-pass.<br \/>\nCuve inox.<br \/>\nChariot antichoc.<br \/>\nSac papier<br \/>\nFiltre textile<\/p>\n","protected":false},"featured_media":13366,"comment_status":"open","ping_status":"closed","template":"","meta":[],"product_cat":[106,368],"product_tag":[371],"class_list":["post-13365","product","type-product","status-publish","has-post-thumbnail","hentry","product_cat-aspirateurs","product_cat-aspirateurs-eau-et-poussiere","product_tag-aspirateurs","pa_alimentation-electrique-220-v","pa_alimentation-electrique-240v","pa_puissance-1200w"],"_links":{"self":[{"href":"https:\/\/aquatiss.com.tn\/fr\/wp-json\/wp\/v2\/product\/13365","targetHints":{"allow":["GET"]}}],"collection":[{"href":"https:\/\/aquatiss.com.tn\/fr\/wp-json\/wp\/v2\/product"}],"about":[{"href":"https:\/\/aquatiss.com.tn\/fr\/wp-json\/wp\/v2\/types\/product"}],"replies":[{"embeddable":true,"href":"https:\/\/aquatiss.com.tn\/fr\/wp-json\/wp\/v2\/comments?post=13365"}],"wp:featuredmedia":[{"embeddable":true,"href":"https:\/\/aquatiss.com.tn\/fr\/wp-json\/wp\/v2\/media\/13366"}],"wp:attachment":[{"href":"https:\/\/aquatiss.com.tn\/fr\/wp-json\/wp\/v2\/media?parent=13365"}],"wp:term":[{"taxonomy":"product_cat","embeddable":true,"href":"https:\/\/aquatiss.com.tn\/fr\/wp-json\/wp\/v2\/product_cat?post=13365"},{"taxonomy":"product_tag","embeddable":true,"href":"https:\/\/aquatiss.com.tn\/fr\/wp-json\/wp\/v2\/product_tag?post=13365"}],"curies":[{"name":"wp","href":"https:\/\/api.w.org\/{rel}","templated":true}]}}