{"id":13377,"date":"2018-07-12T09:31:07","date_gmt":"2018-07-12T09:31:07","guid":{"rendered":"http:\/\/gator4082.temp.domains\/~aquatiss\/produit\/armoire-ignifuge-forte-magnetique-protection-des-donnees\/"},"modified":"2018-07-14T09:45:19","modified_gmt":"2018-07-14T09:45:19","slug":"armoire-ignifuge-forte-magnetique-protection-des-donnees","status":"publish","type":"product","link":"https:\/\/aquatiss.com.tn\/fr\/produit\/armoire-ignifuge-forte-magnetique-protection-des-donnees\/","title":{"rendered":"Armoire ignifuge Forte magn\u00e9tique  protection des donn\u00e9es"},"content":{"rendered":"<p>Armoire ignifuge Forte magn\u00e9tique\u00a0 protection des donn\u00e9es<br \/>\nIgnifuge magn\u00e9tique 1 heure protection Feu Norme Europ\u00e9enne EN 1047-1. Label VDMA S 60 DIS.<br \/>\nClasse S2 \u2022 Norme Europ\u00e9enne EN 14450.<br \/>\nBlindage au mangan\u00e8se du syst\u00e8me de condamnation.<\/p>\n<h4>Caract\u00e9ristiques techniques:<\/h4>\n<p>Assurer l\u2019avenir et le d\u00e9veloppement de votre entreprise en prot\u00e9geant sa m\u00e9moire\u2008:<br \/>\n-Le vol, le vandalisme et l\u2019espionnage des informations vitales de votre entreprise peuvent compromettre son avenir.<\/p>\n<p><a href=\"http:\/\/gator4082.temp.domains\/~aquatiss\/produit\/armoire-ignifuge-forte-magnetique-protection-des-donnees\/attachment\/trou-vol\/\" rel=\"attachment wp-att-13379\"><img decoding=\"async\"  src=\"http:\/\/gator4082.temp.domains\/~aquatiss\/wp-content\/uploads\/2018\/07\/trou-vol.png\" alt=\"trou-vol\" width=\"134\" height=\"147\" class=\"aligncenter wp-image-13379 no-lazyload\" \/><\/a><br \/>\n-Lors d\u2019un incendie, vos supports informatiques se d\u00e9truisent d\u00e8s 50\u00b0C. D\u2019apr\u00e8s les statistiques des pompiers, 70% des entreprises sinistr\u00e9es disparaissent dans les 3 ans qui suivent un incendie !<br \/>\n-Lors d\u2019un incendie le joint se dilate de 10 fois son volume pour assurer une parfaite \u00e9tanch\u00e9it\u00e9 aux flammes, au gaz, \u00e0 l\u2019aspersion et \u00e0 la chaleur.<\/p>\n<p><a href=\"http:\/\/gator4082.temp.domains\/~aquatiss\/produit\/armoire-ignifuge-forte-magnetique-protection-des-donnees\/attachment\/incendie\/\" rel=\"attachment wp-att-13380\"><img decoding=\"async\"  src=\"http:\/\/gator4082.temp.domains\/~aquatiss\/wp-content\/uploads\/2018\/07\/incendie.png\" alt=\"incendie\" width=\"263\" height=\"212\" srcset=\"https:\/\/aquatiss.com.tn\/wp-content\/uploads\/2018\/07\/incendie.png 373w, https:\/\/aquatiss.com.tn\/wp-content\/uploads\/2018\/07\/incendie-300x242.png 300w\" sizes=\"(max-width: 263px) 100vw, 263px\" class=\"aligncenter wp-image-13380 no-lazyload\" \/><\/a><br \/>\n-Les supports magn\u00e9tiques deviennent d\u00e9finitivement inexploitables s\u2019ils sont expos\u00e9s \u00e0 une hygrom\u00e9trie sup\u00e9rieure \u00e0 85%, notamment en cas d\u2019inondation ou d\u2019aspersion lors d\u2019un incendie.<\/p>\n<p><em><strong>Serrure cl\u00e9:<\/strong> <\/em>Serrure de coffre-fort WITTKOPP test\u00e9e A2P niveau A (2 cl\u00e9s fournies).<\/p>\n<p><a href=\"http:\/\/gator4082.temp.domains\/~aquatiss\/produit\/armoire-ignifuge-forte-magnetique-protection-des-donnees\/attachment\/serrure-a-cl\/\" rel=\"attachment wp-att-13378\"><img decoding=\"async\"  src=\"http:\/\/gator4082.temp.domains\/~aquatiss\/wp-content\/uploads\/2018\/07\/serrure-\u00e0-cl.jpg\" alt=\"serrure-a-cl\" width=\"292\" height=\"114\" srcset=\"https:\/\/aquatiss.com.tn\/wp-content\/uploads\/2018\/07\/serrure-\u00e0-cl.jpg 567w, https:\/\/aquatiss.com.tn\/wp-content\/uploads\/2018\/07\/serrure-\u00e0-cl-300x117.jpg 300w\" sizes=\"(max-width: 292px) 100vw, 292px\" class=\"aligncenter wp-image-13378 no-lazyload\" \/><\/a><em><strong>Serrure \u00e9lectronique:<\/strong> <\/em>Serrure de coffre-fort classe 2\u2008VDS, 1 000 000 de combinaisons alphanum\u00e9riques, int\u00e2table, temporisation apr\u00e8s la 3e erreur. 1 code ma\u00eetre et 1 code utilisateur programmables.Condamnation automatique \u00e0 la fermeture de l\u2019armoire. Alimentation par pile avec syst\u00e8me ext\u00e9rieur de secours.<\/p>\n<p><a href=\"http:\/\/gator4082.temp.domains\/~aquatiss\/produit\/armoire-ignifuge-forte-magnetique-protection-des-donnees\/attachment\/serrure-electro\/\" rel=\"attachment wp-att-13382\"><img decoding=\"async\"  src=\"http:\/\/gator4082.temp.domains\/~aquatiss\/wp-content\/uploads\/2018\/07\/serrure-electro.jpg\" alt=\"serrure-electro\" width=\"103\" height=\"103\" srcset=\"https:\/\/aquatiss.com.tn\/wp-content\/uploads\/2018\/07\/serrure-electro.jpg 222w, https:\/\/aquatiss.com.tn\/wp-content\/uploads\/2018\/07\/serrure-electro-100x100.jpg 100w, https:\/\/aquatiss.com.tn\/wp-content\/uploads\/2018\/07\/serrure-electro-150x150.jpg 150w, https:\/\/aquatiss.com.tn\/wp-content\/uploads\/2018\/07\/serrure-electro-144x144.jpg 144w\" sizes=\"(max-width: 103px) 100vw, 103px\" class=\"aligncenter wp-image-13382 no-lazyload\" \/><\/a><\/p>\n<h4>Capacit\u00e9 Armoire:<\/h4>\n<p>CD-ROM 140 x 125 x 5 : 198 pi\u00e8ces<br \/>\nCassettes 112 x 112 x 32 : 87 pi\u00e8ces<br \/>\nDisquettes 3 1\/2\u2019\u2019 88 x 88 x 3 : 1188<br \/>\nPi\u00e8ces Cartouches LTO 105 x 102 x 22 : 126 pi\u00e8ces<br \/>\nBandes magn\u00e9tiques 162 x 107 x 25 : 78 pi\u00e8ces<\/p>\n<p><a class=\"maxbutton-2 maxbutton maxbutton-pdf\" target=\"_blank\" title=\"PDF\" rel=\"noopener\" href=\"http:\/\/gator4082.temp.domains\/~aquatiss\/wp-content\/uploads\/2018\/07\/Certificat-Feu-S60DIS-Media-Protect.pdf\"><span class='mb-text'>CERTIFICAT FEU<\/span><\/a><\/p>\n","protected":false},"excerpt":{"rendered":"<p>Armoire ignifuge Forte magn\u00e9tique\u00a0 protection des donn\u00e9es<br \/>\nIgnifuge magn\u00e9tique 1 heure protection Feu Norme Europ\u00e9enne EN 1047-1.<br \/>\nLabel VDMA S 60 DIS.<br \/>\nClasse S2 \u2022 Norme Europ\u00e9enne EN 14450.<\/p>\n","protected":false},"featured_media":13381,"comment_status":"open","ping_status":"closed","template":"","meta":[],"product_cat":[500,153],"product_tag":[1101],"class_list":["post-13377","product","type-product","status-publish","has-post-thumbnail","hentry","product_cat-armoire-de-securite","product_cat-securite","product_tag-armoire-ignifuge"],"_links":{"self":[{"href":"https:\/\/aquatiss.com.tn\/fr\/wp-json\/wp\/v2\/product\/13377","targetHints":{"allow":["GET"]}}],"collection":[{"href":"https:\/\/aquatiss.com.tn\/fr\/wp-json\/wp\/v2\/product"}],"about":[{"href":"https:\/\/aquatiss.com.tn\/fr\/wp-json\/wp\/v2\/types\/product"}],"replies":[{"embeddable":true,"href":"https:\/\/aquatiss.com.tn\/fr\/wp-json\/wp\/v2\/comments?post=13377"}],"wp:featuredmedia":[{"embeddable":true,"href":"https:\/\/aquatiss.com.tn\/fr\/wp-json\/wp\/v2\/media\/13381"}],"wp:attachment":[{"href":"https:\/\/aquatiss.com.tn\/fr\/wp-json\/wp\/v2\/media?parent=13377"}],"wp:term":[{"taxonomy":"product_cat","embeddable":true,"href":"https:\/\/aquatiss.com.tn\/fr\/wp-json\/wp\/v2\/product_cat?post=13377"},{"taxonomy":"product_tag","embeddable":true,"href":"https:\/\/aquatiss.com.tn\/fr\/wp-json\/wp\/v2\/product_tag?post=13377"}],"curies":[{"name":"wp","href":"https:\/\/api.w.org\/{rel}","templated":true}]}}