{"id":13605,"date":"2018-08-14T13:29:04","date_gmt":"2018-08-14T13:29:04","guid":{"rendered":"http:\/\/gator4082.temp.domains\/~aquatiss\/?post_type=product&#038;p=13605"},"modified":"2025-12-20T10:05:29","modified_gmt":"2025-12-20T10:05:29","slug":"plateau-de-service-melamine-teck","status":"publish","type":"product","link":"https:\/\/aquatiss.com.tn\/fr\/produit\/plateau-de-service-melamine-teck\/","title":{"rendered":"Plateau de service m\u00e9lamine TECK"},"content":{"rendered":"<p>PLATEAU DE SERVICE MELAMINE<\/p>\n<h4>Personnalisez vos \u00e9quipements de service et rendez le Service Pratique et Rapide pour vos utilisateurs<\/h4>\n<p>En choisissant ce Plateau de Service m\u00e9lamin\u00e9 de qualit\u00e9 alimentaire utilis\u00e9 dans les Collectivit\u00e9s, le Libre-service, le Catering en Usage semi-intensif.<br \/>\nSolide et R\u00e9sistant \u00e0 l&rsquo;abrasion et au liquide vaisselle, il pr\u00e9sente une Longue dur\u00e9e de vie.<br \/>\nIl dispose de bords et d&rsquo;angles droits et pr\u00e9sente une Finition parfaite aussi bien c\u00f4t\u00e9 surface qu&rsquo;en-dessous.<br \/>\nCe Plateau de service est propos\u00e9 en Finition Acajou, Marron clair et marron Fonc\u00e9.<br \/>\nQualit\u00e9 alimentaire selon les Normes Eu<br \/>\nRecommandations : S\u00e9chage avant empilage<\/p>\n","protected":false},"excerpt":{"rendered":"<p>Solide et R\u00e9sistant \u00e0 l&rsquo;abrasion et au liquide vaisselle<br \/>\nIl pr\u00e9sente une Longue dur\u00e9e de vie.<br \/>\nFinition parfaite<\/p>\n","protected":false},"featured_media":13607,"comment_status":"open","ping_status":"closed","template":"","meta":[],"product_cat":[556,1000,558,105],"product_tag":[],"class_list":["post-13605","product","type-product","status-publish","has-post-thumbnail","hentry","product_cat-plateaux","product_cat-plateaux-de-service","product_cat-plateaux-pour-repas-emporte","product_cat-service"],"_links":{"self":[{"href":"https:\/\/aquatiss.com.tn\/fr\/wp-json\/wp\/v2\/product\/13605","targetHints":{"allow":["GET"]}}],"collection":[{"href":"https:\/\/aquatiss.com.tn\/fr\/wp-json\/wp\/v2\/product"}],"about":[{"href":"https:\/\/aquatiss.com.tn\/fr\/wp-json\/wp\/v2\/types\/product"}],"replies":[{"embeddable":true,"href":"https:\/\/aquatiss.com.tn\/fr\/wp-json\/wp\/v2\/comments?post=13605"}],"wp:featuredmedia":[{"embeddable":true,"href":"https:\/\/aquatiss.com.tn\/fr\/wp-json\/wp\/v2\/media\/13607"}],"wp:attachment":[{"href":"https:\/\/aquatiss.com.tn\/fr\/wp-json\/wp\/v2\/media?parent=13605"}],"wp:term":[{"taxonomy":"product_cat","embeddable":true,"href":"https:\/\/aquatiss.com.tn\/fr\/wp-json\/wp\/v2\/product_cat?post=13605"},{"taxonomy":"product_tag","embeddable":true,"href":"https:\/\/aquatiss.com.tn\/fr\/wp-json\/wp\/v2\/product_tag?post=13605"}],"curies":[{"name":"wp","href":"https:\/\/api.w.org\/{rel}","templated":true}]}}