{"id":1361,"date":"2016-12-23T17:09:59","date_gmt":"2016-12-23T17:09:59","guid":{"rendered":"http:\/\/gator4082.temp.domains\/~aquatiss\/?post_type=product&#038;p=1361"},"modified":"2023-10-18T14:21:06","modified_gmt":"2023-10-18T14:21:06","slug":"cendrier-poubelle-sur-pieds-rolls-30l-couleur","status":"publish","type":"product","link":"https:\/\/aquatiss.com.tn\/fr\/produit\/cendrier-poubelle-sur-pieds-rolls-30l-couleur\/","title":{"rendered":"Cendrier poubelle sur pieds  Roll&rsquo;s 30L couleur"},"content":{"rendered":"<p>Cendrier poubelle sur pieds Roll&rsquo;s 30L couleur<\/p>\n<p style=\"text-align: left;\">Cendrier poubelle 30 Litres, Cendrier sur Pied Ext\u00e9rieur Int\u00e9rieur,<\/p>\n<p>Une solution de corbeille cendrier afin d\u2019assurer l\u2019extinction<br \/>\ndes m\u00e9gots et ainsi \u00e9viter la propagation du feu dans les corbeilles<\/p>\n<p style=\"text-align: left;\">En outre, ce cendrier sur pied avec poubelle est particuli\u00e8rement appropri\u00e9 pour les zones fumeurs,<br \/>\ngr\u00e2ce \u00e0 sa conception, son design intemporel,<br \/>\nIl convient parfaitement aux diff\u00e9rentes Collectivit\u00e9s Territoriales, Institutions publics, Mairies,H\u00f4tels, Restaurants, Caf\u00e9s, et Entreprises etc.<\/p>\n<p style=\"text-align: left;\">Il fera \u00e9galement merveille lors de vos soir\u00e9es priv\u00e9es.<\/p>\n<p style=\"text-align: left;\">Le cendrier sur pied r\u00e9alis\u00e9 en m\u00e9tal robuste est r\u00e9sistant aux intemp\u00e9ries, il est donc adapt\u00e9 pour une\u00a0 utilisation \u00e0 l&rsquo;int\u00e9rieur comme \u00e0 l&rsquo;ext\u00e9rieur.<br \/>\nPar cons\u00e9quent, gr\u00e2ce au bac a sable et au couvercle amovible, le cendrier sur pied est facile \u00e0 nettoyer.<\/p>\n<h4 style=\"text-align: left;\">Points Forts :<\/h4>\n<p style=\"text-align: left;\">Cendrier avec bac a sable int\u00e9gr\u00e9e.<br \/>\nPour les diff\u00e9rents d\u00e9chets et les m\u00e9gots.<br \/>\nbac a sable cendrier amovibles lavables<br \/>\nUtilisation universelle (Publique, Priv\u00e9e).<br \/>\nConvient pour une utilisation \u00e0 l&rsquo;int\u00e9rieur comme \u00e0 l&rsquo;ext\u00e9rieur.<br \/>\nEn m\u00e9tal trait\u00e9 : Acier rev\u00eatu par poudre.<br \/>\n<a href=\"http:\/\/gator4082.temp.domains\/~aquatiss\/nos-produits\/cendrier-poubelle-sur-pieds-rolls-30l-inox\/\">existe en version inox<\/a><\/p>\n<p>Entretien facile base avec joint de protection,<br \/>\nPratique et peu encombrant.<br \/>\nNettoyage facile.<br \/>\nDesign \u00e9l\u00e9gant.<\/p>\n<p>Caract\u00e9ristiques Techniques :<\/p>\n<p>Dimensions totales (\u00d8xH) : environ 23 cm x 65cm<br \/>\nMat\u00e9riaux : Acier galvanis\u00e9 anti corrosion.<br \/>\nPoids : 3 kg.<br \/>\nCorps en acier galvanis\u00e9 poudr\u00e9 \u00e9poxy (int\u00e9rieur et ext\u00e9rieur)<br \/>\nT\u00eate amovible haute r\u00e9sistance<\/p>\n<p style=\"text-align: left;\">Couleurs sur commande<\/p>\n<p style=\"text-align: left;\">Garantie : anticorrosion 5 ans<\/p>\n","protected":false},"excerpt":{"rendered":"<p>Cendrier poubelle sur pieds Roll&rsquo;s 30L<br \/>\nCendrier poubelle 30 Litres, Cendrier sur Pied Ext\u00e9rieur Int\u00e9rieur,<br \/>\nUne solution de corbeille-cendrier afin d\u2019assurer l\u2019extinction<br \/>\ndes m\u00e9gots et ainsi \u00e9viter la propagation du feu dans les corbeilles<br \/>\nCe cendrier sur pied avec poubelle est particuli\u00e8rement appropri\u00e9 pour les zones fumeurs,<br \/>\ngr\u00e2ce \u00e0 sa conception, son design intemporel,<\/p>\n<p>Garantie : anticorrosion 5 ans<\/p>\n","protected":false},"featured_media":6794,"comment_status":"open","ping_status":"closed","template":"","meta":[],"product_cat":[2056,108,293,298],"product_tag":[1494,283],"class_list":["post-1361","product","type-product","status-publish","has-post-thumbnail","hentry","product_cat-gamme-rolls","product_cat-hygiene","product_cat-poubelles","product_cat-poubelles-cendriers","product_tag-cendrier-exterieur-interieur","product_tag-cendrier-poubelle","pa_color-noir","pa_color-rouge","pa_color-beige","pa_color-blanc","pa_color-bleu","pa_color-dore","pa_color-gris","pa_color-inox","pa_color-jaune","pa_color-marron","pa_color-rouge-bordeau","pa_color-vert","pa_contenance-30-l","pa_domaine-collectivites","pa_domaine-entreprise","pa_domaine-food","pa_domaine-hotel","pa_domaine-industrie","pa_domaine-medical","pa_domaine-proprete","pa_promos-ventes-flash"],"_links":{"self":[{"href":"https:\/\/aquatiss.com.tn\/fr\/wp-json\/wp\/v2\/product\/1361","targetHints":{"allow":["GET"]}}],"collection":[{"href":"https:\/\/aquatiss.com.tn\/fr\/wp-json\/wp\/v2\/product"}],"about":[{"href":"https:\/\/aquatiss.com.tn\/fr\/wp-json\/wp\/v2\/types\/product"}],"replies":[{"embeddable":true,"href":"https:\/\/aquatiss.com.tn\/fr\/wp-json\/wp\/v2\/comments?post=1361"}],"wp:featuredmedia":[{"embeddable":true,"href":"https:\/\/aquatiss.com.tn\/fr\/wp-json\/wp\/v2\/media\/6794"}],"wp:attachment":[{"href":"https:\/\/aquatiss.com.tn\/fr\/wp-json\/wp\/v2\/media?parent=1361"}],"wp:term":[{"taxonomy":"product_cat","embeddable":true,"href":"https:\/\/aquatiss.com.tn\/fr\/wp-json\/wp\/v2\/product_cat?post=1361"},{"taxonomy":"product_tag","embeddable":true,"href":"https:\/\/aquatiss.com.tn\/fr\/wp-json\/wp\/v2\/product_tag?post=1361"}],"curies":[{"name":"wp","href":"https:\/\/api.w.org\/{rel}","templated":true}]}}