{"id":13778,"date":"2018-09-05T09:26:48","date_gmt":"2018-09-05T09:26:48","guid":{"rendered":"http:\/\/gator4082.temp.domains\/~aquatiss\/produit\/pese-personne-exacta-comfort\/"},"modified":"2018-09-24T14:31:04","modified_gmt":"2018-09-24T14:31:04","slug":"pese-personne-exacta-confort","status":"publish","type":"product","link":"https:\/\/aquatiss.com.tn\/fr\/produit\/pese-personne-exacta-confort\/","title":{"rendered":"P\u00e8se Personne EXACTA CONFORT"},"content":{"rendered":"<p>La P\u00e8se Personne Exacta Confort d\u00e9livre en un temps record votre poids.<br \/>\nBalance p\u00e8se personne professionnelle destin\u00e9e aux h\u00f4tels et collectivit\u00e9s. Mesure digitale de pr\u00e9cision.<br \/>\nDe plus, il est facile \u00e0 mettre en route et facile \u00e0 utiliser<br \/>\nAussi, son \u00e9cran LCD lisible vous indiquera votre poids par paliers de 100 g.<br \/>\nEn outre, sa surface en verre de s\u00e9curit\u00e9 offre une surface d&rsquo;appui extra-large et une portance de 180 kg.<\/p>\n<p>D\u00e9couvrer la gamme Exacta par <a href=\"http:\/\/gator4082.temp.domains\/~aquatiss\/?s=exacta&amp;post_type=product&amp;dgwt_wcas=1\">ici<\/a><\/p>\n<h4>Points forts<\/h4>\n<p>* Plateau extra large<\/p>\n<h3>Caract\u00e9ristiques<\/h3>\n<p>* Capacit\u00e9 max 180 Kg<br \/>\n* Slots m\u00e9moire : 8<br \/>\n* Mati\u00e8re: Verre de s\u00e9curit\u00e9<br \/>\n* Plateau extra large<br \/>\n* Mesures: kg \/ lb \/ pc(s)<\/p>\n","protected":false},"excerpt":{"rendered":"<p>Capacit\u00e9 max 180 Kg<br \/>\n* Slots m\u00e9moire : 8<br \/>\n* Mati\u00e8re: Verre de s\u00e9curit\u00e9<br \/>\n* Plateau extra large<br \/>\n* Mesures: kg \/ lb \/ pc(s)<\/p>\n","protected":false},"featured_media":13780,"comment_status":"open","ping_status":"closed","template":"","meta":[],"product_cat":[601],"product_tag":[1138],"class_list":["post-13778","product","type-product","status-publish","has-post-thumbnail","hentry","product_cat-pese-personne","product_tag-pese-personne","pa_color-argente","pa_domaine-collectivites","pa_domaine-hotel","pa_domaine-medical","pa_material-verre"],"_links":{"self":[{"href":"https:\/\/aquatiss.com.tn\/fr\/wp-json\/wp\/v2\/product\/13778","targetHints":{"allow":["GET"]}}],"collection":[{"href":"https:\/\/aquatiss.com.tn\/fr\/wp-json\/wp\/v2\/product"}],"about":[{"href":"https:\/\/aquatiss.com.tn\/fr\/wp-json\/wp\/v2\/types\/product"}],"replies":[{"embeddable":true,"href":"https:\/\/aquatiss.com.tn\/fr\/wp-json\/wp\/v2\/comments?post=13778"}],"wp:featuredmedia":[{"embeddable":true,"href":"https:\/\/aquatiss.com.tn\/fr\/wp-json\/wp\/v2\/media\/13780"}],"wp:attachment":[{"href":"https:\/\/aquatiss.com.tn\/fr\/wp-json\/wp\/v2\/media?parent=13778"}],"wp:term":[{"taxonomy":"product_cat","embeddable":true,"href":"https:\/\/aquatiss.com.tn\/fr\/wp-json\/wp\/v2\/product_cat?post=13778"},{"taxonomy":"product_tag","embeddable":true,"href":"https:\/\/aquatiss.com.tn\/fr\/wp-json\/wp\/v2\/product_tag?post=13778"}],"curies":[{"name":"wp","href":"https:\/\/api.w.org\/{rel}","templated":true}]}}