{"id":13820,"date":"2018-09-08T10:35:08","date_gmt":"2018-09-08T10:35:08","guid":{"rendered":"http:\/\/gator4082.temp.domains\/~aquatiss\/produit\/porte-manteau-peignoir-simple\/"},"modified":"2018-09-08T10:50:20","modified_gmt":"2018-09-08T10:50:20","slug":"porte-manteau-peignoir-simple","status":"publish","type":"product","link":"https:\/\/aquatiss.com.tn\/fr\/produit\/porte-manteau-peignoir-simple\/","title":{"rendered":"Porte manteau peignoir simple"},"content":{"rendered":"<h4>Porte manteau peignoir simple<\/h4>\n<p>Les accessoires de salle de bains ont un design intemporel. Leur forme \u00e9l\u00e9gante<br \/>\net la finition en inox brillant rend ces accessoires jamais sortir de style,<br \/>\net survivra \u00e0 votre salle de bains avec facilit\u00e9.<\/p>\n<p><strong>Installation facile<\/strong><\/p>\n<p>Le Porte manteau peignoir simple\u00a0 est mont\u00e9 avec une plaque ronde\u00a0 qui est viss\u00e9e au mur.<br \/>\nIl est accroch\u00e9 \u00e0 cette plaque et fix\u00e9 par une vis de r\u00e9glage.<\/p>\n","protected":false},"excerpt":{"rendered":"<p>Style Moderne<br \/>\nInstallation facile<br \/>\nFinition chrom\u00e9<\/p>\n","protected":false},"featured_media":13821,"comment_status":"open","ping_status":"closed","template":"","meta":[],"product_cat":[1059],"product_tag":[1353,1359,1354],"class_list":["post-13820","product","type-product","status-publish","has-post-thumbnail","hentry","product_cat-porte-peignoir","product_tag-accessoires-de-salle-de-bain","product_tag-porte-peignoir","product_tag-serie-flat","pa_domaine-hotel","pa_finition-inox"],"_links":{"self":[{"href":"https:\/\/aquatiss.com.tn\/fr\/wp-json\/wp\/v2\/product\/13820","targetHints":{"allow":["GET"]}}],"collection":[{"href":"https:\/\/aquatiss.com.tn\/fr\/wp-json\/wp\/v2\/product"}],"about":[{"href":"https:\/\/aquatiss.com.tn\/fr\/wp-json\/wp\/v2\/types\/product"}],"replies":[{"embeddable":true,"href":"https:\/\/aquatiss.com.tn\/fr\/wp-json\/wp\/v2\/comments?post=13820"}],"wp:featuredmedia":[{"embeddable":true,"href":"https:\/\/aquatiss.com.tn\/fr\/wp-json\/wp\/v2\/media\/13821"}],"wp:attachment":[{"href":"https:\/\/aquatiss.com.tn\/fr\/wp-json\/wp\/v2\/media?parent=13820"}],"wp:term":[{"taxonomy":"product_cat","embeddable":true,"href":"https:\/\/aquatiss.com.tn\/fr\/wp-json\/wp\/v2\/product_cat?post=13820"},{"taxonomy":"product_tag","embeddable":true,"href":"https:\/\/aquatiss.com.tn\/fr\/wp-json\/wp\/v2\/product_tag?post=13820"}],"curies":[{"name":"wp","href":"https:\/\/api.w.org\/{rel}","templated":true}]}}