{"id":13958,"date":"2018-09-26T15:30:58","date_gmt":"2018-09-26T15:30:58","guid":{"rendered":"http:\/\/gator4082.temp.domains\/~aquatiss\/produit\/distributeur-de-savon-abs-1-losdi-cj1003\/"},"modified":"2020-08-12T09:56:04","modified_gmt":"2020-08-12T09:56:04","slug":"distributeur-de-savon-abs-1-losdi-cj1003","status":"publish","type":"product","link":"https:\/\/aquatiss.com.tn\/fr\/produit\/distributeur-de-savon-abs-1-losdi-cj1003\/","title":{"rendered":"Distributeur de savon ABS 1 LOSDI CJ1003"},"content":{"rendered":"<p>Distributeur de savon ABS 1 LOSDI CJ1003<\/p>\n<h4>Caract\u00e9ristiques:<\/h4>\n<p>BOUTON POUSSOIR avec valve anticorrosion et anti-goutte.<br \/>\nDispositif de dosage de savon liquide avec r\u00e9servoir rechargeable.<br \/>\nR\u00e9servoir avec fen\u00eatre de visualisation de niveau du savon.<br \/>\nSupport, carcasse et valve en ABS blanc de haute qualit\u00e9 et r\u00e9sistance.<br \/>\nFermeture \u00e0 cl\u00e9<\/p>\n<h2>Distributeur de savon ABS 01L<\/h2>\n<p>Vision\u00a0 de la charge de savon disponible.<br \/>\nRendement maximal et longue dur\u00e9e de vie.<br \/>\nNettoyage et entretien faciles.<br \/>\nIndiqu\u00e9 pour les collectivit\u00e9s et les W.C. publics hautement fr\u00e9quent\u00e9s.<\/p>\n<p>Il est fortement conseill\u00e9 d&rsquo;utiliser le distributeur avec <a href=\"http:\/\/gator4082.temp.domains\/~aquatiss\/produit\/savon-a-glycerine-usage-frequent-bidon-5l-bell-main\/\">le savon liquide Bell main<\/a> .<\/p>\n","protected":false},"excerpt":{"rendered":"<p>Distributeur de savon ABS 1 LOSDI CJ1003<br \/>\nSyst\u00e8me\u00a0 anti-goutte.<br \/>\nDispositif de dosage de savon liquide avec r\u00e9servoir rechargeable.<\/p>\n","protected":false},"featured_media":13962,"comment_status":"open","ping_status":"closed","template":"","meta":[],"product_cat":[122,123,108],"product_tag":[713,228,192],"class_list":["post-13958","product","type-product","status-publish","has-post-thumbnail","hentry","product_cat-distributeurs-de-gel","product_cat-distributeurs-de-savon","product_cat-hygiene","product_tag-distributeur","product_tag-distributeur-de-gel","product_tag-distributeur-de-savon","pa_color-blanc","pa_contenance-1l","pa_domaine-collectivites","pa_domaine-entreprise","pa_domaine-food","pa_domaine-hotel","pa_domaine-industrie","pa_domaine-medical"],"_links":{"self":[{"href":"https:\/\/aquatiss.com.tn\/fr\/wp-json\/wp\/v2\/product\/13958","targetHints":{"allow":["GET"]}}],"collection":[{"href":"https:\/\/aquatiss.com.tn\/fr\/wp-json\/wp\/v2\/product"}],"about":[{"href":"https:\/\/aquatiss.com.tn\/fr\/wp-json\/wp\/v2\/types\/product"}],"replies":[{"embeddable":true,"href":"https:\/\/aquatiss.com.tn\/fr\/wp-json\/wp\/v2\/comments?post=13958"}],"wp:featuredmedia":[{"embeddable":true,"href":"https:\/\/aquatiss.com.tn\/fr\/wp-json\/wp\/v2\/media\/13962"}],"wp:attachment":[{"href":"https:\/\/aquatiss.com.tn\/fr\/wp-json\/wp\/v2\/media?parent=13958"}],"wp:term":[{"taxonomy":"product_cat","embeddable":true,"href":"https:\/\/aquatiss.com.tn\/fr\/wp-json\/wp\/v2\/product_cat?post=13958"},{"taxonomy":"product_tag","embeddable":true,"href":"https:\/\/aquatiss.com.tn\/fr\/wp-json\/wp\/v2\/product_tag?post=13958"}],"curies":[{"name":"wp","href":"https:\/\/api.w.org\/{rel}","templated":true}]}}