{"id":14209,"date":"2018-10-18T14:05:43","date_gmt":"2018-10-18T14:05:43","guid":{"rendered":"http:\/\/gator4082.temp.domains\/~aquatiss\/produit\/fontaine-fraiche-a-eau-bonbonne\/"},"modified":"2021-05-29T07:40:20","modified_gmt":"2021-05-29T07:40:20","slug":"fontaine-fraiche-a-eau-bonbonne","status":"publish","type":"product","link":"https:\/\/aquatiss.com.tn\/fr\/produit\/fontaine-fraiche-a-eau-bonbonne\/","title":{"rendered":"Fontaine fra\u00eeche \u00e0 eau avec bonbonne"},"content":{"rendered":"<p>Fontaine fraiche \u00e0 eau avec bonbonne<\/p>\n<p>UN <strong>NOUVEAU<\/strong> mod\u00e8le debout, \u00e9l\u00e9gant, innovant<br \/>\nEn effet , cette fontaine se caract\u00e9rise par un syst\u00e8me de refroidissement par compresseur<br \/>\nEnsuite,il est Disponible avec armoire de rangement<br \/>\nLes couleur disponible: en couleur gris<br \/>\nAinsi, il fournit de l&rsquo;eau ti\u00e8de et froide<br \/>\nUn robinet d&rsquo;eau chaude r\u00e9sistant aux enfants est disponible en fonction des besoins.<br \/>\nVase int\u00e9rieur en acier inoxydable<br \/>\nForte r\u00e9frig\u00e9ration ,\u00a0 faible bruit et longue dur\u00e9e de vie<br \/>\nPar cons\u00e9quent, il est fabriqu\u00e9 avec des mat\u00e9riaux de qualit\u00e9 alimentaire nationaux<\/p>\n<h4>Caract\u00e9ristiques techniques\u00a0:<\/h4>\n<p>Avec armoire de rangement<br \/>\nAlimentation: 220V \/ 50-60Hz<br \/>\nPuissance thermique: 500W<br \/>\nPuissance de refroidissement: 80W<br \/>\nCapacit\u00e9 de chauffage: 5 l \/ h<br \/>\nCapacit\u00e9 de refroidissement: 1 l \/ h<br \/>\nTemp\u00e9rature de l&rsquo;eau chaude :90 \u00b0 C<br \/>\nTemp\u00e9rature de l&rsquo;eau froide : 14 \u00b0 C<br \/>\nLe r\u00e9servoir d&rsquo;eau chaude est en acier inoxydable<\/p>\n<p>&nbsp;<\/p>\n<p><a href=\"http:\/\/gator4082.temp.domains\/~aquatiss\/nos-produits\/porte-filtre-pour-fontaine-fraiche\/attachment\/contrat-entreien-fontainefinal\/\" rel=\"attachment wp-att-14312\"><a class=\"maxbutton-1 maxbutton maxbutton-pdf\" target=\"_blank\" title=\"PDF\" rel=\"noopener\" href=\"http:\/\/gator4082.temp.domains\/~aquatiss\/wp-content\/uploads\/2018\/10\/CONTRAT-entreien-fontainefinal.pdf\"><span class='mb-text'>Contrat d'entretien<\/span><\/a><\/a><\/p>\n","protected":false},"excerpt":{"rendered":"<p>Syst\u00e8me de refroidissement: refroidissement par compresseur<br \/>\nDisponible avec armoire de rangement<br \/>\nDisponible en couleur gris<br \/>\nDisponible avec eau ti\u00e8de et froide<\/p>\n<p><a href=\"http:\/\/gator4082.temp.domains\/~aquatiss\/nos-produits\/porte-filtre-pour-fontaine-fraiche\/attachment\/contrat-entreien-fontainefinal\/\" rel=\"attachment wp-att-14312\">[maxbutton id=\"1\" url=\"http:\/\/gator4082.temp.domains\/~aquatiss\/wp-content\/uploads\/2018\/10\/CONTRAT-entreien-fontainefinal.pdf\" text=\"Contrat d'entretien\" ]<\/a><\/p>\n","protected":false},"featured_media":14317,"comment_status":"open","ping_status":"closed","template":"","meta":[],"product_cat":[264],"product_tag":[265],"class_list":["post-14209","product","type-product","status-publish","has-post-thumbnail","hentry","product_cat-fontaine-deau","product_tag-fontaine-deau","pa_alimentation-electrique-ac-220v5060hz"],"_links":{"self":[{"href":"https:\/\/aquatiss.com.tn\/fr\/wp-json\/wp\/v2\/product\/14209","targetHints":{"allow":["GET"]}}],"collection":[{"href":"https:\/\/aquatiss.com.tn\/fr\/wp-json\/wp\/v2\/product"}],"about":[{"href":"https:\/\/aquatiss.com.tn\/fr\/wp-json\/wp\/v2\/types\/product"}],"replies":[{"embeddable":true,"href":"https:\/\/aquatiss.com.tn\/fr\/wp-json\/wp\/v2\/comments?post=14209"}],"wp:featuredmedia":[{"embeddable":true,"href":"https:\/\/aquatiss.com.tn\/fr\/wp-json\/wp\/v2\/media\/14317"}],"wp:attachment":[{"href":"https:\/\/aquatiss.com.tn\/fr\/wp-json\/wp\/v2\/media?parent=14209"}],"wp:term":[{"taxonomy":"product_cat","embeddable":true,"href":"https:\/\/aquatiss.com.tn\/fr\/wp-json\/wp\/v2\/product_cat?post=14209"},{"taxonomy":"product_tag","embeddable":true,"href":"https:\/\/aquatiss.com.tn\/fr\/wp-json\/wp\/v2\/product_tag?post=14209"}],"curies":[{"name":"wp","href":"https:\/\/api.w.org\/{rel}","templated":true}]}}