{"id":14258,"date":"2018-10-22T15:17:16","date_gmt":"2018-10-22T15:17:16","guid":{"rendered":"http:\/\/gator4082.temp.domains\/~aquatiss\/?post_type=product&#038;p=14258"},"modified":"2026-01-17T10:08:25","modified_gmt":"2026-01-17T10:08:25","slug":"percolateur-a-cafe-6-5l","status":"publish","type":"product","link":"https:\/\/aquatiss.com.tn\/fr\/produit\/percolateur-a-cafe-6-5l\/","title":{"rendered":"Percolateur \u00e0 caf\u00e9 6.5L"},"content":{"rendered":"<p>&nbsp;<\/p>\n<p>Percolateur \u00e0 caf\u00e9 6.5L<\/p>\n<p>Traditionnellement, le percolateur \u00e0 caf\u00e9 est cet appareil imposant que l&rsquo;on retrouve dans les restaurants, les h\u00f4tels et autres lieux professionnels, servant \u00e0 pr\u00e9parer du caf\u00e9.<\/p>\n<p>Sa particularit\u00e9 est de pouvoir pr\u00e9parer du caf\u00e9 en grande quantit\u00e9 sans devoir faire plusieurs tourn\u00e9es, comme c&rsquo;est le cas habituellement avec les petites machines \u00e0 caf\u00e9.<\/p>\n<p>Le principe de la percolation est de pr\u00e9parer du caf\u00e9 gr\u00e2ce \u00e0 de l&rsquo;eau envoy\u00e9e \u00e0 haute pression sur une mouture de caf\u00e9.<\/p>\n<p>On commence par verser de l&rsquo;eau froide dans le r\u00e9servoir puis du caf\u00e9 moulu dans le filtre.<\/p>\n<p>Une fois l&rsquo;appareil enclench\u00e9, il chauffe , l&rsquo;eau forme de la vapeur et fait monter la pression jusqu&rsquo;\u00e0 arriver \u00e0 la mouture de caf\u00e9.<\/p>\n<p>L&rsquo;eau se charge ensuite de la saveur et des ar\u00f4mes du caf\u00e9 avant de terminer son cycle dans un autre compartiment.<\/p>\n<p>\u00c7a y est, le caf\u00e9 est pr\u00eat et il suffit d&rsquo;ouvrir le petit robinet du percolateur pour se servir une tasse. Ce cycle se fait rapidement.<\/p>\n<h4>Sp\u00e9cifications techniques:<\/h4>\n<p>Filtre en inox<br \/>\n\u00c9l\u00e9ment de chauffage anti adh\u00e9sif<br \/>\nPas de calcination<br \/>\nThermostat de r\u00e9gulation<br \/>\nId\u00e9al pour le petit d\u00e9jeuner, des bureaux, caf\u00e9, maison , H\u00f4tel et clubs etc&#8230;<br \/>\nNombre des tasses:40<br \/>\nTension: 230V\/1PH\/1.5KW<br \/>\nCapacit\u00e9: 6.5L<\/p>\n","protected":false},"excerpt":{"rendered":"<p>Filtre en inox<br \/>\n\u00c9l\u00e9ment de chauffage anti adh\u00e9sif<br \/>\nPas de calcination<br \/>\nThermostat de r\u00e9gulation<br \/>\nId\u00e9al pour le petit d\u00e9jeuner, des bureaux, caf\u00e9, maison , H\u00f4tel et clubs etc&#8230;<br \/>\nNombre des tasses:40<br \/>\nTension: 230V\/1PH\/1.5KW<br \/>\nCapacit\u00e9: 6.5L<\/p>\n","protected":false},"featured_media":14259,"comment_status":"open","ping_status":"closed","template":"","meta":[],"product_cat":[158,635],"product_tag":[1507],"class_list":["post-14258","product","type-product","status-publish","has-post-thumbnail","hentry","product_cat-machine-cafe","product_cat-percolateurs","product_tag-percolateur","pa_material-inox"],"_links":{"self":[{"href":"https:\/\/aquatiss.com.tn\/fr\/wp-json\/wp\/v2\/product\/14258","targetHints":{"allow":["GET"]}}],"collection":[{"href":"https:\/\/aquatiss.com.tn\/fr\/wp-json\/wp\/v2\/product"}],"about":[{"href":"https:\/\/aquatiss.com.tn\/fr\/wp-json\/wp\/v2\/types\/product"}],"replies":[{"embeddable":true,"href":"https:\/\/aquatiss.com.tn\/fr\/wp-json\/wp\/v2\/comments?post=14258"}],"wp:featuredmedia":[{"embeddable":true,"href":"https:\/\/aquatiss.com.tn\/fr\/wp-json\/wp\/v2\/media\/14259"}],"wp:attachment":[{"href":"https:\/\/aquatiss.com.tn\/fr\/wp-json\/wp\/v2\/media?parent=14258"}],"wp:term":[{"taxonomy":"product_cat","embeddable":true,"href":"https:\/\/aquatiss.com.tn\/fr\/wp-json\/wp\/v2\/product_cat?post=14258"},{"taxonomy":"product_tag","embeddable":true,"href":"https:\/\/aquatiss.com.tn\/fr\/wp-json\/wp\/v2\/product_tag?post=14258"}],"curies":[{"name":"wp","href":"https:\/\/api.w.org\/{rel}","templated":true}]}}