{"id":14262,"date":"2018-10-23T10:19:47","date_gmt":"2018-10-23T10:19:47","guid":{"rendered":"http:\/\/gator4082.temp.domains\/~aquatiss\/?post_type=product&#038;p=14262"},"modified":"2022-08-10T10:25:15","modified_gmt":"2022-08-10T10:25:15","slug":"seche-main-vertical-jet-automatique-white","status":"publish","type":"product","link":"https:\/\/aquatiss.com.tn\/fr\/produit\/seche-main-vertical-jet-automatique-white\/","title":{"rendered":"S\u00e8che main Vertical JET automatique WHITE"},"content":{"rendered":"<p>S\u00e8che main Vertical JET automatique WHITE<\/p>\n<p>automatique \u00e0 air puls\u00e9 avec filtre<\/p>\n<p>S\u00e9chage rapide 05 0 10 secondes<br \/>\npuissant jet d&rsquo;air 324 km\/h<br \/>\nFaible consommation d&rsquo;\u00e9nergie<br \/>\n70% d&rsquo;\u00e9nergie en moins qu&rsquo;un\u00a0 s\u00e8che-mains \u00e0 air chaud conventionnel,<br \/>\nune \u00e9conomie de co\u00fbts de 85% par rapport aux serviettes en papier<br \/>\nCapteur infrarouge: Mise en marche \/ arr\u00eat automatique<br \/>\nLa minuterie int\u00e9gr\u00e9e arr\u00eate l&rsquo;appareil apr\u00e8s 40 secondes.<br \/>\n\u00c9conomie d&rsquo;argent Protection multifonctionnelle<\/p>\n<h4>Caract\u00e9ristiques S\u00e8che main Vertical JET automatique WHITE:<\/h4>\n<p>Temps de s\u00e9chage: 05 \u00e0 10 secondes<br \/>\nCapteur infrarouge<br \/>\nInstallation murale<br \/>\nUtilisation pratique<br \/>\nArr\u00eat automatique<br \/>\nPuissance min\/max: 1200\/1800W<br \/>\nVitesse du moteur 90m\/s<br \/>\nFaible niveau sonore, design moderne<\/p>\n<p><a href=\"http:\/\/gator4082.temp.domains\/~aquatiss\/?s=S%C3%A8che+main+Vertical+JET+automatique&amp;post_type=product&amp;type_aws=true&amp;doing_wp_cron=1594306802.4035630226135253906250\">Existe en d&rsquo;autres couleurs<\/a><\/p>\n","protected":false},"excerpt":{"rendered":"<p>Importante hygi\u00e8ne des mains fonctionnement sans contact-Vitesse de s\u00e9chage ultra rapide 5 s -Certifi\u00e9 hygi\u00e9nique HACCP international \u00c9cologique-Co\u00fbts de fonctionnement extr\u00eamement r\u00e9duits<br \/>\nR\u00e9sistant et durable-Faible empreinte carbone<br \/>\n<strong>Garantie : 1 ans<\/strong><\/p>\n","protected":false},"featured_media":14268,"comment_status":"open","ping_status":"closed","template":"","meta":[],"product_cat":[149],"product_tag":[200],"class_list":["post-14262","product","type-product","status-publish","has-post-thumbnail","hentry","product_cat-seche-mains","product_tag-seche-main","pa_alimentation-electrique-ac-220v-50hz","pa_color-blanc","pa_puissance-1200w","pa_puissance-1800w"],"_links":{"self":[{"href":"https:\/\/aquatiss.com.tn\/fr\/wp-json\/wp\/v2\/product\/14262","targetHints":{"allow":["GET"]}}],"collection":[{"href":"https:\/\/aquatiss.com.tn\/fr\/wp-json\/wp\/v2\/product"}],"about":[{"href":"https:\/\/aquatiss.com.tn\/fr\/wp-json\/wp\/v2\/types\/product"}],"replies":[{"embeddable":true,"href":"https:\/\/aquatiss.com.tn\/fr\/wp-json\/wp\/v2\/comments?post=14262"}],"wp:featuredmedia":[{"embeddable":true,"href":"https:\/\/aquatiss.com.tn\/fr\/wp-json\/wp\/v2\/media\/14268"}],"wp:attachment":[{"href":"https:\/\/aquatiss.com.tn\/fr\/wp-json\/wp\/v2\/media?parent=14262"}],"wp:term":[{"taxonomy":"product_cat","embeddable":true,"href":"https:\/\/aquatiss.com.tn\/fr\/wp-json\/wp\/v2\/product_cat?post=14262"},{"taxonomy":"product_tag","embeddable":true,"href":"https:\/\/aquatiss.com.tn\/fr\/wp-json\/wp\/v2\/product_tag?post=14262"}],"curies":[{"name":"wp","href":"https:\/\/api.w.org\/{rel}","templated":true}]}}