{"id":14289,"date":"2018-10-24T08:22:19","date_gmt":"2018-10-24T08:22:19","guid":{"rendered":"http:\/\/gator4082.temp.domains\/~aquatiss\/?post_type=product&#038;p=14289"},"modified":"2021-05-29T07:40:21","modified_gmt":"2021-05-29T07:40:21","slug":"porte-filtre-pour-fontaine-fraiche","status":"publish","type":"product","link":"https:\/\/aquatiss.com.tn\/fr\/produit\/porte-filtre-pour-fontaine-fraiche\/","title":{"rendered":"Porte filtre pour fontaine fraiche"},"content":{"rendered":"<p>Porte filtre pour fontaine fraiche<br \/>\nEn effet , pour une qualit\u00e9 d&rsquo;eau meilleur , l\u2019eau du robinet traverse diff\u00e9rentes cartouches.<br \/>\nAinsi , leurs fonctions est d\u2019apporter un premier niveau de filtration pour notamment prot\u00e9ger la membrane en pi\u00e9geant des s\u00e9diments, en d\u00e9-chlorant l\u2019eau gr\u00e2ce au charbon actif, ou en modifiant la structure du calcaire par le recours au KDF (m\u00e9lange de cuivre et de zinc)\u2026<\/p>\n<p>Composition du kit :<\/p>\n<p>Trois portes filtres<\/p>\n<p>Kit de 03 filtre (<a href=\"http:\/\/gator4082.temp.domains\/~aquatiss\/nos-produits\/electromenager\/fontaine-deau\/kit-03-filtres-pour-fontaine-fraiche\/\">Cliquez ici <\/a>)<\/p>\n<p>&nbsp;<\/p>\n<p><a href=\"http:\/\/gator4082.temp.domains\/~aquatiss\/nos-produits\/porte-filtre-pour-fontaine-fraiche\/attachment\/contrat-entreien-fontainefinal\/\" rel=\"attachment wp-att-14312\"><a class=\"maxbutton-1 maxbutton maxbutton-pdf\" target=\"_blank\" title=\"PDF\" rel=\"noopener\" href=\"http:\/\/gator4082.temp.domains\/~aquatiss\/wp-content\/uploads\/2018\/10\/CONTRAT-entreien-fontainefinal.pdf\"><span class='mb-text'>Contrat d'entretien<\/span><\/a><\/a><\/p>\n","protected":false},"excerpt":{"rendered":"<p>Porte filtre pour fontaine fraiche<br \/>\nComposition du kit :<br \/>\nTrois portes filtres<\/p>\n<p><a href=\"http:\/\/gator4082.temp.domains\/~aquatiss\/nos-produits\/porte-filtre-pour-fontaine-fraiche\/attachment\/contrat-entreien-fontainefinal\/\" rel=\"attachment wp-att-14312\">[maxbutton id=\"1\" url=\"http:\/\/gator4082.temp.domains\/~aquatiss\/wp-content\/uploads\/2018\/10\/CONTRAT-entreien-fontainefinal.pdf\" text=\"Contrat d'entretien\" ]<\/a><\/p>\n","protected":false},"featured_media":14304,"comment_status":"open","ping_status":"closed","template":"","meta":[],"product_cat":[1999],"product_tag":[1508,1509,1465],"class_list":["post-14289","product","type-product","status-publish","has-post-thumbnail","hentry","product_cat-systeme-filtrage-eau","product_tag-filtre","product_tag-fontaine","product_tag-fontaine-a-eau-sur-reseau"],"_links":{"self":[{"href":"https:\/\/aquatiss.com.tn\/fr\/wp-json\/wp\/v2\/product\/14289","targetHints":{"allow":["GET"]}}],"collection":[{"href":"https:\/\/aquatiss.com.tn\/fr\/wp-json\/wp\/v2\/product"}],"about":[{"href":"https:\/\/aquatiss.com.tn\/fr\/wp-json\/wp\/v2\/types\/product"}],"replies":[{"embeddable":true,"href":"https:\/\/aquatiss.com.tn\/fr\/wp-json\/wp\/v2\/comments?post=14289"}],"wp:featuredmedia":[{"embeddable":true,"href":"https:\/\/aquatiss.com.tn\/fr\/wp-json\/wp\/v2\/media\/14304"}],"wp:attachment":[{"href":"https:\/\/aquatiss.com.tn\/fr\/wp-json\/wp\/v2\/media?parent=14289"}],"wp:term":[{"taxonomy":"product_cat","embeddable":true,"href":"https:\/\/aquatiss.com.tn\/fr\/wp-json\/wp\/v2\/product_cat?post=14289"},{"taxonomy":"product_tag","embeddable":true,"href":"https:\/\/aquatiss.com.tn\/fr\/wp-json\/wp\/v2\/product_tag?post=14289"}],"curies":[{"name":"wp","href":"https:\/\/api.w.org\/{rel}","templated":true}]}}