{"id":14311,"date":"2018-10-24T11:14:35","date_gmt":"2018-10-24T11:14:35","guid":{"rendered":"http:\/\/gator4082.temp.domains\/~aquatiss\/nos-produits\/kit-03-filtres-fontaine-fraiche-copie\/"},"modified":"2021-05-29T07:40:22","modified_gmt":"2021-05-29T07:40:22","slug":"kit-03-filtres-fontaine-fraiche","status":"publish","type":"product","link":"https:\/\/aquatiss.com.tn\/fr\/produit\/kit-03-filtres-fontaine-fraiche\/","title":{"rendered":"kit 03 filtres pour fontaine fraiche"},"content":{"rendered":"<p>kit 03 filtres pour fontaine fraiche<br \/>\nEn effet , pour une qualit\u00e9 d&rsquo;eau meilleur , l\u2019eau du robinet traverse diff\u00e9rentes<br \/>\ncartouches.<br \/>\nAinsi , leurs onctions est d\u2019apporter un premier niveau de filtration pour notamment prot\u00e9ger la membrane en pi\u00e9geant<br \/>\ndes s\u00e9diments, en d\u00e9-chlorant l\u2019eau gr\u00e2ce au charbon actif, ou en modifiant la structure du calcaire par le recours<br \/>\nau KDF (m\u00e9lange de cuivre et de zinc)\u2026<\/p>\n<p>Composition du kit :<\/p>\n<p>-01 cartouche : pr\u00e9 filtre s\u00e9diment \u00e0 5 microns<\/p>\n<p>-01 charbon actif GAC<\/p>\n<p>-01 charbon actif CTO<\/p>\n<p>D\u00e9couvrez notre gamme des fontaines <a href=\"http:\/\/gator4082.temp.domains\/~aquatiss\/?s=fontaine&amp;post_type=product&amp;dgwt_wcas=1&amp;doing_wp_cron=1540305667.5042629241943359375000\">par ici .<\/a><\/p>\n<p><a class=\"maxbutton-1 maxbutton maxbutton-pdf\" target=\"_blank\" title=\"PDF\" rel=\"noopener\" href=\"http:\/\/gator4082.temp.domains\/~aquatiss\/wp-content\/uploads\/2018\/10\/CONTRAT-entreien-fontainefinal.pdf\"><span class='mb-text'>Contrat d'entretien<\/span><\/a><\/p>\n","protected":false},"excerpt":{"rendered":"<p>Composition du kit :<br \/>\n-01 cartouche : pr\u00e9 filtre s\u00e9diment \u00e0 5 microns<br \/>\n-01 charbon actif GAC<br \/>\n-01 charbon actif CTO<\/p>\n<p><a href=\"http:\/\/gator4082.temp.domains\/~aquatiss\/nos-produits\/porte-filtre-pour-fontaine-fraiche\/attachment\/contrat-entreien-fontainefinal\/\" rel=\"attachment wp-att-14312\">[maxbutton id=\"1\" url=\"http:\/\/gator4082.temp.domains\/~aquatiss\/wp-content\/uploads\/2018\/10\/CONTRAT-entreien-fontainefinal.pdf\" text=\"Contrat d'entretien\" ]<\/a><\/p>\n<p>&nbsp;<\/p>\n","protected":false},"featured_media":14277,"comment_status":"open","ping_status":"closed","template":"","meta":[],"product_cat":[264,1999],"product_tag":[1508,1465],"class_list":["post-14311","product","type-product","status-publish","has-post-thumbnail","hentry","product_cat-fontaine-deau","product_cat-systeme-filtrage-eau","product_tag-filtre","product_tag-fontaine-a-eau-sur-reseau"],"_links":{"self":[{"href":"https:\/\/aquatiss.com.tn\/fr\/wp-json\/wp\/v2\/product\/14311","targetHints":{"allow":["GET"]}}],"collection":[{"href":"https:\/\/aquatiss.com.tn\/fr\/wp-json\/wp\/v2\/product"}],"about":[{"href":"https:\/\/aquatiss.com.tn\/fr\/wp-json\/wp\/v2\/types\/product"}],"replies":[{"embeddable":true,"href":"https:\/\/aquatiss.com.tn\/fr\/wp-json\/wp\/v2\/comments?post=14311"}],"wp:featuredmedia":[{"embeddable":true,"href":"https:\/\/aquatiss.com.tn\/fr\/wp-json\/wp\/v2\/media\/14277"}],"wp:attachment":[{"href":"https:\/\/aquatiss.com.tn\/fr\/wp-json\/wp\/v2\/media?parent=14311"}],"wp:term":[{"taxonomy":"product_cat","embeddable":true,"href":"https:\/\/aquatiss.com.tn\/fr\/wp-json\/wp\/v2\/product_cat?post=14311"},{"taxonomy":"product_tag","embeddable":true,"href":"https:\/\/aquatiss.com.tn\/fr\/wp-json\/wp\/v2\/product_tag?post=14311"}],"curies":[{"name":"wp","href":"https:\/\/api.w.org\/{rel}","templated":true}]}}