{"id":1444,"date":"2017-01-02T16:15:12","date_gmt":"2017-01-02T16:15:12","guid":{"rendered":"http:\/\/gator4082.temp.domains\/~aquatiss\/?post_type=product&#038;p=1444"},"modified":"2021-05-31T15:07:39","modified_gmt":"2021-05-31T15:07:39","slug":"poubelle-collecpro-inox-rolls-a-pedale-pieds-25l","status":"publish","type":"product","link":"https:\/\/aquatiss.com.tn\/fr\/produit\/poubelle-collecpro-inox-rolls-a-pedale-pieds-25l\/","title":{"rendered":"Poubelle collecpro inox Roll&rsquo;s \u00e0 p\u00e9dale et sur pieds 25L"},"content":{"rendered":"<p>Collecte d\u00e9chet \u00e0 p\u00e9dale et sur pieds<br \/>\nEsth\u00e9tique, fonctionnelle et vraiment robuste<br \/>\nGamme large conforme aux normes d\u2019hygi\u00e8ne et adapt\u00e9 \u00e0 la m\u00e9thode HACCP<br \/>\nAdapt\u00e9 au milieu hospitalier,pharmaceutique,cuisine&#8230;<br \/>\nFormat adapt\u00e9 aux espaces \u00e9troits<br \/>\nVolume 25 L<br \/>\nDimension corps : HxLxP 40x35x19cm<\/p>\n","protected":false},"excerpt":{"rendered":"<p>Collecte d\u00e9chet \u00e0 p\u00e9dale et sur pieds 25L<br \/>\nGamme large conforme aux normes d\u2019hygi\u00e8ne et adapt\u00e9 \u00e0 la m\u00e9thode HACCP<\/p>\n","protected":false},"featured_media":1649,"comment_status":"open","ping_status":"closed","template":"","meta":[],"product_cat":[290,289,113,2056,108,293],"product_tag":[331,208],"class_list":["post-1444","product","type-product","status-publish","has-post-thumbnail","hentry","product_cat-collecteur-de-dechet-exterieur","product_cat-collecteur-de-dechet-interieur","product_cat-collecteur-de-dechets","product_cat-gamme-rolls","product_cat-hygiene","product_cat-poubelles","product_tag-collecte-des-dechets","product_tag-poubelle-a-pedale","pa_domaine-collectivites","pa_domaine-entreprise","pa_domaine-food","pa_domaine-hotel","pa_domaine-industrie","pa_domaine-medical","pa_domaine-proprete","pa_material-inox"],"_links":{"self":[{"href":"https:\/\/aquatiss.com.tn\/fr\/wp-json\/wp\/v2\/product\/1444","targetHints":{"allow":["GET"]}}],"collection":[{"href":"https:\/\/aquatiss.com.tn\/fr\/wp-json\/wp\/v2\/product"}],"about":[{"href":"https:\/\/aquatiss.com.tn\/fr\/wp-json\/wp\/v2\/types\/product"}],"replies":[{"embeddable":true,"href":"https:\/\/aquatiss.com.tn\/fr\/wp-json\/wp\/v2\/comments?post=1444"}],"wp:featuredmedia":[{"embeddable":true,"href":"https:\/\/aquatiss.com.tn\/fr\/wp-json\/wp\/v2\/media\/1649"}],"wp:attachment":[{"href":"https:\/\/aquatiss.com.tn\/fr\/wp-json\/wp\/v2\/media?parent=1444"}],"wp:term":[{"taxonomy":"product_cat","embeddable":true,"href":"https:\/\/aquatiss.com.tn\/fr\/wp-json\/wp\/v2\/product_cat?post=1444"},{"taxonomy":"product_tag","embeddable":true,"href":"https:\/\/aquatiss.com.tn\/fr\/wp-json\/wp\/v2\/product_tag?post=1444"}],"curies":[{"name":"wp","href":"https:\/\/api.w.org\/{rel}","templated":true}]}}