{"id":1452,"date":"2017-01-02T17:00:33","date_gmt":"2017-01-02T17:00:33","guid":{"rendered":"http:\/\/gator4082.temp.domains\/~aquatiss\/?post_type=product&#038;p=1452"},"modified":"2021-05-31T15:07:16","modified_gmt":"2021-05-31T15:07:16","slug":"poubelle-rectangulaire-design-rolls","status":"publish","type":"product","link":"https:\/\/aquatiss.com.tn\/fr\/produit\/poubelle-rectangulaire-design-rolls\/","title":{"rendered":"Poubelle rectangulaire design Roll&rsquo;s"},"content":{"rendered":"<p>Poubelle rectangulaire a pos\u00e9 en t\u00f4le d&rsquo;acier galvanis\u00e9e \u00e9lectro-zingu\u00e9e et peinte en \u00e9poxy<br \/>\nProtection \u00e9lev\u00e9e contre la corrosion gr\u00e2ce au rev\u00eatement r\u00e9sistant aux UV<br \/>\nPeut \u00eatre \u00e9quip\u00e9e de cendrier (en option)<br \/>\nR\u00e9pond \u00e0 toutes les destinations (h\u00f4tel, clinique, Bureau\u2026)<br \/>\nGarantie : 5 ans<\/p>\n","protected":false},"excerpt":{"rendered":"<p>Poubelle rectangulaire design Roll&rsquo;s<br \/>\nPoubelle rectangulaire a pos\u00e9 en t\u00f4le d&rsquo;acier galvanis\u00e9e<\/p>\n","protected":false},"featured_media":10655,"comment_status":"open","ping_status":"closed","template":"","meta":[],"product_cat":[2056,108,293,298,294,295],"product_tag":[278],"class_list":["post-1452","product","type-product","status-publish","has-post-thumbnail","hentry","product_cat-gamme-rolls","product_cat-hygiene","product_cat-poubelles","product_cat-poubelles-cendriers","product_cat-poubelles-dexterieur","product_cat-poubelles-interieure","product_tag-poubelle","pa_domaine-collectivites","pa_domaine-entreprise","pa_domaine-food","pa_domaine-hotel","pa_domaine-industrie","pa_domaine-medical","pa_domaine-proprete"],"_links":{"self":[{"href":"https:\/\/aquatiss.com.tn\/fr\/wp-json\/wp\/v2\/product\/1452","targetHints":{"allow":["GET"]}}],"collection":[{"href":"https:\/\/aquatiss.com.tn\/fr\/wp-json\/wp\/v2\/product"}],"about":[{"href":"https:\/\/aquatiss.com.tn\/fr\/wp-json\/wp\/v2\/types\/product"}],"replies":[{"embeddable":true,"href":"https:\/\/aquatiss.com.tn\/fr\/wp-json\/wp\/v2\/comments?post=1452"}],"wp:featuredmedia":[{"embeddable":true,"href":"https:\/\/aquatiss.com.tn\/fr\/wp-json\/wp\/v2\/media\/10655"}],"wp:attachment":[{"href":"https:\/\/aquatiss.com.tn\/fr\/wp-json\/wp\/v2\/media?parent=1452"}],"wp:term":[{"taxonomy":"product_cat","embeddable":true,"href":"https:\/\/aquatiss.com.tn\/fr\/wp-json\/wp\/v2\/product_cat?post=1452"},{"taxonomy":"product_tag","embeddable":true,"href":"https:\/\/aquatiss.com.tn\/fr\/wp-json\/wp\/v2\/product_tag?post=1452"}],"curies":[{"name":"wp","href":"https:\/\/api.w.org\/{rel}","templated":true}]}}