{"id":1454,"date":"2017-01-02T17:29:29","date_gmt":"2017-01-02T16:29:29","guid":{"rendered":"http:\/\/gator4082.temp.domains\/~aquatiss\/?post_type=product&#038;p=1454"},"modified":"2017-02-07T16:59:57","modified_gmt":"2017-02-07T15:59:57","slug":"poubelle-25l-acier-galvanise-poudre-epoxy","status":"publish","type":"product","link":"https:\/\/aquatiss.com.tn\/fr\/produit\/poubelle-25l-acier-galvanise-poudre-epoxy\/","title":{"rendered":"Poubelle 25L en acier galvanis\u00e9 poudr\u00e9 \u00e9poxy"},"content":{"rendered":"<p>Poubelle 25L en acier galvanis\u00e9 poudr\u00e9 \u00e9poxy  peut \u00eatre mise soit en int\u00e9rieur ou en ext\u00e9rieur<br \/>\nCouleur aluminium, r\u00e9pond \u00e0 toutes les destinations(Chambre, Bureau\u2026)<br \/>\nBase avec joint de protection \u00e9vite les rayures sur sol-entretien facile<\/p>\n","protected":false},"excerpt":{"rendered":"<p>Poubelle 25L en acier galvanis\u00e9 poudr\u00e9 \u00e9poxy  peut \u00eatre mise soit en int\u00e9rieur ou en ext\u00e9rieur<\/p>\n","protected":false},"featured_media":1655,"comment_status":"open","ping_status":"closed","template":"","meta":[],"product_cat":[108,293,294,295],"product_tag":[278],"class_list":["post-1454","product","type-product","status-publish","has-post-thumbnail","hentry","product_cat-hygiene","product_cat-poubelles","product_cat-poubelles-dexterieur","product_cat-poubelles-interieure","product_tag-poubelle","pa_contenance-25l","pa_domaine-collectivites","pa_domaine-entreprise","pa_domaine-food","pa_domaine-hotel","pa_domaine-industrie","pa_domaine-medical","pa_domaine-proprete"],"_links":{"self":[{"href":"https:\/\/aquatiss.com.tn\/fr\/wp-json\/wp\/v2\/product\/1454","targetHints":{"allow":["GET"]}}],"collection":[{"href":"https:\/\/aquatiss.com.tn\/fr\/wp-json\/wp\/v2\/product"}],"about":[{"href":"https:\/\/aquatiss.com.tn\/fr\/wp-json\/wp\/v2\/types\/product"}],"replies":[{"embeddable":true,"href":"https:\/\/aquatiss.com.tn\/fr\/wp-json\/wp\/v2\/comments?post=1454"}],"wp:featuredmedia":[{"embeddable":true,"href":"https:\/\/aquatiss.com.tn\/fr\/wp-json\/wp\/v2\/media\/1655"}],"wp:attachment":[{"href":"https:\/\/aquatiss.com.tn\/fr\/wp-json\/wp\/v2\/media?parent=1454"}],"wp:term":[{"taxonomy":"product_cat","embeddable":true,"href":"https:\/\/aquatiss.com.tn\/fr\/wp-json\/wp\/v2\/product_cat?post=1454"},{"taxonomy":"product_tag","embeddable":true,"href":"https:\/\/aquatiss.com.tn\/fr\/wp-json\/wp\/v2\/product_tag?post=1454"}],"curies":[{"name":"wp","href":"https:\/\/api.w.org\/{rel}","templated":true}]}}