{"id":14695,"date":"2018-11-22T09:26:20","date_gmt":"2018-11-22T09:26:20","guid":{"rendered":"http:\/\/gator4082.temp.domains\/~aquatiss\/?post_type=product&#038;p=14695"},"modified":"2018-11-22T09:28:14","modified_gmt":"2018-11-22T09:28:14","slug":"monobrosse-professionnelle-tmp-tp43","status":"publish","type":"product","link":"https:\/\/aquatiss.com.tn\/fr\/produit\/monobrosse-professionnelle-tmp-tp43\/","title":{"rendered":"Monobrosse professionnelle   TMP TP43"},"content":{"rendered":"<p>Monobrosse professionnelle TMP TP43<\/p>\n<p>Le poids exerc\u00e9 sur le sol et la puissance du moteur permettent \u00e0 l\u2019op\u00e9rateur d\u2019atteindre des performances de lavage et de polissage \u00e9lev\u00e9es<br \/>\nGrand r\u00e9servoir optionnel (15 l.), Extr\u00eamement robuste, pouvant \u00eatre mont\u00e9 sans outils.<br \/>\nSa conception abaisse le centre de gravit\u00e9 de l&rsquo;appareil, augmentant ainsi son action sur le sol.<br \/>\nLes supports lui permettent de se tenir debout, facilitant ainsi les op\u00e9rations de remplissage en eau.<\/p>\n<p>Sp\u00e9cification technique:<br \/>\nPuissance 1100W<br \/>\nRotation:1600rpm<br \/>\nDiam\u00e8tre Brosse :430mm<br \/>\nDiam\u00e8tre pad drive: 430mm<br \/>\nCapacit\u00e9 de r\u00e9servoir: 15l<\/p>\n<p>En option:<br \/>\nPlateau monobrosse TMB d430 ref: 613.431362<br \/>\nreservoir monobrosse TMB 15l ref: 613.224741<\/p>\n","protected":false},"excerpt":{"rendered":"<p>Puissance 1100W<br \/>\nRotation:1600rpm<br \/>\nDiam\u00e8tre Brosse :430mm<br \/>\nDiam\u00e8tre pad drive: 430mm<\/p>\n","protected":false},"featured_media":14698,"comment_status":"open","ping_status":"closed","template":"","meta":[],"product_cat":[132],"product_tag":[],"class_list":["post-14695","product","type-product","status-publish","has-post-thumbnail","hentry","product_cat-mono-brosse","pa_puissance-1100w"],"_links":{"self":[{"href":"https:\/\/aquatiss.com.tn\/fr\/wp-json\/wp\/v2\/product\/14695","targetHints":{"allow":["GET"]}}],"collection":[{"href":"https:\/\/aquatiss.com.tn\/fr\/wp-json\/wp\/v2\/product"}],"about":[{"href":"https:\/\/aquatiss.com.tn\/fr\/wp-json\/wp\/v2\/types\/product"}],"replies":[{"embeddable":true,"href":"https:\/\/aquatiss.com.tn\/fr\/wp-json\/wp\/v2\/comments?post=14695"}],"wp:featuredmedia":[{"embeddable":true,"href":"https:\/\/aquatiss.com.tn\/fr\/wp-json\/wp\/v2\/media\/14698"}],"wp:attachment":[{"href":"https:\/\/aquatiss.com.tn\/fr\/wp-json\/wp\/v2\/media?parent=14695"}],"wp:term":[{"taxonomy":"product_cat","embeddable":true,"href":"https:\/\/aquatiss.com.tn\/fr\/wp-json\/wp\/v2\/product_cat?post=14695"},{"taxonomy":"product_tag","embeddable":true,"href":"https:\/\/aquatiss.com.tn\/fr\/wp-json\/wp\/v2\/product_tag?post=14695"}],"curies":[{"name":"wp","href":"https:\/\/api.w.org\/{rel}","templated":true}]}}