{"id":14946,"date":"2018-12-06T10:43:09","date_gmt":"2018-12-06T10:43:09","guid":{"rendered":"http:\/\/gator4082.temp.domains\/~aquatiss\/nos-produits\/seche-cheveux-professionnel-hotel-1200w\/"},"modified":"2022-10-26T16:10:19","modified_gmt":"2022-10-26T16:10:19","slug":"seche-cheveux-professionnel-hotel-1200w","status":"publish","type":"product","link":"https:\/\/aquatiss.com.tn\/fr\/produit\/seche-cheveux-professionnel-hotel-1200w\/","title":{"rendered":"S\u00e8che cheveux  professionnel pour h\u00f4tel 1200W"},"content":{"rendered":"<p>S\u00e8che cheveux professionnel pour h\u00f4tel 1200W<br \/>\nS\u00e8che cheveux mural 1200W avec prise rasoir universel 115\/220V<br \/>\nPoign\u00e9e \u00e9quip\u00e9 d\u2019un micro-interrupteur<br \/>\nR\u00e9glage de la vitesse et de la chaleur en appuyant sur la touche<br \/>\nInterrupteur principal<br \/>\nSyst\u00e8me d\u2019auto-protection contre la surchauffe<br \/>\nMoteur silencieux et longue dur\u00e9e<\/p>\n<h3>Caract\u00e9ristiques:<\/h3>\n<p>Fixation: Mural ou Tiroir<br \/>\nCouleur Blanc<br \/>\nPoign\u00e9e ergonomique<br \/>\n2 niveaux de temp\u00e9rature<br \/>\nBouton ON\/OFF<br \/>\nAnti chocs \u00e9lectriques<br \/>\nFixations incluses-220-240V AC-50Hz-CE<br \/>\nclass IPX1<br \/>\nVitesse de l\u2019air: 12m\/s<br \/>\nConsommation \u00e9lectrique 5,5 A<\/p>\n","protected":false},"excerpt":{"rendered":"<p>Poign\u00e9e \u00e9quip\u00e9 d\u2019un micro-interrupteur<br \/>\nR\u00e9glage de la vitesse et de la chaleur en appuyant sur la touche<br \/>\nInterrupteur principal<br \/>\nSyst\u00e8me d\u2019auto-protection contre la surchauffe<br \/>\nMoteur silencieux et longue dur\u00e9e<\/p>\n","protected":false},"featured_media":8583,"comment_status":"open","ping_status":"closed","template":"","meta":[],"product_cat":[602],"product_tag":[],"class_list":["post-14946","product","type-product","status-publish","has-post-thumbnail","hentry","product_cat-seche-cheveux-electromenager","pa_color-blanc","pa_domaine-hotel"],"_links":{"self":[{"href":"https:\/\/aquatiss.com.tn\/fr\/wp-json\/wp\/v2\/product\/14946","targetHints":{"allow":["GET"]}}],"collection":[{"href":"https:\/\/aquatiss.com.tn\/fr\/wp-json\/wp\/v2\/product"}],"about":[{"href":"https:\/\/aquatiss.com.tn\/fr\/wp-json\/wp\/v2\/types\/product"}],"replies":[{"embeddable":true,"href":"https:\/\/aquatiss.com.tn\/fr\/wp-json\/wp\/v2\/comments?post=14946"}],"wp:featuredmedia":[{"embeddable":true,"href":"https:\/\/aquatiss.com.tn\/fr\/wp-json\/wp\/v2\/media\/8583"}],"wp:attachment":[{"href":"https:\/\/aquatiss.com.tn\/fr\/wp-json\/wp\/v2\/media?parent=14946"}],"wp:term":[{"taxonomy":"product_cat","embeddable":true,"href":"https:\/\/aquatiss.com.tn\/fr\/wp-json\/wp\/v2\/product_cat?post=14946"},{"taxonomy":"product_tag","embeddable":true,"href":"https:\/\/aquatiss.com.tn\/fr\/wp-json\/wp\/v2\/product_tag?post=14946"}],"curies":[{"name":"wp","href":"https:\/\/api.w.org\/{rel}","templated":true}]}}