{"id":14989,"date":"2019-02-13T16:23:17","date_gmt":"2019-02-13T16:23:17","guid":{"rendered":"http:\/\/gator4082.temp.domains\/~aquatiss\/?post_type=product&#038;p=14989"},"modified":"2024-02-14T14:10:37","modified_gmt":"2024-02-14T14:10:37","slug":"kitchinette-equipee-bi-couleur-horizon-1m%c2%b2-au-sol","status":"publish","type":"product","link":"https:\/\/aquatiss.com.tn\/fr\/produit\/kitchinette-equipee-bi-couleur-horizon-1m%c2%b2-au-sol\/","title":{"rendered":"Kitchinette \u00e9quip\u00e9e BI-couleur HORIZON 1m\u00b2 au sol"},"content":{"rendered":"<p>Kitchinette BI-couleur HORIZON 1m\u00b2 au sol<\/p>\n<p>Avec un savoir-faire de pr\u00e8s de 25 ans dans l\u2019h\u00f4tellerie et la restauration, <strong>Aquatiss<\/strong> vous offre<br \/>\nses kitchenettes qui sont con\u00e7ues par un des plus grands sp\u00e9cialistes de l&rsquo;\u00e9quipement mobilier pour h\u00f4tels et collectivit\u00e9s. Livr\u00e9es pr\u00eates \u00e0 fonctionner, il vous reste seulement les raccordements eau et \u00e9lectricit\u00e9 \u00e0 faire<\/p>\n<h4>La mini cuisine fonctionnelle : id\u00e9ale pour les petits espaces<\/h4>\n<p>Les <strong>kitchenettes Aquatiss<\/strong> offrent toutes les fonctions d\u2019une cuisine traditionnelle dans un encombrement minimum Moins de 1m2 au sol.<br \/>\nPour un int\u00e9rieur harmonieux, 2 mod\u00e8les de kitchenettes sont propos\u00e9s, Horizon et Prima.<\/p>\n<h4>Nous vous proposons un mobilier de cuisine au prix le plus juste<\/h4>\n<p>En plus de la cr\u00e9ation de votre mobilier de cuisine, nous vous fournissons les \u00e9quipements \u00e9lectrom\u00e9nagers avec garantie 1 an pi\u00e8ces main d\u2019\u0153uvre ainsi que les accessoires d\u2019am\u00e9nagement (\u00e9vier, mitigeur \u2026).<br \/>\nVotre mobilier est livr\u00e9 et pos\u00e9 par nos soins. Gr\u00e2ce \u00e0 nos experts d\u2019agenceur,<\/p>\n<h4>Le choix de notre mobilier<\/h4>\n<p>Le style du mobilier de cuisine est important ainsi que le choix de l\u2019\u00e9lectrom\u00e9nager posable ou encastrable.<br \/>\nIl doit \u00eatre en ad\u00e9quation avec le standing et le reste du mobilier. <strong>Aquatiss<\/strong> vous propose des mod\u00e8les d\u2019\u00e9quipement adapt\u00e9s \u00e0 vos besoins.<\/p>\n<p>Pour cela <strong>Aquatiss<\/strong> vous offre un \u00e9quipement de cuisine int\u00e9grable et fonctionnel, dans une cuisine de petite taille comme dans une cuisine traditionnelle<\/p>\n<p>En faisant appel \u00e0 un fabricant sp\u00e9cialis\u00e9, vous vous faisant b\u00e9n\u00e9ficier d\u2019un \u00e9quipement complet et un mobilier adapt\u00e9 plan de travail quartz \u00e9vier, mini frigo, micro-ondes, hotte&#8230; Tout est pris en compte.<\/p>\n<h4>Nos Partenaires<\/h4>\n<p><em>Focus-Condor-Telefunkun-Europa-Condi-Keenwood-Beko-Galanz-Daewoo-Starone-Auxtar-Wirpool-Bluesky<\/em><\/p>\n<h4>Plan de travail en Quartz<br \/>\nTexture qui emp\u00eache les bact\u00e9ries de se d\u00e9velopper,<\/h4>\n<p>Le plan de travail en quartz ne fera pas qu&rsquo;apporter du caract\u00e8re \u00e0 votre cuisine et vous offrira de meilleures performances que les autres mat\u00e9riaux traditionnels.<br \/>\nLes plans de travail en quartz sont fabriqu\u00e9s \u00e0 base de quartz naturel, l&rsquo;un des mat\u00e9riaux les plus durs que l&rsquo;on trouve sur Terre, auquel est ajout\u00e9e une petite quantit\u00e9 de verre ou d&rsquo;\u00e9l\u00e9ments m\u00e9talliques pour obtenir une esth\u00e9tique belle et vari\u00e9e.<\/p>\n<h3><em>Avantage plan de travail quartz<\/em><\/h3>\n<p>Porosit\u00e9 nulle,<br \/>\nTexture qui emp\u00eache les bact\u00e9ries de se d\u00e9velopper,<br \/>\nR\u00e9sistance aux taches,<br \/>\nUne grande durabilit\u00e9<br \/>\nProt\u00e9geant ainsi la sant\u00e9 de votre famille et facilitant le nettoyage et l&rsquo;entretien du plan<\/p>\n<h5>Finition peinture acrylique m\u00e2t ou brillante<br \/>\nR\u00e9siste \u00e0 l&rsquo;eau et \u00e0 certains produits de nettoyage corrosifs<\/h5>\n<p>La peinture acrylique est un des produits typiques de notre modernit\u00e9<br \/>\nLa peinture acrylique est permanente, Une fois s\u00e8che, elle se durcit de mani\u00e8re permanente,<\/p>\n<p>Il faut savoir que l\u2019acrylique est une r\u00e9sine, une mati\u00e8re plastique synth\u00e9tique<br \/>\nElle durcit et devient r\u00e9sistante, comme du plastique !<br \/>\nDonc r\u00e9siste \u00e0 l&rsquo;eau \u00e0 certains produits de nettoyage corrosifs<\/p>\n<p><strong>03 coloris 02 finitions<\/strong><strong>:<\/strong><\/p>\n<p><strong>Horizon<\/strong><\/p>\n<p>-Bleu saphir\u00a0\u00a0 &#8211;\u00a0\u00a0 blanc cass\u00e9 \u00a0\u00a0\u00a0\u00a0\u00a0 <strong>Finition<\/strong>\u00a0:\u00a0\u00a0\u00a0\u00a0\u00a0\u00a0\u00a0\u00a0 mat ou brillant<\/p>\n<p>-Jaune oxyd\u00e9 &#8211;\u00a0\u00a0\u00a0 blanc cass\u00e9 \u00a0\u00a0\u00a0\u00a0\u00a0 <strong>Finition <\/strong>:\u00a0\u00a0\u00a0\u00a0\u00a0\u00a0\u00a0\u00a0 mat ou brillant<\/p>\n<p>-Rouge bordeaux &#8211;\u00a0\u00a0\u00a0 blanc cass\u00e9 \u00a0\u00a0\u00a0\u00a0\u00a0 <strong>Finition <\/strong>:\u00a0\u00a0\u00a0\u00a0\u00a0\u00a0\u00a0\u00a0 mat ou brillant<\/p>\n<p>Autres couleurs\u00a0\u00a0\u00a0\u00a0\u00a0\u00a0\u00a0\u00a0\u00a0\u00a0\u00a0\u00a0 :\u00a0\u00a0\u00a0\u00a0\u00a0\u00a0\u00a0\u00a0\u00a0\u00a0 sur demande<\/p>\n<p>&nbsp;<\/p>\n<p><strong>\u00a0<\/strong><strong>\u00a0<a href=\"https:\/\/aquatiss.com.tn\/nos-produits\/kitchinette-equipee-bi-couleur-horizon-1m%c2%b2-au-sol\/attachment\/colories-kitchinetteb\/\" rel=\"attachment wp-att-15053\"><img decoding=\"async\"  src=\"https:\/\/aquatiss.com.tn\/wp-content\/uploads\/2018\/12\/COLORIES-KITCHINETTEb-.jpg\" alt=\"\" width=\"312\" height=\"73\" srcset=\"https:\/\/aquatiss.com.tn\/wp-content\/uploads\/2018\/12\/COLORIES-KITCHINETTEb-.jpg 312w, https:\/\/aquatiss.com.tn\/wp-content\/uploads\/2018\/12\/COLORIES-KITCHINETTEb--300x70.jpg 300w, https:\/\/aquatiss.com.tn\/wp-content\/uploads\/2018\/12\/COLORIES-KITCHINETTEb--64x15.jpg 64w\" sizes=\"(max-width: 312px) 100vw, 312px\" class=\"size-full wp-image-15053 alignleft no-lazyload\" \/><\/a><\/strong><\/p>\n<p>&nbsp;<\/p>\n<p>&nbsp;<\/p>\n<p><strong>En conclusion<\/strong><\/p>\n<p><strong>Surface utile moins de 1m2 au sol<\/strong><\/p>\n<p>Il est compos\u00e9 :<\/p>\n<p>1 Bas porte<br \/>\n3 Niches en partie haute<br \/>\n1 Plan de travail QUARTZ blanc<br \/>\n1 Contre-pied PVC-INOX lisse<br \/>\n1 R\u00e9frig\u00e9rateur<br \/>\n1 Plaque a deux feux \u00e9lectrique inox Focus<br \/>\n1 \u00c9vier en inox encastrable 46 cm<br \/>\n1 M\u00e9langeur avec raccords chrome Focus<br \/>\n1 H\u00f4te de recyclage blanc Focus<br \/>\n1 Micro-onde<br \/>\n1 Poign\u00e9es petit mod\u00e8le eur\u00eaka<\/p>\n<p><strong>Selon disponibilit\u00e9 nous installons les \u00e9lectrom\u00e9nag\u00e8res des marques mentionn\u00e9es auparavant.<br \/>\n<\/strong><\/p>\n<p>.<a class=\"maxbutton-2 maxbutton maxbutton-pdf\" target=\"_blank\" title=\"PDF\" rel=\"noopener\" href=\"https:\/\/aquatiss.com.tn\/wp-content\/uploads\/2018\/12\/fiche-techinque-kitchenette-horizon-1.pdf\"><span class='mb-text'>FICHE TECHNIQUE<\/span><\/a><\/p>\n<p>&nbsp;<\/p>\n","protected":false},"excerpt":{"rendered":"<p><strong>Cabinet m\u00e9dical, studio , foyer universitaire, petit espace &#8230;<\/strong><br \/>\nMoins de 1m2 au sol-Plan de travail en Quartz<br \/>\n\u00c9quipement complet:<strong>R\u00e9frig\u00e9rateur, plaque a deux feux,<br \/>\n\u00c9vier en inox, m\u00e9langeur, h\u00f4te et micro-onde<\/strong><br \/>\nLivr\u00e9es et pos\u00e9 pr\u00eates \u00e0 fonctionner en 01 semaine<\/p>\n<p><strong>Garantie : 1 an <\/strong>(pi\u00e8ces et main \u0153uvre \u00e9lectrom\u00e9nager)<\/p>\n<p><img decoding=\"async\" class=\" wp-image-15052 alignleft\" src=\"https:\/\/aquatiss.com.tn\/wp-content\/uploads\/2018\/12\/livraison-1-semaine.jpg\" width=\"459\" height=\"176\" srcset=\"https:\/\/aquatiss.com.tn\/wp-content\/uploads\/2018\/12\/livraison-1-semaine.jpg 538w, https:\/\/aquatiss.com.tn\/wp-content\/uploads\/2018\/12\/livraison-1-semaine-300x115.jpg 300w, https:\/\/aquatiss.com.tn\/wp-content\/uploads\/2018\/12\/livraison-1-semaine-64x25.jpg 64w\" sizes=\"(max-width: 459px) 100vw, 459px\" \/><\/p>\n","protected":false},"featured_media":15036,"comment_status":"open","ping_status":"closed","template":"","meta":[],"product_cat":[1523],"product_tag":[1521,1522],"class_list":["post-14989","product","type-product","status-publish","has-post-thumbnail","hentry","product_cat-mobilier-cuisine","product_tag-cuisinette","product_tag-petite-cuisine","pa_domaine-collectivites","pa_domaine-entreprise","pa_domaine-food","pa_domaine-hotel","pa_domaine-industrie","pa_domaine-medical"],"_links":{"self":[{"href":"https:\/\/aquatiss.com.tn\/fr\/wp-json\/wp\/v2\/product\/14989","targetHints":{"allow":["GET"]}}],"collection":[{"href":"https:\/\/aquatiss.com.tn\/fr\/wp-json\/wp\/v2\/product"}],"about":[{"href":"https:\/\/aquatiss.com.tn\/fr\/wp-json\/wp\/v2\/types\/product"}],"replies":[{"embeddable":true,"href":"https:\/\/aquatiss.com.tn\/fr\/wp-json\/wp\/v2\/comments?post=14989"}],"wp:featuredmedia":[{"embeddable":true,"href":"https:\/\/aquatiss.com.tn\/fr\/wp-json\/wp\/v2\/media\/15036"}],"wp:attachment":[{"href":"https:\/\/aquatiss.com.tn\/fr\/wp-json\/wp\/v2\/media?parent=14989"}],"wp:term":[{"taxonomy":"product_cat","embeddable":true,"href":"https:\/\/aquatiss.com.tn\/fr\/wp-json\/wp\/v2\/product_cat?post=14989"},{"taxonomy":"product_tag","embeddable":true,"href":"https:\/\/aquatiss.com.tn\/fr\/wp-json\/wp\/v2\/product_tag?post=14989"}],"curies":[{"name":"wp","href":"https:\/\/api.w.org\/{rel}","templated":true}]}}