{"id":15085,"date":"2018-12-17T14:27:06","date_gmt":"2018-12-17T14:27:06","guid":{"rendered":"http:\/\/gator4082.temp.domains\/~aquatiss\/?post_type=product&#038;p=15085"},"modified":"2018-12-17T14:27:06","modified_gmt":"2018-12-17T14:27:06","slug":"ruban-davertissement-couleur","status":"publish","type":"product","link":"https:\/\/aquatiss.com.tn\/fr\/produit\/ruban-davertissement-couleur\/","title":{"rendered":"Ruban d&rsquo;avertissement"},"content":{"rendered":"<p>Ruban d&rsquo;avertissement Couleur<\/p>\n<p class=\"first\">Gr\u00e2ce au ruban d&rsquo;avertissement, vous pouvez signaler clairement la pr\u00e9sence du danger.<\/p>\n<p class=\"first\">On vous propose \u00e0 cet effet un ruban d&rsquo;avertissement en diff\u00e9rentes couleurs .<\/p>\n<p>Sur cette bande est imprim\u00e9 un message qui signale la pr\u00e9sence de r\u00e9seaux enterr\u00e9s, par exemple c\u00e2bles \u00e9lectriques, c\u00e2bles de t\u00e9l\u00e9communications ou c\u00e2bles \u00e0 fibres optiques, conduites de gaz , canalisations d&rsquo;eau ou zone dangereuse.<\/p>\n<p>La bande de signalisation en plastique est normalement pos\u00e9e \u00e0 une certaine distance au-dessus du r\u00e9seau \u00e0 signaler, de fa\u00e7on \u00e0 ce que toute personne effectuant \u00e0 l\u2019avenir une fouille \u00e0 cet endroit puisse \u00eatre avertie .<\/p>\n<h3>Les avantages<\/h3>\n<ul>\n<li>Tr\u00e8s s\u00fbr<\/li>\n<li>Couleur stable et toujours lisible.<\/li>\n<li>R\u00e9sistant aux intemp\u00e9ries.<\/li>\n<\/ul>\n<h3>Votre s\u00e9lection<\/h3>\n<p>Le ruban d&rsquo;avertissement est disponible en couleurs (jaune-rouge-blanc-bleu) et peut \u00eatre inscrit de tout texte souhait\u00e9.<\/p>\n<p>&nbsp;<\/p>\n<p>&nbsp;<\/p>\n","protected":false},"excerpt":{"rendered":"<p>Tr\u00e8s s\u00fbr<br \/>\nCouleur stable et toujours lisible<br \/>\nR\u00e9sistant aux intemp\u00e9ries<\/p>\n","protected":false},"featured_media":15086,"comment_status":"open","ping_status":"closed","template":"","meta":[],"product_cat":[461,463],"product_tag":[1525,1524,1526],"class_list":["post-15085","product","type-product","status-publish","has-post-thumbnail","hentry","product_cat-signalisation-de-securite","product_cat-signalisation-et-information","product_tag-do-not-cross","product_tag-ruban","product_tag-warning"],"_links":{"self":[{"href":"https:\/\/aquatiss.com.tn\/fr\/wp-json\/wp\/v2\/product\/15085","targetHints":{"allow":["GET"]}}],"collection":[{"href":"https:\/\/aquatiss.com.tn\/fr\/wp-json\/wp\/v2\/product"}],"about":[{"href":"https:\/\/aquatiss.com.tn\/fr\/wp-json\/wp\/v2\/types\/product"}],"replies":[{"embeddable":true,"href":"https:\/\/aquatiss.com.tn\/fr\/wp-json\/wp\/v2\/comments?post=15085"}],"wp:featuredmedia":[{"embeddable":true,"href":"https:\/\/aquatiss.com.tn\/fr\/wp-json\/wp\/v2\/media\/15086"}],"wp:attachment":[{"href":"https:\/\/aquatiss.com.tn\/fr\/wp-json\/wp\/v2\/media?parent=15085"}],"wp:term":[{"taxonomy":"product_cat","embeddable":true,"href":"https:\/\/aquatiss.com.tn\/fr\/wp-json\/wp\/v2\/product_cat?post=15085"},{"taxonomy":"product_tag","embeddable":true,"href":"https:\/\/aquatiss.com.tn\/fr\/wp-json\/wp\/v2\/product_tag?post=15085"}],"curies":[{"name":"wp","href":"https:\/\/api.w.org\/{rel}","templated":true}]}}