{"id":15132,"date":"2018-12-20T12:59:33","date_gmt":"2018-12-20T12:59:33","guid":{"rendered":"http:\/\/gator4082.temp.domains\/~aquatiss\/nos-produits\/aspirateur-injecteur-extracteur-se-4001-karcher\/"},"modified":"2021-10-02T09:17:11","modified_gmt":"2021-10-02T09:17:11","slug":"aspirateur-injecteur-extracteur-se-4001-karcher","status":"publish","type":"product","link":"https:\/\/aquatiss.com.tn\/fr\/produit\/aspirateur-injecteur-extracteur-se-4001-karcher\/","title":{"rendered":"Aspirateur Injecteur \/ extracteur SE 4001 KARCHER"},"content":{"rendered":"<p>Aspirateur Injecteur \/ extracteur SE 4001 KARCHER<br \/>\nL&rsquo;injecteur \/ extracteur SE 4001 de K\u00e4rcher assure une propret\u00e9 irr\u00e9prochable et en profondeur des moquettes et sols durs. Id\u00e9al pour les personnes souffrant d&rsquo;allergies mais \u00e9galement pour les propri\u00e9taires d&rsquo;animaux.<\/p>\n<p>Avec le SE 4001, propret\u00e9 et hygi\u00e8ne sont aux rendez-vous. Son grand r\u00e9servoir d&rsquo;eau amovible et sa grande cuve de 18 L vous permettra un nettoyage confortable et efficace.<\/p>\n<h4>Caract\u00e9ristiques et avantages:<\/h4>\n<p><strong>Technologie de suceur K\u00e4rcher:<\/strong><br \/>\nLe temps avant de pouvoir r\u00e9 acc\u00e9der aux surfaces nettoy\u00e9es est r\u00e9duit de 50 %.<br \/>\n<strong>R\u00e9servoir d&rsquo;eau propre amoviblen<\/strong><br \/>\nFacile \u00e0 remplir et \u00e0 vider sans besoin d&rsquo;ouvrir l&rsquo;appareil complet R\u00e9servoir r\u00e9sistant aux chocs et transparent. R\u00e9servoir \u00e0 eau claire facile a raccorder \u00e0 la machine.<br \/>\n<strong>Poign\u00e9e 3-en-1:<\/strong><br \/>\nPermet un transport confortable, aussi bien pour l&rsquo;ouverture, la fermeture et la vidange de la cuve<br \/>\n<strong>Crochet pour le rangement du c\u00e2ble<\/strong>:<br \/>\nCompartiment pour le rangement du c\u00e2ble<br \/>\n<strong>Rangement des accessoires sur la machine:<\/strong><br \/>\n-Rangement pratique pour tous les accessoires<br \/>\n<strong>R\u00e9servoir robuste en plastic et r\u00e9servoir \u00e0 eau claire r\u00e9sistant aux chocs:<\/strong><br \/>\nConstruit pour une long\u00e9vit\u00e9<\/p>\n<h4>\u00c9quipements:<\/h4>\n<p>-Flexible d\u2019injection\/extraction avec poign\u00e9e, 2 m, 35 mm<br \/>\n-Tubes injecteur\/extracteur, 2 pi\u00e8ce(s), 0.5 m, 35 mm<br \/>\n-Suceur avec embout sols durs<br \/>\n-Suceur eau\/poussi\u00e8res, Clips<br \/>\n-Suceur poussi\u00e8res, Clips<br \/>\n-Suceur fentes<br \/>\n-Suceur pour meubles<br \/>\n-Sac filtrant en papier, 1 pi\u00e8ce(s)<br \/>\n-Filtre en mousse<br \/>\n-Nettoyant moquettes RM 519 (100 ml)<br \/>\n-Protection anti-chocs lors des d\u00e9placements<br \/>\n-Poign\u00e9e de transport 3en1<br \/>\n-Stockage des accessoires sur l&rsquo;appareil<br \/>\n-Surface de rangement pour petites fournitures<\/p>\n<p>&nbsp;<\/p>\n<p><a class=\"maxbutton-2 maxbutton maxbutton-pdf\" target=\"_blank\" title=\"PDF\" rel=\"noopener\" href=\"http:\/\/www.irislink.com\/Documents\/Image\/_IrisLink2.0\/Mobile_Scanner\/IRIScan_Pro_5\/image-pdf.png\"><span class='mb-text'>FICHE TECHNIQUE<\/span><\/a><\/p>\n<p><a class=\"maxbutton-2 maxbutton maxbutton-pdf\" target=\"_blank\" title=\"PDF\" rel=\"noopener\" href=\"http:\/\/www.irislink.com\/Documents\/Image\/_IrisLink2.0\/Mobile_Scanner\/IRIScan_Pro_5\/image-pdf.png\"><span class='mb-text'>MANUEL D'UTILISATION<\/span><\/a><\/p>\n<p>&nbsp;<\/p>\n<p>&nbsp;<\/p>\n","protected":false},"excerpt":{"rendered":"<p>Injecteur, extracteur et aspirateur eau et poussi\u00e8re<br \/>\nPuissance 1400W<br \/>\nCuve anti choc de capacit\u00e9 18 l<br \/>\nR\u00e9servoir d&rsquo;eau propre de capacit\u00e9 4l<br \/>\nStockages des accessoires sur l&rsquo;appareil<br \/>\nR\u00e9servoir eau amovible<\/p>\n<p><a href=\"http:\/\/aquatiss.com.tn\/nos-produits\/aspirateur-injecteur-extracteur-se-4001-karcher\/attachment\/logo-karcher2\/\" rel=\"attachment wp-att-15138\"><img decoding=\"async\" class=\" wp-image-15138 alignleft\" src=\"http:\/\/aquatiss.com.tn\/wp-content\/uploads\/2018\/12\/logo-karcher2.jpg\" alt=\"\" width=\"219\" height=\"60\" srcset=\"https:\/\/aquatiss.com.tn\/wp-content\/uploads\/2018\/12\/logo-karcher2.jpg 605w, https:\/\/aquatiss.com.tn\/wp-content\/uploads\/2018\/12\/logo-karcher2-300x82.jpg 300w, https:\/\/aquatiss.com.tn\/wp-content\/uploads\/2018\/12\/logo-karcher2-64x18.jpg 64w\" sizes=\"(max-width: 219px) 100vw, 219px\" \/><\/a><\/p>\n","protected":false},"featured_media":15133,"comment_status":"open","ping_status":"closed","template":"","meta":[],"product_cat":[106,367],"product_tag":[371],"class_list":["post-15132","product","type-product","status-publish","has-post-thumbnail","hentry","product_cat-aspirateurs","product_cat-aspirateurs-poussiere","product_tag-aspirateurs"],"_links":{"self":[{"href":"https:\/\/aquatiss.com.tn\/fr\/wp-json\/wp\/v2\/product\/15132","targetHints":{"allow":["GET"]}}],"collection":[{"href":"https:\/\/aquatiss.com.tn\/fr\/wp-json\/wp\/v2\/product"}],"about":[{"href":"https:\/\/aquatiss.com.tn\/fr\/wp-json\/wp\/v2\/types\/product"}],"replies":[{"embeddable":true,"href":"https:\/\/aquatiss.com.tn\/fr\/wp-json\/wp\/v2\/comments?post=15132"}],"wp:featuredmedia":[{"embeddable":true,"href":"https:\/\/aquatiss.com.tn\/fr\/wp-json\/wp\/v2\/media\/15133"}],"wp:attachment":[{"href":"https:\/\/aquatiss.com.tn\/fr\/wp-json\/wp\/v2\/media?parent=15132"}],"wp:term":[{"taxonomy":"product_cat","embeddable":true,"href":"https:\/\/aquatiss.com.tn\/fr\/wp-json\/wp\/v2\/product_cat?post=15132"},{"taxonomy":"product_tag","embeddable":true,"href":"https:\/\/aquatiss.com.tn\/fr\/wp-json\/wp\/v2\/product_tag?post=15132"}],"curies":[{"name":"wp","href":"https:\/\/api.w.org\/{rel}","templated":true}]}}