{"id":15181,"date":"2018-12-22T09:07:15","date_gmt":"2018-12-22T09:07:15","guid":{"rendered":"http:\/\/gator4082.temp.domains\/~aquatiss\/nos-produits\/distributeur-de-savon-en-abs-blanc-0-55-l\/"},"modified":"2019-03-08T14:30:10","modified_gmt":"2019-03-08T14:30:10","slug":"distributeur-de-savon-en-abs-satine-0-55-l","status":"publish","type":"product","link":"https:\/\/aquatiss.com.tn\/fr\/produit\/distributeur-de-savon-en-abs-satine-0-55-l\/","title":{"rendered":"Distributeur de savon  en ABS satin\u00e9 0.55 L"},"content":{"rendered":"<p>Distributeur de savon  en ABS satin\u00e9 0.55 L<\/p>\n<p>Est un\u00a0 distributeur de\u00a0liquide <a href=\"http:\/\/gator4082.temp.domains\/~aquatiss\/nos-produits\/savon-a-glycerine-usage-frequent-bidon-5l-bell-main\/\">(savon)<\/a> \u00e0 bouton mural\u00a0 utilisable \u00e0 la maison comme dans tout local public ou professionnel.<\/p>\n<p><strong>Caract\u00e9ristiques techniques :<\/strong><\/p>\n<p>Capacit\u00e9 de 0.55L<br \/>\nSe fixe \u00e0 l&rsquo;aide des vis fournies<br \/>\nR\u00e9servoir Transparent<br \/>\nDe haute qualit\u00e9 et r\u00e9sistant<br \/>\nFermeture \u00e0 cl\u00e9<br \/>\nRemplissage directe<br \/>\nFen\u00eatre de contr\u00f4le de niveau du liquide<br \/>\nPompe doseuse anti gaspillage<br \/>\nNettoyage et entretien facile<br \/>\nIndiqu\u00e9 pour les collectivit\u00e9s et les W.C. publics hautement fr\u00e9quent\u00e9s.<\/p>\n<p><strong>UTILISATION A LA MAISON<\/strong><\/p>\n<p>Son montage est tr\u00e8s simple, il trouve facilement sa place gr\u00e2ce \u00e0 son syst\u00e8me de fixation murale<\/p>\n<p>Ce <strong>Distributeur de savon\u00a0 1l en ABS Blanc<\/strong> est\u00a0tr\u00e8s utile\u00a0dans l<strong>a salle de bain, les toilettes et la cuisine<\/strong>.<\/p>\n<p>Par ailleurs, Tr\u00e8s pratique sur l&rsquo;\u00e9vier de cuisine (liquide vaisselle), le lavabo (<a href=\"http:\/\/gator4082.temp.domains\/~aquatiss\/categorie-produit\/hygiene\/gel-savon\/page\/2\/\">savon liquide bio bact\u00e9riologique<\/a><strong>)&#8230;.<\/strong><\/p>\n<h4><strong>UTILISATION EN LOCAL PUBLIC OU PROFESSIONNEL<\/strong><\/h4>\n<p><strong>L\u00e9gislation sur l\u2019hygi\u00e8ne :<\/strong> L&rsquo;hygi\u00e8ne \u00e9tant devenue une <strong>priorit\u00e9 dans de nombreux secteurs professionnels<\/strong>,<\/p>\n<p>de plus en plus, les <strong>lois imposent l&rsquo;installation de dispositifs hygi\u00e9niques pour le lavage des mains<\/strong>.<\/p>\n<p><strong><br \/>\nLes secteurs concern\u00e9s<\/strong><strong>: <\/strong><\/p>\n<p>Tout d\u2019abord, Tous les m\u00e9tiers o\u00f9 les mains n\u00e9cessitent un lavage r\u00e9gulier;<br \/>\nEnsuite, Secteur agro-alimentaire et restauration,<br \/>\n\u00c9tablissement \u00e0 caract\u00e8re sanitaire et social,<br \/>\nCr\u00e8ches, \u00c9coles primaires, Centres de vacances,<br \/>\nSecteur m\u00e9dical et pharmaceutique,<br \/>\n\u00c9tablissements p\u00e9nitentiaires,H\u00f4tellerie ;<br \/>\nMilieu scolaire (protocole national sur l&rsquo;organisation des soins et des urgences dans les \u00e9coles et les<br \/>\n\u00e9tablissements publics locaux d&rsquo;enseignement),<\/p>\n","protected":false},"excerpt":{"rendered":"<p>Capacit\u00e9 de 0.55L<br \/>\nSe fixe \u00e0 l&#039;aide\u00a0 des vis\u00a0 fournies<br \/>\nR\u00e9servoir Transparent<br \/>\nDe haute qualit\u00e9 et r\u00e9sistant<br \/>\nFermeture \u00e0 cl\u00e9<br \/>\nRemplissage directe<br \/>\nFen\u00eatre de contr\u00f4le de niveau du liquide<br \/>\nPompe doseuse anti gaspillage<br \/>\nNettoyage et entretien facile<\/p>\n","protected":false},"featured_media":15182,"comment_status":"open","ping_status":"closed","template":"","meta":[],"product_cat":[123],"product_tag":[192,1355,1534],"class_list":["post-15181","product","type-product","status-publish","has-post-thumbnail","hentry","product_cat-distributeurs-de-savon","product_tag-distributeur-de-savon","product_tag-distributeur-de-savon-murale","product_tag-new","pa_color-satine","pa_contenance-0-55l","pa_domaine-collectivites","pa_domaine-entreprise","pa_domaine-food","pa_domaine-hotel","pa_domaine-industrie","pa_domaine-medical","pa_domaine-proprete"],"_links":{"self":[{"href":"https:\/\/aquatiss.com.tn\/fr\/wp-json\/wp\/v2\/product\/15181","targetHints":{"allow":["GET"]}}],"collection":[{"href":"https:\/\/aquatiss.com.tn\/fr\/wp-json\/wp\/v2\/product"}],"about":[{"href":"https:\/\/aquatiss.com.tn\/fr\/wp-json\/wp\/v2\/types\/product"}],"replies":[{"embeddable":true,"href":"https:\/\/aquatiss.com.tn\/fr\/wp-json\/wp\/v2\/comments?post=15181"}],"wp:featuredmedia":[{"embeddable":true,"href":"https:\/\/aquatiss.com.tn\/fr\/wp-json\/wp\/v2\/media\/15182"}],"wp:attachment":[{"href":"https:\/\/aquatiss.com.tn\/fr\/wp-json\/wp\/v2\/media?parent=15181"}],"wp:term":[{"taxonomy":"product_cat","embeddable":true,"href":"https:\/\/aquatiss.com.tn\/fr\/wp-json\/wp\/v2\/product_cat?post=15181"},{"taxonomy":"product_tag","embeddable":true,"href":"https:\/\/aquatiss.com.tn\/fr\/wp-json\/wp\/v2\/product_tag?post=15181"}],"curies":[{"name":"wp","href":"https:\/\/api.w.org\/{rel}","templated":true}]}}