{"id":15536,"date":"2019-01-21T14:45:03","date_gmt":"2019-01-21T14:45:03","guid":{"rendered":"http:\/\/gator4082.temp.domains\/~aquatiss\/nos-produits\/table-a-repasser-sur-pied-silver\/"},"modified":"2019-01-21T15:03:23","modified_gmt":"2019-01-21T15:03:23","slug":"table-a-repasser-sur-pied-silver","status":"publish","type":"product","link":"https:\/\/aquatiss.com.tn\/fr\/produit\/table-a-repasser-sur-pied-silver\/","title":{"rendered":"Table \u00e0 repasser sur pied silver"},"content":{"rendered":"<p>Table \u00e0 repasser sur pied silver<br \/>\nFonctionnelles et intelligentes, elles font tout pour vous simplifier le repassage.<br \/>\nLes tables \u00e0 repasser concilie efficacit\u00e9, confort, s\u00e9curit\u00e9 et un repassage tout en d\u00e9licatesse.<br \/>\nTable \u00e0 repasser robuste pour usage intense.<br \/>\nS&rsquo;adapte aux h\u00f4teliers et aux professionnelles de repassage.<\/p>\n<h3>Sp\u00e9cifications techniques:<\/h3>\n<p>Structure et pied en acier laqu\u00e9 avec patins antid\u00e9rapants<br \/>\nSe range facilement gr\u00e2ce aux crochets<br \/>\nLivr\u00e9e avec housse<br \/>\nDessin\u00e9 et con\u00e7u pour un usage h\u00f4telier<br \/>\nHauteur maxi 85 cm<br \/>\nAuto verrouillage lorsque la planche est pli\u00e9e<br \/>\nhousse \u00e9lastique argent\u00e9e, rembourrage<br \/>\nen fibre (Test\u00e9e pour supporter jusqu\u2019\u00e0 319\u00b0C -TUV 7191084733-)<br \/>\nStructure et pieds en acier laqu\u00e9 gris<br \/>\nSurface de la planche : L. 910 x P.300mm<br \/>\nDimensions pli\u00e9e : L. 365 x H. 1265 mm<\/p>\n<p><em>En option:<\/em><br \/>\n<em>-Support mural r\u00e9f: 453.IB09<\/em><br \/>\n<em>-Fer \u00e0 repasser r\u00e9f: 453.HS01<\/em><\/p>\n","protected":false},"excerpt":{"rendered":"<p>Structure et pied en acier laqu\u00e9 avec patins antid\u00e9rapants<br \/>\nSe range facilement gr\u00e2ce aux crochets<br \/>\nLivr\u00e9e avec housse<br \/>\nDessin\u00e9 et con\u00e7u pour un usage h\u00f4telier<br \/>\n<em>En option:<br \/>\n-Support mural r\u00e9f: 453.IB09<br \/>\n-Fer \u00e0 repasser r\u00e9f: 453.HS01<\/em><\/p>\n","protected":false},"featured_media":15539,"comment_status":"open","ping_status":"closed","template":"","meta":[],"product_cat":[586,613],"product_tag":[1277,762,1527],"class_list":["post-15536","product","type-product","status-publish","has-post-thumbnail","hentry","product_cat-table-a-repasser","product_cat-tables","product_tag-fer-a-repasser","product_tag-table","product_tag-table-a-repasser","pa_domaine-hotel"],"_links":{"self":[{"href":"https:\/\/aquatiss.com.tn\/fr\/wp-json\/wp\/v2\/product\/15536","targetHints":{"allow":["GET"]}}],"collection":[{"href":"https:\/\/aquatiss.com.tn\/fr\/wp-json\/wp\/v2\/product"}],"about":[{"href":"https:\/\/aquatiss.com.tn\/fr\/wp-json\/wp\/v2\/types\/product"}],"replies":[{"embeddable":true,"href":"https:\/\/aquatiss.com.tn\/fr\/wp-json\/wp\/v2\/comments?post=15536"}],"wp:featuredmedia":[{"embeddable":true,"href":"https:\/\/aquatiss.com.tn\/fr\/wp-json\/wp\/v2\/media\/15539"}],"wp:attachment":[{"href":"https:\/\/aquatiss.com.tn\/fr\/wp-json\/wp\/v2\/media?parent=15536"}],"wp:term":[{"taxonomy":"product_cat","embeddable":true,"href":"https:\/\/aquatiss.com.tn\/fr\/wp-json\/wp\/v2\/product_cat?post=15536"},{"taxonomy":"product_tag","embeddable":true,"href":"https:\/\/aquatiss.com.tn\/fr\/wp-json\/wp\/v2\/product_tag?post=15536"}],"curies":[{"name":"wp","href":"https:\/\/api.w.org\/{rel}","templated":true}]}}