{"id":15541,"date":"2019-01-21T15:17:00","date_gmt":"2019-01-21T15:17:00","guid":{"rendered":"http:\/\/gator4082.temp.domains\/~aquatiss\/nos-produits\/fer-a-vapeur-multifonction\/"},"modified":"2020-07-06T13:24:20","modified_gmt":"2020-07-06T13:24:20","slug":"fer-a-vapeur-multifonction","status":"publish","type":"product","link":"https:\/\/aquatiss.com.tn\/fr\/produit\/fer-a-vapeur-multifonction\/","title":{"rendered":"Fer a vapeur arr\u00eat automatique"},"content":{"rendered":"<p>Fer a vapeur multifonction<\/p>\n<h4><span class=\"fpBlocTitle\">Les points forts :<\/span><\/h4>\n<p>semelle anti-adh\u00e9rente<\/p>\n<p>Fonction jet d&rsquo;eau, jet de vapeur puissant, fonction d&rsquo;auto-nettoyage, semelle r\u00e9sistant aux rayures<br \/>\nContenance d&rsquo;un r\u00e9servoir d&rsquo;eau pour fer \u00e0 repasser : 350ml<br \/>\nType de semelle : c\u00e9ramique<br \/>\nSyst\u00e8me anti-tartre, anti -calcaire<br \/>\nSyst\u00e8me anti-goutte<br \/>\nPoign\u00e9e souple<br \/>\n<strong>Arr\u00eat automatique en cas de non utilisation <\/strong><br \/>\n\u00c9teint automatiquement pour des raisons de s\u00e9curit\u00e9 et d&rsquo;\u00e9conomie d&rsquo;\u00e9nergie<br \/>\nL&rsquo;arr\u00eat automatique signifie que le fer s&rsquo;\u00e9teindra apr\u00e8s quelques minutes s&rsquo;il est laiss\u00e9 en position verticale ou apr\u00e8s quelques secondes s&rsquo;il est laiss\u00e9 sur sa semelle ou sur le c\u00f4t\u00e9.<br \/>\nLa fonction d&rsquo;arr\u00eat automatique de s\u00e9curit\u00e9 \u00e9teint automatiquement l&rsquo;appareil s&rsquo;il n&rsquo;a pas \u00e9t\u00e9 utilis\u00e9 pendant quelques minutes, \u00e9conomisant ainsi de l&rsquo;\u00e9nergie.<\/p>\n","protected":false},"excerpt":{"rendered":"<p>Fonction jet d&rsquo;eau, jet de vapeur puissant<br \/>\nFonction d&rsquo;auto-nettoyage, semelle r\u00e9sistant aux rayures<br \/>\nType de semelle : c\u00e9ramique<br \/>\nSyst\u00e8me anti-tartre, anti -calcaire<br \/>\nSyst\u00e8me anti-goutte<br \/>\nPoign\u00e9e souple<br \/>\n<strong>Arr\u00eat automatique en cas de non utilisation <\/strong><br \/>\n<strong>Garantie :1ANS<\/strong><\/p>\n","protected":false},"featured_media":15607,"comment_status":"open","ping_status":"closed","template":"","meta":[],"product_cat":[538],"product_tag":[1277,1276],"class_list":["post-15541","product","type-product","status-publish","has-post-thumbnail","hentry","product_cat-fer-a-repasser","product_tag-fer-a-repasser","product_tag-fer-a-vapeur","pa_puissance-2000w"],"_links":{"self":[{"href":"https:\/\/aquatiss.com.tn\/fr\/wp-json\/wp\/v2\/product\/15541","targetHints":{"allow":["GET"]}}],"collection":[{"href":"https:\/\/aquatiss.com.tn\/fr\/wp-json\/wp\/v2\/product"}],"about":[{"href":"https:\/\/aquatiss.com.tn\/fr\/wp-json\/wp\/v2\/types\/product"}],"replies":[{"embeddable":true,"href":"https:\/\/aquatiss.com.tn\/fr\/wp-json\/wp\/v2\/comments?post=15541"}],"wp:featuredmedia":[{"embeddable":true,"href":"https:\/\/aquatiss.com.tn\/fr\/wp-json\/wp\/v2\/media\/15607"}],"wp:attachment":[{"href":"https:\/\/aquatiss.com.tn\/fr\/wp-json\/wp\/v2\/media?parent=15541"}],"wp:term":[{"taxonomy":"product_cat","embeddable":true,"href":"https:\/\/aquatiss.com.tn\/fr\/wp-json\/wp\/v2\/product_cat?post=15541"},{"taxonomy":"product_tag","embeddable":true,"href":"https:\/\/aquatiss.com.tn\/fr\/wp-json\/wp\/v2\/product_tag?post=15541"}],"curies":[{"name":"wp","href":"https:\/\/api.w.org\/{rel}","templated":true}]}}