{"id":15757,"date":"2019-02-04T15:06:03","date_gmt":"2019-02-04T15:06:03","guid":{"rendered":"http:\/\/gator4082.temp.domains\/~aquatiss\/nos-produits\/nettoyant-moquettes-et-tapisseries-injection-extraction-pour-machine\/"},"modified":"2019-02-04T15:19:28","modified_gmt":"2019-02-04T15:19:28","slug":"nettoyant-moquettes-et-tapisseries-injection-extraction-pour-machine","status":"publish","type":"product","link":"https:\/\/aquatiss.com.tn\/fr\/produit\/nettoyant-moquettes-et-tapisseries-injection-extraction-pour-machine\/","title":{"rendered":"Nettoyant moquettes et tapisseries Injection-extraction pour machine"},"content":{"rendered":"<p>Nettoie en profondeur. P\u00e9n\u00e8tre dans les fibres et \u00e9limine les taches difficiles. Neutralise les odeurs d\u00e9sagr\u00e9ables sans les<br \/>\nmasquer. Incorpore la technologie DEODOR.<br \/>\nN&rsquo;alt\u00e8re pas la couleur et la qualit\u00e9 des fibres.<\/p>\n<p>Mode d&#8217;emploi :<\/p>\n<p>UTILISATION AVEC MACHINE. Doser 2-5 % de produit dans le r\u00e9servoir d&rsquo;eau propre de la machine. Pulv\u00e9riser le produit sur la<br \/>\nsurface. Extraire la solution sale par aspiration.<\/p>\n<p><strong>Propri\u00e9t\u00e9s physiques et chimiques<\/strong><\/p>\n<p>Aspect : Liquide transparent<br \/>\nCouleur : Ambre<br \/>\nOdeur : Floral<br \/>\nPH : 13<br \/>\nDensit\u00e9 : 1,06+-0,01<br \/>\nFormats ventes : 5 kg<\/p>\n<p><strong>Composition qualitative<\/strong><br \/>\nSels inorganiques<br \/>\nAgents s\u00e9questrants<br \/>\nAlcalis inorganiques<br \/>\nTensioactifs<br \/>\nColorants<br \/>\nParfums<br \/>\nConservateurs<br \/>\nEau<\/p>\n<p><strong>Applications<\/strong><\/p>\n<p>Indiqu\u00e9 pour:<br \/>\nMoquettes, tapisserie, moquettes, housses de voiture et autres rev\u00eatements<br \/>\nen textile<\/p>\n<p>\u00c9tablissements :<br \/>\nH\u00f4tels. Restaurants. Centres d&rsquo;enseignement. Bureaux. Centres sanitaires.<br \/>\nInstallations sportives. En g\u00e9n\u00e9ral, tout type d&rsquo;\u00e9tablissements g\u00e9r\u00e9s avec des<br \/>\ncrit\u00e8res d&rsquo;hygi\u00e8ne Professionnelle.<\/p>\n<p><a class=\"maxbutton-2 maxbutton maxbutton-pdf\" target=\"_blank\" title=\"PDF\" rel=\"noopener\" href=\"http:\/\/gator4082.temp.domains\/~aquatiss\/wp-content\/uploads\/2019\/02\/FTFRA315200-AQUAGEN\u00ae-SX-_optimize.pdf\"><span class='mb-text'>FICHE TECHNIQUE<\/span><\/a> <\/p>\n","protected":false},"excerpt":{"rendered":"<p>Mousse s\u00e8che. Moquettes et tapisseries.P\u00e9n\u00e8tre dans les fibres et \u00e9limine la salet\u00e9, sans mouiller excessivement le tissu.<br \/>\nLe s\u00e9chage sous forme de poudre facilite l&#039;\u00e9limination finale des salet\u00e9s.<br \/>\nNeutralise les odeurs d\u00e9sagr\u00e9ables sans les masquer.<br \/>\nN&#039;alt\u00e8re pas la couleur et la qualit\u00e9 des fibres.<br \/>\nEfficace contre les t\u00e2ches.<\/p>\n","protected":false},"featured_media":15758,"comment_status":"open","ping_status":"closed","template":"","meta":[],"product_cat":[405,450,400],"product_tag":[819],"class_list":["post-15757","product","type-product","status-publish","has-post-thumbnail","hentry","product_cat-article-menager","product_cat-parquets-moquettes","product_cat-produits-de-nettoyage","product_tag-shampoing-moquette","pa_contenance-214","pa_domaine-collectivites","pa_domaine-entreprise","pa_domaine-food","pa_domaine-hotel","pa_domaine-industrie","pa_domaine-medical","pa_domaine-proprete"],"_links":{"self":[{"href":"https:\/\/aquatiss.com.tn\/fr\/wp-json\/wp\/v2\/product\/15757","targetHints":{"allow":["GET"]}}],"collection":[{"href":"https:\/\/aquatiss.com.tn\/fr\/wp-json\/wp\/v2\/product"}],"about":[{"href":"https:\/\/aquatiss.com.tn\/fr\/wp-json\/wp\/v2\/types\/product"}],"replies":[{"embeddable":true,"href":"https:\/\/aquatiss.com.tn\/fr\/wp-json\/wp\/v2\/comments?post=15757"}],"wp:featuredmedia":[{"embeddable":true,"href":"https:\/\/aquatiss.com.tn\/fr\/wp-json\/wp\/v2\/media\/15758"}],"wp:attachment":[{"href":"https:\/\/aquatiss.com.tn\/fr\/wp-json\/wp\/v2\/media?parent=15757"}],"wp:term":[{"taxonomy":"product_cat","embeddable":true,"href":"https:\/\/aquatiss.com.tn\/fr\/wp-json\/wp\/v2\/product_cat?post=15757"},{"taxonomy":"product_tag","embeddable":true,"href":"https:\/\/aquatiss.com.tn\/fr\/wp-json\/wp\/v2\/product_tag?post=15757"}],"curies":[{"name":"wp","href":"https:\/\/api.w.org\/{rel}","templated":true}]}}