{"id":16164,"date":"2019-03-05T11:39:32","date_gmt":"2019-03-05T11:39:32","guid":{"rendered":"http:\/\/gator4082.temp.domains\/~aquatiss\/?post_type=product&#038;p=16164"},"modified":"2025-03-15T09:15:29","modified_gmt":"2025-03-15T09:15:29","slug":"distributeur-de-papier-toilette-double-rouleaux-en-abs-satinee","status":"publish","type":"product","link":"https:\/\/aquatiss.com.tn\/fr\/produit\/distributeur-de-papier-toilette-double-rouleaux-en-abs-satinee\/","title":{"rendered":"Distributeur de papier toilette double rouleaux en ABS satin\u00e9e"},"content":{"rendered":"<p>Distributeur de papier toilette double rouleaux en ABS satin\u00e9e<\/p>\n<p>Distributeur de papier <a href=\"http:\/\/gator4082.temp.domains\/~aquatiss\/nos-produits\/papiers-hygienique-a-02-plis-2\/\">toilette domestique en rouleau<\/a>.<br \/>\nCe porte rouleau est fabriqu\u00e9 en plastique gris mat de haute qualit\u00e9 et r\u00e9sistance.<br \/>\nFermeture \u00e0 cl\u00e9 &#8211; partie frontale totalement abattable pour faciliter le chargement.<br \/>\nT\u00e9moin frontal de charge.<br \/>\nChargement de 2 rouleaux de papier toilette domestique.<br \/>\nLe rouleau en r\u00e9serve accessible automatiquement par un syst\u00e8me de porte glissi\u00e8re lorsque le pr\u00e9c\u00e9dent est termin\u00e9.<br \/>\nDistribution assur\u00e9e dans un espace minimum.<br \/>\nRobuste et r\u00e9sistant &#8211; de longue dur\u00e9e.<br \/>\nModerne, \u00e9l\u00e9gant et d\u00e9coratif.<br \/>\nFacile d&rsquo;entretien et facile \u00e0 nettoyer.<br \/>\nInt\u00e9gration facile dans tous types d&rsquo;installations et de d\u00e9corations.<br \/>\nIndiqu\u00e9 pour les \u00e9tablissement moyennement\/hautement fr\u00e9quent\u00e9s.<br \/>\nRecommand\u00e9 pour les collectivit\u00e9s et les W.C. publics.<\/p>\n<p>&nbsp;<\/p>\n<h3><strong>Sp\u00e9cification technique:<\/strong><\/h3>\n<p>Mod\u00e8le fort anti vandalisme.<br \/>\n1 rouleau en r\u00e9serve.<br \/>\nVerrouillage par serrure \u00e0 clef<br \/>\nContr\u00f4le de niveau.<br \/>\nFinition satin\u00e9.<\/p>\n<p>Adapt\u00e9e pour:<br \/>\n<a href=\"http:\/\/gator4082.temp.domains\/~aquatiss\/nos-produits\/papiers-hygienique-a-02-plis-2\/\">Papiers hygi\u00e9nique \u00e0 02 plis 670.11340809<\/a><\/p>\n","protected":false},"excerpt":{"rendered":"<p>Mod\u00e8le fort anti vandalisme.<br \/>\n1 rouleau en r\u00e9serve.<br \/>\nVerrouillage par serrure \u00e0 clef<br \/>\nContr\u00f4le de niveau.<br \/>\nFinition satin\u00e9.<\/p>\n","protected":false},"featured_media":16165,"comment_status":"open","ping_status":"closed","template":"","meta":[],"product_cat":[120],"product_tag":[237,1534],"class_list":["post-16164","product","type-product","status-publish","has-post-thumbnail","hentry","product_cat-distributeur-papier","product_tag-distributeur-de-papier","product_tag-new","pa_color-satine","pa_domaine-collectivites","pa_domaine-entreprise","pa_domaine-food","pa_domaine-hotel","pa_domaine-industrie","pa_domaine-medical","pa_domaine-proprete"],"_links":{"self":[{"href":"https:\/\/aquatiss.com.tn\/fr\/wp-json\/wp\/v2\/product\/16164","targetHints":{"allow":["GET"]}}],"collection":[{"href":"https:\/\/aquatiss.com.tn\/fr\/wp-json\/wp\/v2\/product"}],"about":[{"href":"https:\/\/aquatiss.com.tn\/fr\/wp-json\/wp\/v2\/types\/product"}],"replies":[{"embeddable":true,"href":"https:\/\/aquatiss.com.tn\/fr\/wp-json\/wp\/v2\/comments?post=16164"}],"wp:featuredmedia":[{"embeddable":true,"href":"https:\/\/aquatiss.com.tn\/fr\/wp-json\/wp\/v2\/media\/16165"}],"wp:attachment":[{"href":"https:\/\/aquatiss.com.tn\/fr\/wp-json\/wp\/v2\/media?parent=16164"}],"wp:term":[{"taxonomy":"product_cat","embeddable":true,"href":"https:\/\/aquatiss.com.tn\/fr\/wp-json\/wp\/v2\/product_cat?post=16164"},{"taxonomy":"product_tag","embeddable":true,"href":"https:\/\/aquatiss.com.tn\/fr\/wp-json\/wp\/v2\/product_tag?post=16164"}],"curies":[{"name":"wp","href":"https:\/\/api.w.org\/{rel}","templated":true}]}}