{"id":16948,"date":"2020-02-05T11:44:02","date_gmt":"2020-02-05T11:44:02","guid":{"rendered":"http:\/\/gator4082.temp.domains\/~aquatiss\/?post_type=product&#038;p=16948"},"modified":"2025-11-18T15:23:37","modified_gmt":"2025-11-18T15:23:37","slug":"presse-agrumes-classic-11-santos-130watt","status":"publish","type":"product","link":"https:\/\/aquatiss.com.tn\/fr\/produit\/presse-agrumes-classic-11-santos-130watt\/","title":{"rendered":"Presse agrumes CLASSIC 11 Santos 130watt"},"content":{"rendered":"<p>Presse agrumes CLASSIC 11 Santos 130watt<\/p>\n<h5><b>L&rsquo;authentique presse-agrumes Santos agrumes \u00e9lectriques depuis 1954, \u00e0 utiliser partout o\u00f9 l&rsquo;on consomme du jus d&rsquo;agrumes fra\u00eechement press\u00e9: boutiques de di\u00e9t\u00e9tique, h\u00f4tels, bars, restaurants, collectivit\u00e9s\u2026<\/b><\/h5>\n<p>est aussi un extracteur de jus destin\u00e9 \u00e0 presser le jus des agrumes comme le citron ou le citron vert cuisine pour les professionnelle<\/p>\n<p>Presse-agrumes professionnel, construit pour durer, \u00e9quip\u00e9 d&rsquo;un moteur asynchrone robuste et silencieux.<\/p>\n<p>Livr\u00e9 avec 3 ogives amovibles pour citrons, citrons verts, oranges et pamplemousses.<\/p>\n<p>Facile \u00e0 nettoyer: cuve, grille et ogive amovibles.<\/p>\n<p>Hauteur du bec: 125 mm (5&Prime;), pour r\u00e9aliser du jus au verre \u00e0 verre.<\/p>\n<p>D\u00e9bit moyen: 30l\/h<\/p>\n<h3>CARACT\u00c9RISTIQUES TECHNIQUES<\/h3>\n<div class=\"block_slide\">\n<div>\n<p>Moteur<\/p>\n<\/div>\n<p>Monophas\u00e9\u00a0 \u00a0 \u00a0 \u00a0 \u00a0 \u00a0 \u00a0 \u00a0 \u00a0 \u00a0 \u00a0 \u00a0 \u00a0 \u00a0 \u00a0 \u00a0220-240V &#8211; 50\/60 Hz &#8211; 130 W-100-120V &#8211; 50\/60 Hz &#8211; 155 W<br \/>\nVitesse\u00a0 \u00a0 \u00a0 \u00a0 \u00a0 \u00a0 \u00a0 \u00a0 \u00a0 \u00a0 \u00a0 \u00a0 \u00a0 \u00a0 \u00a0 \u00a0 \u00a0 \u00a0 \u00a0 \u00a01500 tr\/min (50 Hz)<br \/>\n1800 tr\/min (60 Hz)<br \/>\nPoids Poids net\u00a0 \u00a0 \u00a0 \u00a0 \u00a0 \u00a0 \u00a0 \u00a0 \u00a0 \u00a0 \u00a0 \u00a0 5 Kg (11 lbs)<br \/>\nEmball\u00e9\u00a0 \u00a0 \u00a0 \u00a0 \u00a0 \u00a0 \u00a0 \u00a0 \u00a0 \u00a0 \u00a0 \u00a0 \u00a0 \u00a0 \u00a0 \u00a0 \u00a0 \u00a0 \u00a05.6 Kg (12 lbs)<\/p>\n<p>Dimensions Appareil Emball\u00e9 (boite)<br \/>\nHauteur\u00a0 \u00a0 \u00a0 \u00a0 \u00a0 \u00a0 \u00a0 \u00a0 \u00a0 \u00a0 \u00a0 \u00a0 \u00a0 \u00a0 \u00a0 \u00a0 \u00a0 \u00a0350 mm (14&Prime;) 400 mm (16&Prime;)<br \/>\nLargeur\u00a0 \u00a0 \u00a0 \u00a0 \u00a0 \u00a0 \u00a0 \u00a0 \u00a0 \u00a0 \u00a0 \u00a0 \u00a0 \u00a0 \u00a0 \u00a0 \u00a0 \u00a0 200 mm (8&Prime;) 255 mm (10&Prime;)<br \/>\nProfondeur\u00a0 \u00a0 \u00a0 \u00a0 \u00a0 \u00a0 \u00a0 \u00a0 \u00a0 \u00a0 \u00a0 \u00a0 \u00a0 \u00a0 \u00a0 300 mm (12&Prime;) 340 mm (13&Prime;)<br \/>\nHauteur du bec\u00a0 \u00a0 \u00a0 \u00a0 \u00a0 \u00a0 \u00a0 \u00a0 \u00a0 \u00a0 \u00a0 \u00a0125 mm (5&Prime;)<br \/>\nVolume emball\u00e9 :\u00a0 \u00a0 \u00a0 \u00a0 \u00a0 \u00a0 \u00a0 \u00a0 \u00a0 \u00a00.035 m3 (1.3 cubic feet)<\/p>\n<div>\n<p>&nbsp;<\/p>\n<\/div>\n<div>\n<div class=\"standard-compliance\">\n<p><a href=\"http:\/\/info.nsf.org\/Certified\/Food\/Listings.asp?TradeName=&amp;CompanyName=SANTOS&amp;PlantState=&amp;PlantCountry=&amp;PlantRegion=&amp;Standard=008&amp;search=SEARCH\" target=\"_blank\" rel=\"noopener\"><img decoding=\"async\" src=\"https:\/\/www.santos.fr\/media\/ftp\/normes\/NSF.png\" alt=\"NSF\" class=\"no-lazyload\" \/><\/a><img decoding=\"async\" src=\"https:\/\/www.santos.fr\/media\/ftp\/normes\/CE.png\" alt=\"CE\" class=\"no-lazyload\" \/><img decoding=\"async\" src=\"https:\/\/www.santos.fr\/media\/ftp\/normes\/RoHs.jpg\" alt=\"RoHs\" class=\"no-lazyload\" \/><\/p>\n<\/div>\n<\/div>\n<div>\n<p>&nbsp;<\/p>\n<\/div>\n<\/div>\n","protected":false},"excerpt":{"rendered":"<p><strong><span style=\"color: #ff0000;\">Garantie : 1 ans<\/span><\/strong><\/p>\n<p>L&rsquo;authentique presse-agrumes Santos <strong><span style=\"font-size: 14pt;\">130watt<\/span><\/strong> depuis 1954, \u00e0 utiliser partout o\u00f9 l&rsquo;on consomme du jus d&rsquo;agrumes fra\u00eechement press\u00e9 Citron fruits jus d&rsquo;orange : boutiques de di\u00e9t\u00e9tique, h\u00f4tels, bars, restaurants, collectivit\u00e9s&#8230;<\/p>\n[maxbutton id=\"2\" url=\"http:\/\/gator4082.temp.domains\/~aquatiss\/wp-content\/uploads\/2020\/02\/SANTOS_11-presse-agrumes-72.pdf\" ]\n","protected":false},"featured_media":23554,"comment_status":"open","ping_status":"closed","template":"","meta":[],"product_cat":[572],"product_tag":[],"class_list":["post-16948","product","type-product","status-publish","has-post-thumbnail","hentry","product_cat-presse-agrumes"],"_links":{"self":[{"href":"https:\/\/aquatiss.com.tn\/fr\/wp-json\/wp\/v2\/product\/16948","targetHints":{"allow":["GET"]}}],"collection":[{"href":"https:\/\/aquatiss.com.tn\/fr\/wp-json\/wp\/v2\/product"}],"about":[{"href":"https:\/\/aquatiss.com.tn\/fr\/wp-json\/wp\/v2\/types\/product"}],"replies":[{"embeddable":true,"href":"https:\/\/aquatiss.com.tn\/fr\/wp-json\/wp\/v2\/comments?post=16948"}],"wp:featuredmedia":[{"embeddable":true,"href":"https:\/\/aquatiss.com.tn\/fr\/wp-json\/wp\/v2\/media\/23554"}],"wp:attachment":[{"href":"https:\/\/aquatiss.com.tn\/fr\/wp-json\/wp\/v2\/media?parent=16948"}],"wp:term":[{"taxonomy":"product_cat","embeddable":true,"href":"https:\/\/aquatiss.com.tn\/fr\/wp-json\/wp\/v2\/product_cat?post=16948"},{"taxonomy":"product_tag","embeddable":true,"href":"https:\/\/aquatiss.com.tn\/fr\/wp-json\/wp\/v2\/product_tag?post=16948"}],"curies":[{"name":"wp","href":"https:\/\/api.w.org\/{rel}","templated":true}]}}