{"id":1707,"date":"2017-01-06T11:27:50","date_gmt":"2017-01-06T10:27:50","guid":{"rendered":"http:\/\/gator4082.temp.domains\/~aquatiss\/?post_type=product&#038;p=1707"},"modified":"2017-01-06T13:38:55","modified_gmt":"2017-01-06T12:38:55","slug":"pulverisateur-de-mousse-inox-24l-6bar","status":"publish","type":"product","link":"https:\/\/aquatiss.com.tn\/fr\/produit\/pulverisateur-de-mousse-inox-24l-6bar\/","title":{"rendered":"Pulv\u00e9risateur de mousse inox 24L 6bars"},"content":{"rendered":"<p>Les vaporisateurs de mousse en continu n\u00e9cessitent une liaison permanente \u00e0 un compresseur d&rsquo;air, de cette fa\u00e7on l&rsquo;air est m\u00e9lang\u00e9 aux produits chimiques cr\u00e9ant une mousse douce et volumineuse qui reste en surface.<br \/>\nIl traite de grandes surfaces ou de la salet\u00e9 incrust\u00e9e (ainsi que sur les plafonds et sur des murs inclin\u00e9s).<br \/>\nIl travaille \u00e0 haute pression.<br \/>\nIl utilise des r\u00e9servoirs de grande capacit\u00e9 en acier ou en inox pour permettre une grande autonomie de travail.<br \/>\nCe pulv\u00e9risateur de mousse \u00e0 une capacit\u00e9 de 24 litres avec une pression de travail de 6 bars. <\/p>\n","protected":false},"excerpt":{"rendered":"<p>Il travaille \u00e0 haute pression.<br \/>\nIl utilise des r\u00e9servoirs de grande capacit\u00e9 en acier ou en inox pour permettre une grande autonomie de travail.<br \/>\nCe pulv\u00e9risateur de mousse \u00e0 une capacit\u00e9 de 24 litres avec une pression de travail de 6 bars. <\/p>\n","protected":false},"featured_media":1710,"comment_status":"open","ping_status":"closed","template":"","meta":[],"product_cat":[105],"product_tag":[342],"class_list":["post-1707","product","type-product","status-publish","has-post-thumbnail","hentry","product_cat-service","product_tag-pulverisateur","pa_domaine-hotel","pa_domaine-industrie","pa_domaine-medical","pa_material-inox"],"_links":{"self":[{"href":"https:\/\/aquatiss.com.tn\/fr\/wp-json\/wp\/v2\/product\/1707","targetHints":{"allow":["GET"]}}],"collection":[{"href":"https:\/\/aquatiss.com.tn\/fr\/wp-json\/wp\/v2\/product"}],"about":[{"href":"https:\/\/aquatiss.com.tn\/fr\/wp-json\/wp\/v2\/types\/product"}],"replies":[{"embeddable":true,"href":"https:\/\/aquatiss.com.tn\/fr\/wp-json\/wp\/v2\/comments?post=1707"}],"wp:featuredmedia":[{"embeddable":true,"href":"https:\/\/aquatiss.com.tn\/fr\/wp-json\/wp\/v2\/media\/1710"}],"wp:attachment":[{"href":"https:\/\/aquatiss.com.tn\/fr\/wp-json\/wp\/v2\/media?parent=1707"}],"wp:term":[{"taxonomy":"product_cat","embeddable":true,"href":"https:\/\/aquatiss.com.tn\/fr\/wp-json\/wp\/v2\/product_cat?post=1707"},{"taxonomy":"product_tag","embeddable":true,"href":"https:\/\/aquatiss.com.tn\/fr\/wp-json\/wp\/v2\/product_tag?post=1707"}],"curies":[{"name":"wp","href":"https:\/\/api.w.org\/{rel}","templated":true}]}}