{"id":17087,"date":"2019-05-14T09:06:56","date_gmt":"2019-05-14T09:06:56","guid":{"rendered":"http:\/\/gator4082.temp.domains\/~aquatiss\/?post_type=product&#038;p=17087"},"modified":"2019-05-30T12:45:00","modified_gmt":"2019-05-30T12:45:00","slug":"desodorisants-400-ml-green-world","status":"publish","type":"product","link":"https:\/\/aquatiss.com.tn\/fr\/produit\/desodorisants-400-ml-green-world\/","title":{"rendered":"D\u00e9sodorisants 400 ml Green World"},"content":{"rendered":"<p>D\u00e9sodorisant 400 ml Green World<\/p>\n<p>D\u00e9sodorisant id\u00e9al pour parfumer n\u2019importe quelle ambiance<\/p>\n<h4>3en1:<\/h4>\n<p>\u00c9limine les odeurs d\u00e9sagr\u00e9able<br \/>\nDonne une sensation de fraicheur<br \/>\nRenouvelle l\u2019air \u00e0 l\u2019int\u00e9rieur<\/p>\n<p><strong>Cuisine: <\/strong><br \/>\nRafra\u00eechissez votre air de cuisine avec le d\u00e9sodorisant Green World et d\u00e9barrassez-vous des odeurs persistantes.<br \/>\n<strong><br \/>\nSalle de bain et toilettes:<\/strong><br \/>\nIl neutralise les odeurs d\u00e9sagr\u00e9ables dans la salle de bain et les toilettes et donne une odeur fra\u00eeche.<\/p>\n<p>Le d\u00e9sodorisant Green World \u00e9limine l\u2019odeur d\u00e9sagr\u00e9able caus\u00e9e par les animaux domestiques et donne une sensation de fra\u00eecheur.<\/p>\n","protected":false},"excerpt":{"rendered":"<p>\u00c9limine les odeurs d\u00e9sagr\u00e9able<br \/>\nDonne une sensation de fraicheur<br \/>\nRenouvelle l&rsquo;air \u00e0 l&rsquo;int\u00e9rieur<\/p>\n","protected":false},"featured_media":18095,"comment_status":"open","ping_status":"closed","template":"","meta":[],"product_cat":[115,406],"product_tag":[838],"class_list":["post-17087","product","type-product","status-publish","has-post-thumbnail","hentry","product_cat-desodorisant","product_cat-droguerie","product_tag-desodorisant","pa_contenance-400ml","pa_parfum-lavande","pa_parfum-lily","pa_parfum-rose"],"_links":{"self":[{"href":"https:\/\/aquatiss.com.tn\/fr\/wp-json\/wp\/v2\/product\/17087","targetHints":{"allow":["GET"]}}],"collection":[{"href":"https:\/\/aquatiss.com.tn\/fr\/wp-json\/wp\/v2\/product"}],"about":[{"href":"https:\/\/aquatiss.com.tn\/fr\/wp-json\/wp\/v2\/types\/product"}],"replies":[{"embeddable":true,"href":"https:\/\/aquatiss.com.tn\/fr\/wp-json\/wp\/v2\/comments?post=17087"}],"wp:featuredmedia":[{"embeddable":true,"href":"https:\/\/aquatiss.com.tn\/fr\/wp-json\/wp\/v2\/media\/18095"}],"wp:attachment":[{"href":"https:\/\/aquatiss.com.tn\/fr\/wp-json\/wp\/v2\/media?parent=17087"}],"wp:term":[{"taxonomy":"product_cat","embeddable":true,"href":"https:\/\/aquatiss.com.tn\/fr\/wp-json\/wp\/v2\/product_cat?post=17087"},{"taxonomy":"product_tag","embeddable":true,"href":"https:\/\/aquatiss.com.tn\/fr\/wp-json\/wp\/v2\/product_tag?post=17087"}],"curies":[{"name":"wp","href":"https:\/\/api.w.org\/{rel}","templated":true}]}}