{"id":17217,"date":"2020-02-07T17:00:54","date_gmt":"2020-02-07T17:00:54","guid":{"rendered":"http:\/\/gator4082.temp.domains\/~aquatiss\/?post_type=product&#038;p=17217"},"modified":"2023-09-29T07:58:27","modified_gmt":"2023-09-29T07:58:27","slug":"moulin-cafe-espresso-bar-santos","status":"publish","type":"product","link":"https:\/\/aquatiss.com.tn\/fr\/produit\/moulin-cafe-espresso-bar-santos\/","title":{"rendered":"Moulin caf\u00e9 Espresso bar Santos"},"content":{"rendered":"<p>Moulin caf\u00e9 Espresso bar Santos<\/p>\n<p>Ce moulin silencieux trouve sa place sur les comptoirs, en compl\u00e9ment de la traditionnelle <a href=\"http:\/\/gator4082.temp.domains\/~aquatiss\/?post_type=product&amp;s=conti&amp;asp_active=1&amp;p_asid=1&amp;p_asp_data=Y3VycmVudF9wYWdlX2lkPTE3MjE3Jndvb19jdXJyZW5jeT1UTkQmcXRyYW5zbGF0ZV9sYW5nPTAmYXNwX2dlbiU1QiU1RD10aXRsZSZhc3BfZ2VuJTVCJTVEPWNvbnRlbnQmYXNwX2dlbiU1QiU1RD1leGNlcnB0JmN1c3RvbXNldCU1QiU1RD1wcm9kdWN0\">machine espresso 1, 2 ou 3 groupes.<\/a><\/p>\n<p>R\u00e9glage de pr\u00e9cision:\u00a0meules de \u00d8 63,5 mm con\u00e7ues et fabriqu\u00e9es par Santos pour une mouture de qualit\u00e9, pr\u00e9cise et fine.<\/p>\n<p>R\u00e9gularit\u00e9 de la dose distribu\u00e9e:\u00a0doseur volum\u00e9trique de pr\u00e9cision. R\u00e9glage facile de la dose (de 6,5 \u00e0 9 grammes).<\/p>\n<p>Remplissage automatique du doseur pour garder un niveau constant du caf\u00e9 moulu dans le doseur (le moteur d\u00e9marre et s&rsquo;arr\u00eate automatiquement).<\/p>\n<p>&nbsp;<\/p>\n<h5><strong>Points Forts<\/strong><\/h5>\n<p>Silencieux : 63 dB<br \/>\nPuissant: moteur professionnel asynchrone.<br \/>\nContenance de la tr\u00e9mie: 2.2 Kg.<br \/>\nVersion avec presse poudre mobile: R\u00e9f. 40A PPM<br \/>\nD\u00e9bit moyen: 8 kg\/h<\/p>\n","protected":false},"excerpt":{"rendered":"<p><span style=\"color: #000000;\"><b>Moulin \u00e0 caf\u00e9 le plus silencieux du march\u00e9. L&rsquo;appareil id\u00e9al pour servir un caf\u00e9 espresso de qualit\u00e9.\u00a0<\/b><\/span><br \/>\ndistribution du caf\u00e9 par doseur volum\u00e9trique tr\u00e8s pr\u00e9cis, le must !<br \/>\nLes meules de broyage du caf\u00e9 sont l&rsquo;un des savoir-faire d&rsquo;origine de SANTOS, qui commercialise depuis 1954 des appareils exclusivement professionnels.<\/p>\n","protected":false},"featured_media":17226,"comment_status":"open","ping_status":"closed","template":"","meta":[],"product_cat":[1990,2016,155],"product_tag":[],"class_list":["post-17217","product","type-product","status-publish","has-post-thumbnail","hentry","product_cat-moulin","product_cat-moulin-a-cafe","product_cat-pause-cafe"],"_links":{"self":[{"href":"https:\/\/aquatiss.com.tn\/fr\/wp-json\/wp\/v2\/product\/17217","targetHints":{"allow":["GET"]}}],"collection":[{"href":"https:\/\/aquatiss.com.tn\/fr\/wp-json\/wp\/v2\/product"}],"about":[{"href":"https:\/\/aquatiss.com.tn\/fr\/wp-json\/wp\/v2\/types\/product"}],"replies":[{"embeddable":true,"href":"https:\/\/aquatiss.com.tn\/fr\/wp-json\/wp\/v2\/comments?post=17217"}],"wp:featuredmedia":[{"embeddable":true,"href":"https:\/\/aquatiss.com.tn\/fr\/wp-json\/wp\/v2\/media\/17226"}],"wp:attachment":[{"href":"https:\/\/aquatiss.com.tn\/fr\/wp-json\/wp\/v2\/media?parent=17217"}],"wp:term":[{"taxonomy":"product_cat","embeddable":true,"href":"https:\/\/aquatiss.com.tn\/fr\/wp-json\/wp\/v2\/product_cat?post=17217"},{"taxonomy":"product_tag","embeddable":true,"href":"https:\/\/aquatiss.com.tn\/fr\/wp-json\/wp\/v2\/product_tag?post=17217"}],"curies":[{"name":"wp","href":"https:\/\/api.w.org\/{rel}","templated":true}]}}