{"id":17718,"date":"2019-05-29T14:57:44","date_gmt":"2019-05-29T14:57:44","guid":{"rendered":"http:\/\/gator4082.temp.domains\/~aquatiss\/?post_type=product&#038;p=17718"},"modified":"2019-05-29T20:50:57","modified_gmt":"2019-05-29T20:50:57","slug":"neutralisateur-dodeurs-stanhome-desodorisant-maison-200-ml","status":"publish","type":"product","link":"https:\/\/aquatiss.com.tn\/fr\/produit\/neutralisateur-dodeurs-stanhome-desodorisant-maison-200-ml\/","title":{"rendered":"Neutralisateur d&rsquo;odeurs STANHOME d\u00e9sodorisant maison"},"content":{"rendered":"<p>Neutralisateur d&rsquo;odeurs STANHOME d\u00e9sodorisant maison<\/p>\n<h5>d\u00e9sodorisant \u00e9limine imm\u00e9diatement et durablement les mauvaises odeurs dans la maison<\/h5>\n<p>Neutralisateur d&rsquo;odeurs STANHOME d\u00e9sodorisant maison combat et neutralise les mauvaises odeurs pr\u00e9sentes dans votre maison(friture, poisson\u2026). Il fait dispara\u00eetre imm\u00e9diatement les mauvaises odeurs et laisse un parfum frais et fruit\u00e9.<\/p>\n<p>il vient \u00e0 bout des mauvaises odeurs tenaces de toute votre superficie.<\/p>\n<h5>Conseils d&rsquo;utilisation :<\/h5>\n<p>-Agiter avant utilisation.<\/p>\n<p>-Tenir l&rsquo;a\u00e9rosol vertical et vaporiser le produit vers le centre de la pi\u00e8ce, pendant 2 \u00e0 4 secondes en fonction de la taille de la pi\u00e8ce.<\/p>\n<div class=\"panel-pane pane-entity-field pane-node-field-usage\">\n<div class=\"pane-content\">\n<div class=\"field field-name-field-usage field-type-text-long field-label-above\">\n<h5 class=\"field-label\">Conseils d&rsquo;utilisation :<\/h5>\n<div class=\"field-items\">\n<div class=\"field-item even\">\n<p>&#8211; Agiter avant utilisation.<\/p>\n<p>-Ne pas vaporiser en direction des aliments.<\/p>\n<div>\n<div><img decoding=\"async\" src=\"https:\/\/d3l30crj0lz8cn.cloudfront.net\/prod\/s3fs-public\/thumbnails\/image\/flammable.png\" alt=\"Corrosif\" class=\"no-lazyload\" \/><\/div>\n<div>\n<p><img decoding=\"async\" src=\"https:\/\/d3l30crj0lz8cn.cloudfront.net\/prod\/s3fs-public\/thumbnails\/image\/health_hazard.png\" alt=\"\" class=\"no-lazyload\" \/>DANGER. Dangereux. Respecter les pr\u00e9cautions d&#8217;emploi.\u00a0A\u00e9rosol extr\u00eamement inflammable. R\u00e9cipient sous pression : peut \u00e9clater sous l&rsquo;effet de la chaleur. Provoque une s\u00e9v\u00e8re irritation des yeux.<\/p>\n<p>Une attention particuli\u00e8re est recommand\u00e9e aux personnes pr\u00e9sentant une sensibilit\u00e9 aux substances par fumantes lors de l&rsquo;utilisation de ce produit. Utiliser des d\u00e9sodorisants ne dispense pas de suivre de bonnes pratiques d\u2019hygi\u00e8ne.<\/p>\n<\/div>\n<\/div>\n<\/div>\n<\/div>\n<\/div>\n<\/div>\n<\/div>\n","protected":false},"excerpt":{"rendered":"<p><strong><span style=\"color: #ff0000;\">LA NEUTRALISATION CIBL\u00c9E 200 ml<\/span><\/strong><br \/>\nNeutralisateur d&rsquo;odeurs STANHOME d\u00e9sodorisant maison combat et neutralise les mauvaises odeurs pr\u00e9sentes dans votre maison(friture, poisson\u2026). Il fait dispara\u00eetre imm\u00e9diatement les mauvaises odeurs et laisse un parfum frais et fruit\u00e9<\/p>\n<p>&nbsp;<\/p>\n","protected":false},"featured_media":17719,"comment_status":"open","ping_status":"closed","template":"","meta":[],"product_cat":[115],"product_tag":[697,838,1693],"class_list":["post-17718","product","type-product","status-publish","has-post-thumbnail","hentry","product_cat-desodorisant","product_tag-aerosol","product_tag-desodorisant","product_tag-vaporisateur","pa_contenance-200ml"],"_links":{"self":[{"href":"https:\/\/aquatiss.com.tn\/fr\/wp-json\/wp\/v2\/product\/17718","targetHints":{"allow":["GET"]}}],"collection":[{"href":"https:\/\/aquatiss.com.tn\/fr\/wp-json\/wp\/v2\/product"}],"about":[{"href":"https:\/\/aquatiss.com.tn\/fr\/wp-json\/wp\/v2\/types\/product"}],"replies":[{"embeddable":true,"href":"https:\/\/aquatiss.com.tn\/fr\/wp-json\/wp\/v2\/comments?post=17718"}],"wp:featuredmedia":[{"embeddable":true,"href":"https:\/\/aquatiss.com.tn\/fr\/wp-json\/wp\/v2\/media\/17719"}],"wp:attachment":[{"href":"https:\/\/aquatiss.com.tn\/fr\/wp-json\/wp\/v2\/media?parent=17718"}],"wp:term":[{"taxonomy":"product_cat","embeddable":true,"href":"https:\/\/aquatiss.com.tn\/fr\/wp-json\/wp\/v2\/product_cat?post=17718"},{"taxonomy":"product_tag","embeddable":true,"href":"https:\/\/aquatiss.com.tn\/fr\/wp-json\/wp\/v2\/product_tag?post=17718"}],"curies":[{"name":"wp","href":"https:\/\/api.w.org\/{rel}","templated":true}]}}