{"id":17807,"date":"2020-01-06T15:18:53","date_gmt":"2020-01-06T15:18:53","guid":{"rendered":"http:\/\/gator4082.temp.domains\/~aquatiss\/?post_type=product&#038;p=17807"},"modified":"2020-01-06T16:03:15","modified_gmt":"2020-01-06T16:03:15","slug":"guide-file-a-sangle-mural","status":"publish","type":"product","link":"https:\/\/aquatiss.com.tn\/fr\/produit\/guide-file-a-sangle-mural\/","title":{"rendered":"Guide file  \u00e0 sangle mural"},"content":{"rendered":"<p>Guide file \u00e0 sangle mural<\/p>\n<p>Une barri\u00e8re \u00e0 sangle r\u00e9tractable murale de grande qualit\u00e9 au meilleur prix!<br \/>\nBarri\u00e8re \u00e0 sangle r\u00e9tractable finitions possible sangle noir, rouge, bleu<br \/>\npersonnalisable (en option)<\/p>\n<p>Permettant d\u2019interdire facilement l\u2019entr\u00e9e d\u2019une zone et la gestion file d\u2019attente<\/p>\n<p>La t\u00eate\/boitier est fixe (non-orientable) et s\u2019installe sur le mur \u00e0 l\u2019aide d\u2019une platine \u00e0 visser<br \/>\nmat\u00e9riel de fixation fourni).<\/p>\n<p>Un enjoliveur noir se positionne par-dessus afin de cacher l\u2019enrouleur de sangle.<br \/>\nLe bo\u00eetier peut \u00eatre raccord\u00e9 directement \u00e0 un poteau ou \u00e0 un r\u00e9cepteur de sangle mural<br \/>\n(parfois appel\u00e9 sabot de fixation mural)<\/p>\n<p>&nbsp;<\/p>\n<h4>Description du produit<\/h4>\n<p>Enrouleur \u00e0 sangle avec support mural,<\/p>\n<p>Sangle d\u2019une \u00e9paisseur de 50 mm<\/p>\n<p>Longueur 1.50 a 2.00 m.<\/p>\n<p>Coloris disponibles ROUGE BLEU NOIR<\/p>\n<p>R\u00e9cepteur mural et fixations inclus.<\/p>\n","protected":false},"excerpt":{"rendered":"<p><strong><span style=\"color: #65b43d;\">D\u00e9lais de livraison: 10 \u00e0 15 jours<\/span><\/strong><\/p>\n<p>Une barri\u00e8re \u00e0 sangle r\u00e9tractable murale de grande qualit\u00e9 au meilleur prix!<br \/>\nPermettant d&rsquo;interdire facilement l&rsquo;entr\u00e9e d&rsquo;une zone et la gestion file d&rsquo;attente.<br \/>\nId\u00e9al dans les commerces pour bloquer l&rsquo;acc\u00e8s \u00e0 une caisse&#8230;<\/p>\n","protected":false},"featured_media":23087,"comment_status":"open","ping_status":"closed","template":"","meta":[],"product_cat":[552,864],"product_tag":[1662],"class_list":["post-17807","product","type-product","status-publish","has-post-thumbnail","hentry","product_cat-panneaux-directionnels","product_cat-poteaux-daccueil","product_tag-barrieres-murales","pa_color-noir","pa_color-rouge","pa_color-bleu","pa_material-aluminium"],"_links":{"self":[{"href":"https:\/\/aquatiss.com.tn\/fr\/wp-json\/wp\/v2\/product\/17807","targetHints":{"allow":["GET"]}}],"collection":[{"href":"https:\/\/aquatiss.com.tn\/fr\/wp-json\/wp\/v2\/product"}],"about":[{"href":"https:\/\/aquatiss.com.tn\/fr\/wp-json\/wp\/v2\/types\/product"}],"replies":[{"embeddable":true,"href":"https:\/\/aquatiss.com.tn\/fr\/wp-json\/wp\/v2\/comments?post=17807"}],"wp:featuredmedia":[{"embeddable":true,"href":"https:\/\/aquatiss.com.tn\/fr\/wp-json\/wp\/v2\/media\/23087"}],"wp:attachment":[{"href":"https:\/\/aquatiss.com.tn\/fr\/wp-json\/wp\/v2\/media?parent=17807"}],"wp:term":[{"taxonomy":"product_cat","embeddable":true,"href":"https:\/\/aquatiss.com.tn\/fr\/wp-json\/wp\/v2\/product_cat?post=17807"},{"taxonomy":"product_tag","embeddable":true,"href":"https:\/\/aquatiss.com.tn\/fr\/wp-json\/wp\/v2\/product_tag?post=17807"}],"curies":[{"name":"wp","href":"https:\/\/api.w.org\/{rel}","templated":true}]}}