{"id":17852,"date":"2019-06-03T10:42:20","date_gmt":"2019-06-03T10:42:20","guid":{"rendered":"http:\/\/gator4082.temp.domains\/~aquatiss\/?post_type=product&#038;p=17852"},"modified":"2019-06-04T09:53:52","modified_gmt":"2019-06-04T09:53:52","slug":"chariot-femme-de-chambre-a-2-sacs","status":"publish","type":"product","link":"https:\/\/aquatiss.com.tn\/fr\/produit\/chariot-femme-de-chambre-a-2-sacs\/","title":{"rendered":"Chariot femme de chambre \u00e0 2 sacs"},"content":{"rendered":"<p>Chariot femme de chambre \u00e0 2 sacs.<\/p>\n<p>Chariot en acier, l\u00e9ger, solide et maniable avec une construction solide qui offre un design \u00e0 la fois confortable et ergonomique. Une gamme d&rsquo;accessoires vous permet de configurer un \u00e9quipement parfaitement adapt\u00e9 \u00e0 vos besoins.<\/p>\n<h5>Chariot femme de chambre \u00e0 2 sacs livr\u00e9 avec :<\/h5>\n<p>&#8211; 2 sacs \u00e0 linge<\/p>\n<p>-sac \u00e0 linge amovibles<\/p>\n<p>-Sac \u00e0 linge lavable jusqu\u2019\u00e0 \u00a040\u00b0C<\/p>\n<p>Le chariot femme de chambre permet ainsi aux h\u00f4tels aux couloirs \u00e9troits d&rsquo;avoir un chariot \u00e0 leur mesure. Nombreuses options disponibles pour l&rsquo;adapter aux besoins op\u00e9rationnels.<\/p>\n","protected":false},"excerpt":{"rendered":"<p>Chariot femme de chambre \u00e0 2 sacs \u00e0 linge avec protection lat\u00e9rale en caoutchouc.<br \/>\nChariot en acier, l\u00e9ger, solide et maniable avec une construction solide qui offre un design \u00e0 la fois confortable et ergonomique.<\/p>\n","protected":false},"featured_media":18317,"comment_status":"open","ping_status":"closed","template":"","meta":[],"product_cat":[740],"product_tag":[1187,1712],"class_list":["post-17852","product","type-product","status-publish","has-post-thumbnail","hentry","product_cat-femme-de-chambre","product_tag-chariot-femme-de-chambre","product_tag-chariot-room-service","pa_domaine-hotel","pa_material-acier-laque"],"_links":{"self":[{"href":"https:\/\/aquatiss.com.tn\/fr\/wp-json\/wp\/v2\/product\/17852","targetHints":{"allow":["GET"]}}],"collection":[{"href":"https:\/\/aquatiss.com.tn\/fr\/wp-json\/wp\/v2\/product"}],"about":[{"href":"https:\/\/aquatiss.com.tn\/fr\/wp-json\/wp\/v2\/types\/product"}],"replies":[{"embeddable":true,"href":"https:\/\/aquatiss.com.tn\/fr\/wp-json\/wp\/v2\/comments?post=17852"}],"wp:featuredmedia":[{"embeddable":true,"href":"https:\/\/aquatiss.com.tn\/fr\/wp-json\/wp\/v2\/media\/18317"}],"wp:attachment":[{"href":"https:\/\/aquatiss.com.tn\/fr\/wp-json\/wp\/v2\/media?parent=17852"}],"wp:term":[{"taxonomy":"product_cat","embeddable":true,"href":"https:\/\/aquatiss.com.tn\/fr\/wp-json\/wp\/v2\/product_cat?post=17852"},{"taxonomy":"product_tag","embeddable":true,"href":"https:\/\/aquatiss.com.tn\/fr\/wp-json\/wp\/v2\/product_tag?post=17852"}],"curies":[{"name":"wp","href":"https:\/\/api.w.org\/{rel}","templated":true}]}}