{"id":1793,"date":"2017-01-09T11:41:05","date_gmt":"2017-01-09T10:41:05","guid":{"rendered":"http:\/\/gator4082.temp.domains\/~aquatiss\/produit\/poubelle-a-pedale-opera-brushed-steel\/"},"modified":"2017-10-02T12:45:52","modified_gmt":"2017-10-02T12:45:52","slug":"poubelle-a-pedale-opera-brushed-steel","status":"publish","type":"product","link":"https:\/\/aquatiss.com.tn\/fr\/produit\/poubelle-a-pedale-opera-brushed-steel\/","title":{"rendered":"Poubelle \u00e0 p\u00e9dale Op\u00e9ra BRUSHED STEEL"},"content":{"rendered":"<p>Poubelle \u00e0 p\u00e9dale en acier bross\u00e9  avec seau en plastique<br \/>\nOuverture \u00e0 p\u00e9dale<br \/>\nSeau int\u00e9rieur amovible en plastique \u00e9quip\u00e9 d\u2019une anse<br \/>\nFacile \u00e0 vider et \u00e0 nettoyer<br \/>\nBase esth\u00e9tique en ABS glossy<br \/>\nRev\u00eatement anti-traces<\/p>\n","protected":false},"excerpt":{"rendered":"<p>Poubelle \u00e0 p\u00e9dale en acier bross\u00e9  avec seau en plastique<br \/>\nOuverture \u00e0 p\u00e9dale<br \/>\nSeau int\u00e9rieur amovible en plastique \u00e9quip\u00e9 d\u2019une anse<\/p>\n","protected":false},"featured_media":1771,"comment_status":"open","ping_status":"closed","template":"","meta":[],"product_cat":[108,293,300,295],"product_tag":[278,208],"class_list":["post-1793","product","type-product","status-publish","has-post-thumbnail","hentry","product_cat-hygiene","product_cat-poubelles","product_cat-poubelles-a-pedale","product_cat-poubelles-interieure","product_tag-poubelle","product_tag-poubelle-a-pedale","pa_contenance-14l","pa_contenance-214","pa_domaine-entreprise","pa_domaine-medical","pa_domaine-proprete","pa_material-inox"],"_links":{"self":[{"href":"https:\/\/aquatiss.com.tn\/fr\/wp-json\/wp\/v2\/product\/1793","targetHints":{"allow":["GET"]}}],"collection":[{"href":"https:\/\/aquatiss.com.tn\/fr\/wp-json\/wp\/v2\/product"}],"about":[{"href":"https:\/\/aquatiss.com.tn\/fr\/wp-json\/wp\/v2\/types\/product"}],"replies":[{"embeddable":true,"href":"https:\/\/aquatiss.com.tn\/fr\/wp-json\/wp\/v2\/comments?post=1793"}],"wp:featuredmedia":[{"embeddable":true,"href":"https:\/\/aquatiss.com.tn\/fr\/wp-json\/wp\/v2\/media\/1771"}],"wp:attachment":[{"href":"https:\/\/aquatiss.com.tn\/fr\/wp-json\/wp\/v2\/media?parent=1793"}],"wp:term":[{"taxonomy":"product_cat","embeddable":true,"href":"https:\/\/aquatiss.com.tn\/fr\/wp-json\/wp\/v2\/product_cat?post=1793"},{"taxonomy":"product_tag","embeddable":true,"href":"https:\/\/aquatiss.com.tn\/fr\/wp-json\/wp\/v2\/product_tag?post=1793"}],"curies":[{"name":"wp","href":"https:\/\/api.w.org\/{rel}","templated":true}]}}